{"id":1097,"date":"2020-11-19T15:56:51","date_gmt":"2020-11-19T15:56:51","guid":{"rendered":"http:\/\/127.0.0.1\/wordpress\/?page_id=1097"},"modified":"2025-10-08T16:16:33","modified_gmt":"2025-10-08T16:16:33","slug":"shop","status":"publish","type":"page","link":"https:\/\/toysankenkatehdas.fi\/en\/shop\/","title":{"rendered":"Shop"},"content":{"rendered":"<p>[et_pb_section fb_built=&#8221;1&#8243; disabled_on=&#8221;on|off|off&#8221; _builder_version=&#8221;4.16&#8243; _module_preset=&#8221;default&#8221; vertical_offset_tablet=&#8221;-125px&#8221; vertical_offset_phone=&#8221;&#8221; vertical_offset_last_edited=&#8221;on|tablet&#8221; custom_margin=&#8221;||||false|false&#8221; custom_margin_tablet=&#8221;||-80px||false|false&#8221; custom_margin_phone=&#8221;&#8221; custom_margin_last_edited=&#8221;on|tablet&#8221; custom_padding=&#8221;0px|||||&#8221; locked=&#8221;off&#8221; global_colors_info=&#8221;{}&#8221;][et_pb_row _builder_version=&#8221;4.16&#8243; _module_preset=&#8221;default&#8221; width=&#8221;100%&#8221; max_width=&#8221;100%&#8221; custom_padding=&#8221;0px||0px|||&#8221; global_colors_info=&#8221;{}&#8221;][et_pb_column type=&#8221;4_4&#8243; _builder_version=&#8221;4.16&#8243; _module_preset=&#8221;default&#8221; global_colors_info=&#8221;{}&#8221;][et_pb_image src=&#8221;https:\/\/toysankenkatehdas.fi\/wp-content\/uploads\/2020\/11\/banner_shop-scaled.jpg&#8221; title_text=&#8221;banner_shop&#8221; _builder_version=&#8221;4.16&#8243; _module_preset=&#8221;default&#8221; global_colors_info=&#8221;{}&#8221;][\/et_pb_image][\/et_pb_column][\/et_pb_row][\/et_pb_section][et_pb_section fb_built=&#8221;1&#8243; _builder_version=&#8221;4.16&#8243; _module_preset=&#8221;default&#8221; custom_margin_tablet=&#8221;&#8221; custom_margin_phone=&#8221;50px||||false|false&#8221; custom_margin_last_edited=&#8221;on|phone&#8221; custom_padding=&#8221;0px|||||&#8221; global_colors_info=&#8221;{}&#8221;][et_pb_row _builder_version=&#8221;4.16&#8243; _module_preset=&#8221;default&#8221; width=&#8221;95%&#8221; custom_margin=&#8221;|auto||auto|false|false&#8221; custom_padding=&#8221;0px|||||&#8221; global_colors_info=&#8221;{}&#8221;][et_pb_column type=&#8221;4_4&#8243; _builder_version=&#8221;4.16&#8243; _module_preset=&#8221;default&#8221; global_colors_info=&#8221;{}&#8221;][et_pb_text _builder_version=&#8221;4.16&#8243; _module_preset=&#8221;default&#8221; text_font=&#8221;Open Sans||||||||&#8221; text_text_color=&#8221;#4d4d4d&#8221; text_font_size=&#8221;18px&#8221; text_line_height=&#8221;33px&#8221; header_font=&#8221;Open Sans|600|||||||&#8221; header_text_align=&#8221;center&#8221; header_text_color=&#8221;#4d4d4d&#8221; header_font_size=&#8221;47px&#8221; header_line_height=&#8221;62px&#8221; text_orientation=&#8221;center&#8221; width=&#8221;68%&#8221; max_width=&#8221;1080px&#8221; module_alignment=&#8221;center&#8221; custom_margin=&#8221;0px||||false|false&#8221; custom_padding=&#8221;0px||||false|false&#8221; header_font_size_tablet=&#8221;&#8221; header_font_size_phone=&#8221;28px&#8221; header_font_size_last_edited=&#8221;on|phone&#8221; header_line_height_tablet=&#8221;&#8221; header_line_height_phone=&#8221;30px&#8221; header_line_height_last_edited=&#8221;on|phone&#8221; global_colors_info=&#8221;{}&#8221;]<\/p>\n<h1 style=\"text-align: center;\">Traditional Finnish footwear from 90 years<\/h1>\n<p>[\/et_pb_text][et_pb_text _builder_version=&#8221;4.16&#8243; _module_preset=&#8221;default&#8221; text_font=&#8221;Open Sans||||||||&#8221; text_text_color=&#8221;#4d4d4d&#8221; text_font_size=&#8221;18px&#8221; text_line_height=&#8221;1em&#8221; header_font=&#8221;Open Sans|600|||||||&#8221; header_text_align=&#8221;center&#8221; header_text_color=&#8221;#4d4d4d&#8221; header_font_size=&#8221;47px&#8221; header_line_height=&#8221;62px&#8221; text_orientation=&#8221;center&#8221; width=&#8221;95%&#8221; max_width=&#8221;1080px&#8221; module_alignment=&#8221;center&#8221; custom_margin=&#8221;-15px||20px||false|false&#8221; text_font_size_tablet=&#8221;&#8221; text_font_size_phone=&#8221;14px&#8221; text_font_size_last_edited=&#8221;on|phone&#8221; global_colors_info=&#8221;{}&#8221; text_line_height__hover_enabled=&#8221;off|desktop&#8221;]<\/p>\n<p style=\"text-align: center;\">Welcome to shopping! Order our shoes and other products here.<\/p>\n<p style=\"text-align: center;\">Shoe sizes may differ slightly from your normal shoe size - Check your correct shoe number on the converter before ordering <a href=\"#footsizecalc\">here<\/a>.<\/p>\n<p style=\"text-align: center;\"><strong>Huom! Valmistus on jouduttu lopettamaan kev\u00e4\u00e4ll\u00e4 2024 suutarien el\u00e4k\u00f6itymisien vuoksi. <\/strong><\/p>\n<p style=\"text-align: center;\"><strong>Verkkokaupassa loput tuotteet.<\/strong><br \/>\n<strong>Kivijalkakauppamme jatkaa toimintaansa T\u00f6ys\u00e4ss\u00e4 muiden valmistajien kenkien parissa.<\/strong><\/p>\n<p>[\/et_pb_text][et_pb_divider color=&#8221;#707070&#8243; _builder_version=&#8221;4.16&#8243; _module_preset=&#8221;default&#8221; vertical_offset=&#8221;43px&#8221; width=&#8221;45%&#8221; module_alignment=&#8221;center&#8221; global_colors_info=&#8221;{}&#8221;][\/et_pb_divider][et_pb_divider color=&#8221;#707070&#8243; _builder_version=&#8221;4.16&#8243; _module_preset=&#8221;default&#8221; width=&#8221;75%&#8221; module_alignment=&#8221;center&#8221; global_colors_info=&#8221;{}&#8221;][\/et_pb_divider][\/et_pb_column][\/et_pb_row][et_pb_row _builder_version=&#8221;4.16&#8243; _module_preset=&#8221;default&#8221; width=&#8221;70%&#8221; max_width=&#8221;1920px&#8221; custom_padding=&#8221;0px|||||&#8221; hover_enabled=&#8221;0&#8243; global_colors_info=&#8221;{}&#8221; sticky_enabled=&#8221;0&#8243;][et_pb_column type=&#8221;4_4&#8243; _builder_version=&#8221;4.16&#8243; _module_preset=&#8221;default&#8221; global_colors_info=&#8221;{}&#8221;][et_pb_shop posts_number=&#8221;15&#8243; show_pagination=&#8221;on&#8221; columns_number=&#8221;3&#8243; orderby=&#8221;date&#8221; module_id=&#8221;shop_widget&#8221; _builder_version=&#8221;4.27.4&#8243; _module_preset=&#8221;default&#8221; title_font=&#8221;Open Sans|600|||||||&#8221; title_text_align=&#8221;center&#8221; title_text_color=&#8221;#4d4d4d&#8221; title_font_size=&#8221;47px&#8221; title_line_height=&#8221;62px&#8221; price_font=&#8221;Open Sans|600||on|||||&#8221; price_text_align=&#8221;center&#8221; price_text_color=&#8221;#4d4d4d&#8221; price_font_size=&#8221;56px&#8221; price_line_height=&#8221;70px&#8221; sale_price_font=&#8221;Open Sans|600||on|||||&#8221; sale_price_text_color=&#8221;#4d4d4d&#8221; sale_price_font_size=&#8221;56px&#8221; text_orientation=&#8221;center&#8221; width=&#8221;100%&#8221; max_width=&#8221;1920px&#8221; module_alignment=&#8221;center&#8221; custom_padding=&#8221;||||false|false&#8221; hover_enabled=&#8221;0&#8243; global_colors_info=&#8221;{}&#8221; sticky_enabled=&#8221;0&#8243;][\/et_pb_shop][\/et_pb_column][\/et_pb_row][\/et_pb_section]<\/p>","protected":false},"excerpt":{"rendered":"<p>Perinteisi\u00e4 suomalaisia jalkineita 90 vuoden ajaltaTervetuloa ostoksille! Tilaa kenki\u00e4 ja muita tuotteitamme. Kenkien koot voivat poiketa hieman normaalista koostasi &#8211; Tarkista keng\u00e4nnumerosi laskurista ennen tilaamista t\u00e4\u00e4lt\u00e4. Huom! Valmistus on jouduttu lopettamaan kev\u00e4\u00e4ll\u00e4 2024 suutarien el\u00e4k\u00f6itymisien vuoksi. Verkkokaupassa loput tuotteet. Kivijalkakauppamme jatkaa toimintaansa T\u00f6ys\u00e4ss\u00e4 muiden valmistajien kenkien parissa.<\/p>","protected":false},"author":1,"featured_media":0,"parent":0,"menu_order":0,"comment_status":"closed","ping_status":"closed","template":"","meta":{"_et_pb_use_builder":"on","_et_pb_old_content":"<!-- wp:divi\/placeholder \/-->","_et_gb_content_width":"","footnotes":""},"class_list":["post-1097","page","type-page","status-publish","hentry"],"_links":{"self":[{"href":"https:\/\/toysankenkatehdas.fi\/en\/wp-json\/wp\/v2\/pages\/1097","targetHints":{"allow":["GET"]}}],"collection":[{"href":"https:\/\/toysankenkatehdas.fi\/en\/wp-json\/wp\/v2\/pages"}],"about":[{"href":"https:\/\/toysankenkatehdas.fi\/en\/wp-json\/wp\/v2\/types\/page"}],"author":[{"embeddable":true,"href":"https:\/\/toysankenkatehdas.fi\/en\/wp-json\/wp\/v2\/users\/1"}],"replies":[{"embeddable":true,"href":"https:\/\/toysankenkatehdas.fi\/en\/wp-json\/wp\/v2\/comments?post=1097"}],"version-history":[{"count":46,"href":"https:\/\/toysankenkatehdas.fi\/en\/wp-json\/wp\/v2\/pages\/1097\/revisions"}],"predecessor-version":[{"id":9677,"href":"https:\/\/toysankenkatehdas.fi\/en\/wp-json\/wp\/v2\/pages\/1097\/revisions\/9677"}],"wp:attachment":[{"href":"https:\/\/toysankenkatehdas.fi\/en\/wp-json\/wp\/v2\/media?parent=1097"}],"curies":[{"name":"wp","href":"https:\/\/api.w.org\/{rel}","templated":true}]}}