{"id":3063,"date":"2021-04-22T07:44:54","date_gmt":"2021-04-22T07:44:54","guid":{"rendered":"http:\/\/localhost\/wordpress\/?page_id=3063"},"modified":"2021-04-22T07:55:58","modified_gmt":"2021-04-22T07:55:58","slug":"tietosuojaseloste","status":"publish","type":"page","link":"https:\/\/toysankenkatehdas.fi\/en\/tietosuojaseloste\/","title":{"rendered":"Privacy-policy"},"content":{"rendered":"<p>[et_pb_section fb_built=&#8221;1&#8243; _builder_version=&#8221;4.9.4&#8243; _module_preset=&#8221;default&#8221;][et_pb_row _builder_version=&#8221;4.9.4&#8243; _module_preset=&#8221;default&#8221; custom_padding=&#8221;0px|||||&#8221; hover_enabled=&#8221;0&#8243; sticky_enabled=&#8221;0&#8243; max_width_last_edited=&#8221;on|phone&#8221; max_width_phone=&#8221;90%&#8221; max_width_tablet=&#8221;80%&#8221;][et_pb_column type=&#8221;4_4&#8243; _builder_version=&#8221;4.9.4&#8243; _module_preset=&#8221;default&#8221;][et_pb_text _builder_version=&#8221;4.9.4&#8243; _module_preset=&#8221;default&#8221; text_font=&#8221;Open Sans||||||||&#8221; text_text_color=&#8221;#4D4D4D&#8221; header_font=&#8221;Open Sans|600|||||||&#8221; header_text_align=&#8221;center&#8221; header_text_color=&#8221;#4D4D4D&#8221; header_line_height=&#8221;3em&#8221; hover_enabled=&#8221;0&#8243; header_font_size_last_edited=&#8221;on|phone&#8221; sticky_enabled=&#8221;0&#8243; header_font_size_phone=&#8221;20px&#8221; text_font_size_last_edited=&#8221;on|phone&#8221; text_font_size_phone=&#8221;10px&#8221;]<\/p>\n<h1>T\u00f6ys\u00e4n Kenk\u00e4tehdas Oy, Privacy Statement<\/h1>\n<table>\n<tbody>\n<tr>\n<td>Controller<\/td>\n<td>T\u00f6ys\u00e4n Kenk\u00e4tehdas Oy,<br \/>Keskustie 61<br \/>63600 T\u00f6ys\u00e4<br \/>VAT: FI01828168<\/td>\n<\/tr>\n<tr>\n<td>Contact person in register-related matters<\/td>\n<td>Harri M\u00e4kel\u00e4,<br \/><a href=\"mailto:toysankenkatehdas@netikka.fi\">toysankenkatehdas@netikka.fi<\/a><br \/>p. 06 526 1421<\/td>\n<\/tr>\n<tr>\n<td>\n<p>Name of the register<\/p>\n<p>&nbsp;<\/p>\n<p>Purpose and legal basis for processing of personal data<\/p>\n<\/td>\n<td>\n<p>T\u00f6ys\u00e4n kenk\u00e4tehdas Oy, web shop client data base<\/p>\n<p>&nbsp;<\/p>\n<p>Order processing<br \/>Contact information<\/p>\n<\/td>\n<\/tr>\n<tr>\n<td>Register data content<\/td>\n<td>\n<p>Stored data:<\/p>\n<p>&nbsp;<\/p>\n<p>Contact data:<br \/>Client name<br \/>Enterprice name<br \/>Billing and delivery address (gsm number, email address, post address, country)<\/p>\n<p>User id and password (crypted)<br \/>payment method, payment date<br \/>delivery method, delivery date<br \/>Order data:<br \/>Ordered products, price, quantity, order date<\/p>\n<\/td>\n<\/tr>\n<tr>\n<td>Standard sources of information<\/td>\n<td>The register\u2019s sources of information are the transactions in the web service,<br \/>web forms, the client itself entering information.<\/td>\n<\/tr>\n<tr>\n<td>Transferring data outside the EU or the EEA<\/td>\n<td>No personal data is transferred outside the EU or EEA.<\/td>\n<\/tr>\n<tr>\n<td>Principles of register protection<\/td>\n<td>Diligence in the registry in handling information systems, access control (usernames and passwords) and file protection.<\/td>\n<\/tr>\n<tr>\n<td>Right of inspection and right to demand data correction<\/td>\n<td>\n<p>Clients can check and correct personal information by logging into the system and opening the personal data form.<\/p>\n<p>&nbsp;<\/p>\n<p>You can also contact register controller by email and demand your data and correction.<\/p>\n<\/td>\n<\/tr>\n<tr>\n<td>Other rights of the data subject related to personal data processing<\/td>\n<td>Clients can request deletion of their data by sending email to the controller.<\/td>\n<\/tr>\n<\/tbody>\n<\/table>\n<p>[\/et_pb_text][\/et_pb_column][\/et_pb_row][\/et_pb_section]<\/p>","protected":false},"excerpt":{"rendered":"<p>T\u00f6ys\u00e4n kenk\u00e4tehdas Oy:n verkkokaupan tietosuojaseloste Rekisterinpit\u00e4j\u00e4 T\u00f6ys\u00e4n Kenk\u00e4tehdas Oy,Keskustie 6163600 T\u00f6ys\u00e4Y-tunnus: 0182816-8 Rekisteriss\u00e4 vastaava yhteyshenkil\u00f6 Harri M\u00e4kel\u00e4,toysankenkatehdas@netikka.fip. 06 526 1421 Rekisterin Nimi &nbsp; Oikeusperuste ja henkil\u00f6tietojen k\u00e4sittely tarkoitus T\u00f6ys\u00e4n kenk\u00e4tehtaan verkkokaupan asiakasrekisteri &nbsp; tilaussopimusYhteyden pito asiakkaisiin Rekisterin tietosis\u00e4lt\u00f6: Rekisteriin tallennettavia tietoja: &nbsp; Yhteystiedot:henkil\u00f6n nimiyrityksen nimilaskutus- ja toimitusosoite (puhelinnumero, s\u00e4hk\u00f6postiosoite, postiosoite, maa) k\u00e4ytt\u00e4j\u00e4tunnus ja salasanamaksutapa, maksup\u00e4iv\u00e4toimitustapa, [&hellip;]<\/p>","protected":false},"author":1,"featured_media":0,"parent":0,"menu_order":0,"comment_status":"closed","ping_status":"closed","template":"","meta":{"_et_pb_use_builder":"on","_et_pb_old_content":"","_et_gb_content_width":"","footnotes":""},"class_list":["post-3063","page","type-page","status-publish","hentry"],"_links":{"self":[{"href":"https:\/\/toysankenkatehdas.fi\/en\/wp-json\/wp\/v2\/pages\/3063","targetHints":{"allow":["GET"]}}],"collection":[{"href":"https:\/\/toysankenkatehdas.fi\/en\/wp-json\/wp\/v2\/pages"}],"about":[{"href":"https:\/\/toysankenkatehdas.fi\/en\/wp-json\/wp\/v2\/types\/page"}],"author":[{"embeddable":true,"href":"https:\/\/toysankenkatehdas.fi\/en\/wp-json\/wp\/v2\/users\/1"}],"replies":[{"embeddable":true,"href":"https:\/\/toysankenkatehdas.fi\/en\/wp-json\/wp\/v2\/comments?post=3063"}],"version-history":[{"count":3,"href":"https:\/\/toysankenkatehdas.fi\/en\/wp-json\/wp\/v2\/pages\/3063\/revisions"}],"predecessor-version":[{"id":3070,"href":"https:\/\/toysankenkatehdas.fi\/en\/wp-json\/wp\/v2\/pages\/3063\/revisions\/3070"}],"wp:attachment":[{"href":"https:\/\/toysankenkatehdas.fi\/en\/wp-json\/wp\/v2\/media?parent=3063"}],"curies":[{"name":"wp","href":"https:\/\/api.w.org\/{rel}","templated":true}]}}