{"id":7,"date":"2020-11-19T15:52:26","date_gmt":"2020-11-19T15:52:26","guid":{"rendered":"http:\/\/127.0.0.1\/wordpress\/?page_id=7"},"modified":"2025-05-19T08:44:28","modified_gmt":"2025-05-19T08:44:28","slug":"home","status":"publish","type":"page","link":"https:\/\/toysankenkatehdas.fi\/en\/","title":{"rendered":"Home"},"content":{"rendered":"<p>[et_pb_section fb_built=&#8221;1&#8243; _builder_version=&#8221;4.9.4&#8243; _module_preset=&#8221;default&#8221; vertical_offset_tablet=&#8221;-125px&#8221; vertical_offset_phone=&#8221;0px&#8221; vertical_offset_last_edited=&#8221;on|tablet&#8221; position_origin_a_tablet=&#8221;&#8221; position_origin_a_phone=&#8221;&#8221; position_origin_a_last_edited=&#8221;on|tablet&#8221; position_origin_f_tablet=&#8221;&#8221; position_origin_f_phone=&#8221;&#8221; position_origin_f_last_edited=&#8221;on|tablet&#8221; position_origin_r_tablet=&#8221;&#8221; position_origin_r_phone=&#8221;&#8221; position_origin_r_last_edited=&#8221;on|tablet&#8221; width=&#8221;100%&#8221; max_width=&#8221;100%&#8221; max_width_last_edited=&#8221;off|tablet&#8221; custom_margin_tablet=&#8221;||-70px||false|false&#8221; custom_margin_phone=&#8221;||0px||false|false&#8221; custom_margin_last_edited=&#8221;on|tablet&#8221; custom_padding=&#8221;0px|||||&#8221; positioning_tablet=&#8221;relative&#8221; positioning_phone=&#8221;&#8221; positioning_last_edited=&#8221;on|tablet&#8221;][et_pb_row column_structure=&#8221;1_2,1_2&#8243; module_class=&#8221;frontpageelement&#8221; _builder_version=&#8221;4.9.4&#8243; _module_preset=&#8221;default&#8221; position_origin_a_tablet=&#8221;&#8221; position_origin_a_phone=&#8221;&#8221; position_origin_a_last_edited=&#8221;on|tablet&#8221; position_origin_f_tablet=&#8221;&#8221; position_origin_f_phone=&#8221;&#8221; position_origin_f_last_edited=&#8221;on|tablet&#8221; position_origin_r_tablet=&#8221;&#8221; position_origin_r_phone=&#8221;&#8221; position_origin_r_last_edited=&#8221;on|tablet&#8221; width=&#8221;100%&#8221; max_width=&#8221;100%&#8221; module_alignment=&#8221;center&#8221; custom_margin_tablet=&#8221;&#8221; custom_margin_phone=&#8221;&#8221; custom_margin_last_edited=&#8221;on|tablet&#8221; custom_padding=&#8221;0px||0px|||&#8221; positioning_tablet=&#8221;none&#8221; positioning_phone=&#8221;&#8221; positioning_last_edited=&#8221;on|tablet&#8221;][et_pb_column type=&#8221;1_2&#8243; _builder_version=&#8221;4.8.2&#8243; _module_preset=&#8221;default&#8221;][et_pb_image src=&#8221;https:\/\/toysankenkatehdas.fi\/wp-content\/uploads\/2021\/01\/Arctips_09-1-scaled-e1612006041310.jpg&#8221; title_text=&#8221;Arctips_09&#8243; url=&#8221;@ET-DC@eyJkeW5hbWljIjp0cnVlLCJjb250ZW50IjoicG9zdF9saW5rX3VybF9wYWdlIiwic2V0dGluZ3MiOnsicG9zdF9pZCI6IjEwOTUifX0=@&#8221; _builder_version=&#8221;4.9.4&#8243; _dynamic_attributes=&#8221;url&#8221; _module_preset=&#8221;default&#8221; width=&#8221;120%&#8221; width_tablet=&#8221;100%&#8221; width_phone=&#8221;&#8221; width_last_edited=&#8221;on|tablet&#8221; max_width=&#8221;120%&#8221; max_width_tablet=&#8221;100%&#8221; max_width_phone=&#8221;100%&#8221; max_width_last_edited=&#8221;on|phone&#8221; min_height_tablet=&#8221;100%&#8221; min_height_phone=&#8221;100%&#8221; min_height_last_edited=&#8221;on|phone&#8221;][\/et_pb_image][et_pb_image src=&#8221;https:\/\/toysankenkatehdas.fi\/wp-content\/uploads\/2020\/11\/toysankenkatehdas_logo_white.png&#8221; title_text=&#8221;toysankenkatehdas_logo_white&#8221; _builder_version=&#8221;4.9.4&#8243; _module_preset=&#8221;default&#8221; positioning=&#8221;absolute&#8221; vertical_offset=&#8221;13%&#8221; horizontal_offset=&#8221;14%&#8221; vertical_offset_tablet=&#8221;&#8221; vertical_offset_phone=&#8221;10%&#8221; vertical_offset_last_edited=&#8221;on|phone&#8221; width=&#8221;30%&#8221; custom_margin_tablet=&#8221;&#8221; custom_margin_phone=&#8221;-5%||||false|false&#8221; custom_margin_last_edited=&#8221;on|phone&#8221;][\/et_pb_image][et_pb_text module_class=&#8221;home-title1&#8243; _builder_version=&#8221;4.9.4&#8243; _module_preset=&#8221;default&#8221; header_font=&#8221;Open Sans|600|||||||&#8221; header_text_align=&#8221;left&#8221; header_text_color=&#8221;#FFFFFF&#8221; header_font_size=&#8221;58px&#8221; header_letter_spacing=&#8221;1px&#8221; positioning=&#8221;absolute&#8221; vertical_offset=&#8221;26%&#8221; horizontal_offset=&#8221;14%&#8221; vertical_offset_tablet=&#8221;&#8221; vertical_offset_phone=&#8221;21%&#8221; vertical_offset_last_edited=&#8221;on|phone&#8221; width=&#8221;100%&#8221; width_tablet=&#8221;&#8221; width_phone=&#8221;&#8221; width_last_edited=&#8221;on|desktop&#8221; max_width_tablet=&#8221;80%&#8221; max_width_phone=&#8221;&#8221; max_width_last_edited=&#8221;on|tablet&#8221; custom_margin_tablet=&#8221;0px||-20px||false|false&#8221; custom_margin_phone=&#8221;&#8221; custom_margin_last_edited=&#8221;on|tablet&#8221; header_font_size_tablet=&#8221;45px&#8221; header_font_size_phone=&#8221;28px&#8221; header_font_size_last_edited=&#8221;on|tablet&#8221;]<\/p>\n<h1>Traditional Finnish<br \/>\nfootwear from 90 years.<\/h1>\n<p>[\/et_pb_text][et_pb_button button_url=&#8221;@ET-DC@eyJkeW5hbWljIjp0cnVlLCJjb250ZW50IjoicG9zdF9saW5rX3VybF9wYWdlIiwic2V0dGluZ3MiOnsicG9zdF9pZCI6IjEwOTUifX0=@&#8221; button_text=&#8221;Tutustu meihin!&#8221; button_alignment=&#8221;left&#8221; disabled_on=&#8221;on|off|off&#8221; module_class=&#8221;tutustu-btn&#8221; _builder_version=&#8221;4.9.4&#8243; _dynamic_attributes=&#8221;button_url&#8221; _module_preset=&#8221;default&#8221; custom_button=&#8221;on&#8221; button_text_size=&#8221;20px&#8221; button_text_color=&#8221;#FFFFFF&#8221; button_border_width=&#8221;1px&#8221; button_border_radius=&#8221;0px&#8221; button_letter_spacing=&#8221;1px&#8221; button_font=&#8221;Open Sans|600||on|||||&#8221; positioning=&#8221;absolute&#8221; vertical_offset=&#8221;35%&#8221; horizontal_offset=&#8221;14%&#8221; vertical_offset_tablet=&#8221;&#8221; vertical_offset_phone=&#8221;32%&#8221; vertical_offset_last_edited=&#8221;on|phone&#8221; background_layout=&#8221;dark&#8221; custom_margin=&#8221;0px||||false|false&#8221; custom_padding=&#8221;12px|40px|12px|40px|false|false&#8221;][\/et_pb_button][et_pb_text disabled_on=&#8221;on|on|off&#8221; _builder_version=&#8221;4.9.4&#8243; _module_preset=&#8221;default&#8221; text_font=&#8221;Open Sans|||on|||||&#8221; text_text_color=&#8221;#FFFFFF&#8221; text_letter_spacing=&#8221;1px&#8221; positioning=&#8221;absolute&#8221; vertical_offset=&#8221;57%&#8221; horizontal_offset=&#8221;14%&#8221; width=&#8221;100%&#8221;]<\/p>\n<p>Image: arctips and arctips saga<\/p>\n<p>[\/et_pb_text][et_pb_image src=&#8221;https:\/\/toysankenkatehdas.fi\/wp-content\/uploads\/2020\/11\/toysankenkatehdas_logo.png&#8221; title_text=&#8221;toysankenkatehdas_logo&#8221; _builder_version=&#8221;4.9.4&#8243; _module_preset=&#8221;default&#8221; positioning=&#8221;relative&#8221; vertical_offset=&#8221;20px&#8221; horizontal_offset=&#8221;12%&#8221; horizontal_offset_tablet=&#8221;-35%&#8221; horizontal_offset_phone=&#8221;0%&#8221; horizontal_offset_last_edited=&#8221;off|desktop&#8221; position_origin_a_tablet=&#8221;&#8221; position_origin_a_phone=&#8221;&#8221; position_origin_a_last_edited=&#8221;on|tablet&#8221; position_origin_f_tablet=&#8221;&#8221; position_origin_f_phone=&#8221;&#8221; position_origin_f_last_edited=&#8221;on|tablet&#8221; position_origin_r_tablet=&#8221;&#8221; position_origin_r_phone=&#8221;&#8221; position_origin_r_last_edited=&#8221;on|tablet&#8221; max_width=&#8221;191px&#8221; module_alignment=&#8221;right&#8221; custom_margin=&#8221;||60px||false|false&#8221; custom_margin_tablet=&#8221;100px||30px||false|false&#8221; custom_margin_phone=&#8221;&#8221; custom_margin_last_edited=&#8221;on|tablet&#8221; positioning_tablet=&#8221;none&#8221; positioning_phone=&#8221;&#8221; positioning_last_edited=&#8221;on|tablet&#8221; module_alignment_tablet=&#8221;center&#8221; module_alignment_phone=&#8221;&#8221; module_alignment_last_edited=&#8221;on|tablet&#8221;][\/et_pb_image][et_pb_text content_tablet=&#8221;<\/p>\n<h1>Valmistimme perinteisi\u00e4 suomalaisia jalkineita yli 90 vuoden ajan. Nyt olemme kuitenkin joutuneet lopettamaan valmistamisen, taitavien suutariemme el\u00e4k\u00f6idytty\u00e4.<br \/>\nJatkamme kuitenkin muiden valmistamien kenkien parissa kivijalkakaupassamme T\u00f6ys\u00e4ss\u00e4! Tervetuloa.<\/h1>\n<h1 style=\"text-align: right;\"><\/h1>\n<p>&#8221; content_phone=&#8221;<\/p>\n<h1>Traditional Finnish<br \/>\nfootwear from 90 years.<\/h1>\n<h1 style=\"text-align: right;\"><\/h1>\n<h1 style=\"text-align: right;\"><\/h1>\n<p>&#8221; content_last_edited=&#8221;on|phone&#8221; _builder_version=&#8221;4.9.4&#8243; _module_preset=&#8221;default&#8221; header_font=&#8221;Open Sans|600|||||||&#8221; header_text_color=&#8221;#4D4D4D&#8221; header_font_size=&#8221;47px&#8221; positioning=&#8221;relative&#8221; vertical_offset=&#8221;-15px&#8221; horizontal_offset=&#8221;12%&#8221; horizontal_offset_tablet=&#8221;5%&#8221; horizontal_offset_phone=&#8221;0%&#8221; horizontal_offset_last_edited=&#8221;off|desktop&#8221; position_origin_a_tablet=&#8221;&#8221; position_origin_a_phone=&#8221;&#8221; position_origin_a_last_edited=&#8221;on|tablet&#8221; position_origin_f_tablet=&#8221;&#8221; position_origin_f_phone=&#8221;&#8221; position_origin_f_last_edited=&#8221;on|tablet&#8221; position_origin_r_tablet=&#8221;&#8221; position_origin_r_phone=&#8221;&#8221; position_origin_r_last_edited=&#8221;on|tablet&#8221; max_width=&#8221;120%&#8221; max_width_tablet=&#8221;80%&#8221; max_width_phone=&#8221;80%&#8221; max_width_last_edited=&#8221;on|tablet&#8221; module_alignment=&#8221;right&#8221; custom_margin=&#8221;||50px||false|false&#8221; header_font_size_tablet=&#8221;&#8221; header_font_size_phone=&#8221;28px&#8221; header_font_size_last_edited=&#8221;on|phone&#8221; positioning_tablet=&#8221;none&#8221; positioning_phone=&#8221;&#8221; positioning_last_edited=&#8221;on|desktop&#8221; module_alignment_tablet=&#8221;center&#8221; module_alignment_phone=&#8221;center&#8221; module_alignment_last_edited=&#8221;on|tablet&#8221;]<\/p>\n<h1>Valmistimme perinteisi\u00e4 suomalaisia jalkineita yli 90 vuoden ajan. Nyt olemme kuitenkin joutuneet lopettamaan valmistamisen, taitavien suutariemme el\u00e4k\u00f6idytty\u00e4.<br \/>\nJatkamme kuitenkin muiden valmistamien kenkien parissa kivijalkakaupassamme T\u00f6ys\u00e4ss\u00e4! Tervetuloa.<\/h1>\n<p>[\/et_pb_text][et_pb_text content_tablet=&#8221;<\/p>\n<p>We have always valued the skill of making by hand. Either putting hay on the rods, making a willow whistle, or designing footwear ourself. T\u00f6ys\u00e4's shoe factory is one of the last persistent Finnish footwear manufacturers.<\/p>\n<p>&#8221; content_phone=&#8221;<\/p>\n<p>We have always valued the skill of making by hand. Either putting hay on the rods, making a willow whistle, or designing footwear ourself. T\u00f6ys\u00e4's shoe factory is one of the last persistent Finnish footwear manufacturers.<\/p>\n<p>&#8221; content_last_edited=&#8221;on|tablet&#8221; _builder_version=&#8221;4.9.4&#8243; _module_preset=&#8221;default&#8221; text_font=&#8221;Open Sans||||||||&#8221; text_text_color=&#8221;#4D4D4D&#8221; text_font_size=&#8221;18px&#8221; text_line_height=&#8221;1.8em&#8221; header_font=&#8221;Open Sans|600|||||||&#8221; header_text_color=&#8221;#4D4D4D&#8221; header_font_size=&#8221;47px&#8221; positioning=&#8221;relative&#8221; vertical_offset=&#8221;-60px&#8221; horizontal_offset=&#8221;12%&#8221; horizontal_offset_tablet=&#8221;48%&#8221; horizontal_offset_phone=&#8221;43%&#8221; horizontal_offset_last_edited=&#8221;off|tablet&#8221; position_origin_a_tablet=&#8221;&#8221; position_origin_a_phone=&#8221;&#8221; position_origin_a_last_edited=&#8221;on|tablet&#8221; position_origin_f_tablet=&#8221;&#8221; position_origin_f_phone=&#8221;&#8221; position_origin_f_last_edited=&#8221;on|tablet&#8221; position_origin_r_tablet=&#8221;&#8221; position_origin_r_phone=&#8221;&#8221; position_origin_r_last_edited=&#8221;on|tablet&#8221; max_width=&#8221;57%&#8221; max_width_tablet=&#8221;70%&#8221; max_width_phone=&#8221;80%&#8221; max_width_last_edited=&#8221;on|tablet&#8221; module_alignment=&#8221;right&#8221; custom_margin=&#8221;||60px||false|false&#8221; text_font_size_tablet=&#8221;&#8221; text_font_size_phone=&#8221;16px&#8221; text_font_size_last_edited=&#8221;on|phone&#8221; positioning_tablet=&#8221;none&#8221; positioning_phone=&#8221;&#8221; positioning_last_edited=&#8221;on|desktop&#8221; module_alignment_tablet=&#8221;center&#8221; module_alignment_phone=&#8221;center&#8221; module_alignment_last_edited=&#8221;on|phone&#8221;]<\/p>\n<p style=\"text-align: right;\">We have always valued the skill of making by hand. Either putting hay on the rods, making a willow whistle, or designing footwear ourself. T\u00f6ys\u00e4's shoe factory is one of the last persistent Finnish footwear manufacturers.<\/p>\n<p>[\/et_pb_text][et_pb_button button_url=&#8221;@ET-DC@eyJkeW5hbWljIjp0cnVlLCJjb250ZW50IjoicG9zdF9saW5rX3VybF9wYWdlIiwic2V0dGluZ3MiOnsicG9zdF9pZCI6IjEwOTUifX0=@&#8221; button_text=&#8221;Tutustu t\u00f6ys\u00e4n kenk\u00e4tehtaaseen&#8221; button_alignment=&#8221;right&#8221; button_alignment_tablet=&#8221;center&#8221; button_alignment_phone=&#8221;&#8221; button_alignment_last_edited=&#8221;on|tablet&#8221; _builder_version=&#8221;4.9.4&#8243; _dynamic_attributes=&#8221;button_url&#8221; _module_preset=&#8221;default&#8221; custom_button=&#8221;on&#8221; button_text_size=&#8221;18px&#8221; button_text_color=&#8221;#4D4D4D&#8221; button_border_width=&#8221;1px&#8221; button_border_color=&#8221;#4D4D4D&#8221; button_border_radius=&#8221;1px&#8221; button_letter_spacing=&#8221;1px&#8221; button_font=&#8221;Open Sans|600||on|||||&#8221; positioning=&#8221;relative&#8221; vertical_offset=&#8221;-90px&#8221; horizontal_offset=&#8221;12%&#8221; horizontal_offset_tablet=&#8221;5%&#8221; horizontal_offset_phone=&#8221;0%&#8221; horizontal_offset_last_edited=&#8221;off|tablet&#8221; position_origin_a_tablet=&#8221;&#8221; position_origin_a_phone=&#8221;&#8221; position_origin_a_last_edited=&#8221;on|desktop&#8221; position_origin_f_tablet=&#8221;&#8221; position_origin_f_phone=&#8221;&#8221; position_origin_f_last_edited=&#8221;on|desktop&#8221; position_origin_r_tablet=&#8221;&#8221; position_origin_r_phone=&#8221;&#8221; position_origin_r_last_edited=&#8221;on|desktop&#8221; custom_padding=&#8221;12px|50px|12px|50px|false|false&#8221; positioning_tablet=&#8221;none&#8221; positioning_phone=&#8221;&#8221; positioning_last_edited=&#8221;on|tablet&#8221; button_bg_color__hover_enabled=&#8221;on|hover&#8221; button_bg_enable_color__hover=&#8221;on&#8221;][\/et_pb_button][\/et_pb_column][et_pb_column type=&#8221;1_2&#8243; _builder_version=&#8221;4.8.2&#8243; _module_preset=&#8221;default&#8221;][et_pb_image src=&#8221;https:\/\/toysankenkatehdas.fi\/wp-content\/uploads\/2021\/01\/Arctips_01-scaled-e1612006393911.jpg&#8221; title_text=&#8221;Arctips_01&#8243; url=&#8221;@ET-DC@eyJkeW5hbWljIjp0cnVlLCJjb250ZW50IjoicG9zdF9saW5rX3VybF9wYWdlIiwic2V0dGluZ3MiOnsicG9zdF9pZCI6IjEwOTcifX0=@&#8221; align=&#8221;right&#8221; disabled_on=&#8221;on|on|off&#8221; _builder_version=&#8221;4.9.4&#8243; _dynamic_attributes=&#8221;url&#8221; _module_preset=&#8221;default&#8221; width=&#8221;90%&#8221;][\/et_pb_image][et_pb_text disabled_on=&#8221;on|on|off&#8221; _builder_version=&#8221;4.9.4&#8243; _module_preset=&#8221;default&#8221; text_font=&#8221;Open Sans|||on|||||&#8221; text_text_color=&#8221;#FFFFFF&#8221; text_letter_spacing=&#8221;1px&#8221; positioning=&#8221;absolute&#8221; vertical_offset=&#8221;48%&#8221; horizontal_offset=&#8221;20%&#8221; width=&#8221;100%&#8221;]<\/p>\n<p>Image: arctips<\/p>\n<p>[\/et_pb_text][et_pb_button button_url=&#8221;@ET-DC@eyJkeW5hbWljIjp0cnVlLCJjb250ZW50IjoicG9zdF9saW5rX3VybF9wYWdlIiwic2V0dGluZ3MiOnsicG9zdF9pZCI6IjEwOTcifX0=@&#8221; button_text=&#8221;Tutustu tuotteisiimme!&#8221; button_alignment=&#8221;left&#8221; disabled_on=&#8221;on|on|off&#8221; module_class=&#8221;tutustu-btn&#8221; _builder_version=&#8221;4.9.4&#8243; _dynamic_attributes=&#8221;button_url&#8221; _module_preset=&#8221;default&#8221; custom_button=&#8221;on&#8221; button_text_size=&#8221;20px&#8221; button_text_color=&#8221;#FFFFFF&#8221; button_border_width=&#8221;1px&#8221; button_border_radius=&#8221;0px&#8221; button_letter_spacing=&#8221;1px&#8221; button_font=&#8221;Open Sans|600||on|||||&#8221; positioning=&#8221;absolute&#8221; vertical_offset=&#8221;30%&#8221; horizontal_offset=&#8221;20%&#8221; background_layout=&#8221;dark&#8221; custom_margin=&#8221;0px||||false|false&#8221; custom_padding=&#8221;12px|40px|12px|40px|false|false&#8221;][\/et_pb_button][et_pb_text disabled_on=&#8221;on|on|off&#8221; _builder_version=&#8221;4.9.4&#8243; _module_preset=&#8221;default&#8221; header_font=&#8221;Open Sans|600|||||||&#8221; header_text_color=&#8221;#FFFFFF&#8221; header_font_size=&#8221;50px&#8221; positioning=&#8221;absolute&#8221; vertical_offset=&#8221;24%&#8221; horizontal_offset=&#8221;20%&#8221; width=&#8221;100%&#8221; custom_margin=&#8221;||||false|false&#8221; custom_padding=&#8221;||||false|false&#8221;]<\/p>\n<h1>Shop<\/h1>\n<p>[\/et_pb_text][et_pb_image src=&#8221;https:\/\/toysankenkatehdas.fi\/wp-content\/uploads\/2021\/01\/Arctips_04-scaled-e1612006568159.jpg&#8221; title_text=&#8221;Arctips_04&#8243; align=&#8221;right&#8221; disabled_on=&#8221;on|on|off&#8221; _builder_version=&#8221;4.9.4&#8243; _module_preset=&#8221;default&#8221; width=&#8221;90%&#8221; custom_margin=&#8221;-4%||||false|false&#8221;][\/et_pb_image][et_pb_social_media_follow disabled_on=&#8221;on|on|off&#8221; _builder_version=&#8221;4.9.4&#8243; _module_preset=&#8221;default&#8221; custom_button=&#8221;on&#8221; button_text_size=&#8221;30px&#8221; button_text_color=&#8221;#4D4D4D&#8221; button_bg_color=&#8221;RGBA(0,0,0,0)&#8221; button_letter_spacing=&#8221;1px&#8221; button_font=&#8221;Open Sans|600|||||||&#8221; button_custom_margin=&#8221;0px|||-15%|false|false&#8221; button_custom_padding=&#8221;||0px||false|false&#8221; positioning=&#8221;absolute&#8221; vertical_offset=&#8221;100%&#8221; horizontal_offset=&#8221;2%&#8221; custom_margin=&#8221;||||false|false&#8221; custom_padding=&#8221;|0px|||false|false&#8221; hover_enabled=&#8221;0&#8243; sticky_enabled=&#8221;0&#8243;][et_pb_social_media_follow_network social_network=&#8221;instagram&#8221; url=&#8221;https:\/\/www.instagram.com\/arctips_finland\/&#8221; icon_color=&#8221;#4D4D4D&#8221; use_icon_font_size=&#8221;on&#8221; icon_font_size=&#8221;120px&#8221; _builder_version=&#8221;4.9.4&#8243; _module_preset=&#8221;default&#8221; background_color=&#8221;RGBA(0,0,0,0)&#8221; background_enable_color=&#8221;on&#8221; border_radii=&#8221;on|30px|30px|30px|30px&#8221; follow_button=&#8221;off&#8221; url_new_window=&#8221;on&#8221;]instagram[\/et_pb_social_media_follow_network][et_pb_social_media_follow_network social_network=&#8221;facebook&#8221; url=&#8221;https:\/\/www.facebook.com\/pages\/T%C3%B6ys%C3%A4n-Kenk%C3%A4tehdas\/642442992443631&#8243; icon_color=&#8221;#4D4D4D&#8221; use_icon_font_size=&#8221;on&#8221; icon_font_size=&#8221;120px&#8221; _builder_version=&#8221;4.9.4&#8243; _module_preset=&#8221;default&#8221; background_color=&#8221;RGBA(0,0,0,0)&#8221; background_enable_color=&#8221;on&#8221; custom_margin=&#8221;|||-13%|false|false&#8221; border_radii=&#8221;on|30px|30px|30px|30px&#8221; follow_button=&#8221;off&#8221; url_new_window=&#8221;on&#8221;]facebook[\/et_pb_social_media_follow_network][\/et_pb_social_media_follow][et_pb_text disabled_on=&#8221;on|on|off&#8221; _builder_version=&#8221;4.9.4&#8243; _module_preset=&#8221;default&#8221; text_font=&#8221;Open Sans|||on|||||&#8221; text_text_color=&#8221;#FFFFFF&#8221; text_letter_spacing=&#8221;1px&#8221; positioning=&#8221;absolute&#8221; vertical_offset=&#8221;92%&#8221; horizontal_offset=&#8221;20%&#8221; width=&#8221;100%&#8221;]<\/p>\n<p>Image: arctips saga<\/p>\n<p>[\/et_pb_text][\/et_pb_column][\/et_pb_row][\/et_pb_section]<\/p>","protected":false},"excerpt":{"rendered":"<p>Perinteisi\u00e4 suomalaisia jalkineita 90 vuoden ajalta. Kuva: arctips ja arctips saga Valmistimme perinteisi\u00e4 suomalaisia jalkineita yli 90 vuoden ajan. Nyt olemme kuitenkin joutuneet lopettamaan valmistamisen, taitavien suutariemme el\u00e4k\u00f6idytty\u00e4. Jatkamme kuitenkin muiden valmistamien kenkien parissa kivijalkakaupassamme T\u00f6ys\u00e4ss\u00e4! Tervetuloa. Meill\u00e4p\u00e4in on aina arvostettu k\u00e4sill\u00e4 tekemisen taitoa. Laitettiin sitten hein\u00e4\u00e4 seip\u00e4ille, tehtiin pajupilli tai suunniteltiin jalkineet, tehd\u00e4\u00e4n se [&hellip;]<\/p>","protected":false},"author":1,"featured_media":0,"parent":0,"menu_order":0,"comment_status":"closed","ping_status":"closed","template":"","meta":{"_et_pb_use_builder":"on","_et_pb_old_content":"","_et_gb_content_width":"","footnotes":""},"class_list":["post-7","page","type-page","status-publish","hentry"],"_links":{"self":[{"href":"https:\/\/toysankenkatehdas.fi\/en\/wp-json\/wp\/v2\/pages\/7","targetHints":{"allow":["GET"]}}],"collection":[{"href":"https:\/\/toysankenkatehdas.fi\/en\/wp-json\/wp\/v2\/pages"}],"about":[{"href":"https:\/\/toysankenkatehdas.fi\/en\/wp-json\/wp\/v2\/types\/page"}],"author":[{"embeddable":true,"href":"https:\/\/toysankenkatehdas.fi\/en\/wp-json\/wp\/v2\/users\/1"}],"replies":[{"embeddable":true,"href":"https:\/\/toysankenkatehdas.fi\/en\/wp-json\/wp\/v2\/comments?post=7"}],"version-history":[{"count":199,"href":"https:\/\/toysankenkatehdas.fi\/en\/wp-json\/wp\/v2\/pages\/7\/revisions"}],"predecessor-version":[{"id":9623,"href":"https:\/\/toysankenkatehdas.fi\/en\/wp-json\/wp\/v2\/pages\/7\/revisions\/9623"}],"wp:attachment":[{"href":"https:\/\/toysankenkatehdas.fi\/en\/wp-json\/wp\/v2\/media?parent=7"}],"curies":[{"name":"wp","href":"https:\/\/api.w.org\/{rel}","templated":true}]}}