{"id":3441,"date":"2021-10-04T12:27:04","date_gmt":"2021-10-04T12:27:04","guid":{"rendered":"https:\/\/toysankenkatehdas.fi\/?post_type=product&#038;p=3441"},"modified":"2024-12-14T06:21:52","modified_gmt":"2024-12-14T06:21:52","slug":"retrolapikas-musta","status":"publish","type":"product","link":"https:\/\/toysankenkatehdas.fi\/en\/product\/retrolapikas-musta\/","title":{"rendered":"Retrolapikas TUOTE ON LOPPUNUT"},"content":{"rendered":"<p>Black leather Lappish shoes. Warmly lined and a rubber sole.\u00a0<strong>TUOTE ON LOPPUNUT.<\/strong><\/p>","protected":false},"excerpt":{"rendered":"<p>Nahkalapikas, musta<\/p>","protected":false},"featured_media":2284,"template":"","meta":{"_et_pb_use_builder":"off","_et_pb_old_content":"Mustat nahkalapikkaat l\u00e4mpim\u00e4ll\u00e4 vuorilla sek\u00e4 pit\u00e4v\u00e4ll\u00e4 kumipohjalla. Varressa valek\u00e4\u00e4nne.","_et_gb_content_width":""},"product_brand":[],"product_cat":[38],"product_tag":[],"class_list":{"0":"post-3441","1":"product","2":"type-product","3":"status-publish","4":"has-post-thumbnail","6":"product_cat-lapikkaat","8":"first","9":"instock","10":"taxable","11":"shipping-taxable","12":"purchasable","13":"product-type-variable"},"_links":{"self":[{"href":"https:\/\/toysankenkatehdas.fi\/en\/wp-json\/wp\/v2\/product\/3441","targetHints":{"allow":["GET"]}}],"collection":[{"href":"https:\/\/toysankenkatehdas.fi\/en\/wp-json\/wp\/v2\/product"}],"about":[{"href":"https:\/\/toysankenkatehdas.fi\/en\/wp-json\/wp\/v2\/types\/product"}],"wp:featuredmedia":[{"embeddable":true,"href":"https:\/\/toysankenkatehdas.fi\/en\/wp-json\/wp\/v2\/media\/2284"}],"wp:attachment":[{"href":"https:\/\/toysankenkatehdas.fi\/en\/wp-json\/wp\/v2\/media?parent=3441"}],"wp:term":[{"taxonomy":"product_brand","embeddable":true,"href":"https:\/\/toysankenkatehdas.fi\/en\/wp-json\/wp\/v2\/product_brand?post=3441"},{"taxonomy":"product_cat","embeddable":true,"href":"https:\/\/toysankenkatehdas.fi\/en\/wp-json\/wp\/v2\/product_cat?post=3441"},{"taxonomy":"product_tag","embeddable":true,"href":"https:\/\/toysankenkatehdas.fi\/en\/wp-json\/wp\/v2\/product_tag?post=3441"}],"curies":[{"name":"wp","href":"https:\/\/api.w.org\/{rel}","templated":true}]}}