{"id":3457,"date":"2021-10-04T13:01:48","date_gmt":"2021-10-04T13:01:48","guid":{"rendered":"https:\/\/toysankenkatehdas.fi\/?post_type=product&#038;p=3457"},"modified":"2026-01-02T08:12:26","modified_gmt":"2026-01-02T08:12:26","slug":"retrolapikas","status":"publish","type":"product","link":"https:\/\/toysankenkatehdas.fi\/en\/product\/retrolapikas\/","title":{"rendered":"Leather Lappish shoes"},"content":{"rendered":"<p><span dir=\"auto\" style=\"vertical-align: inherit;\"><span dir=\"auto\" style=\"vertical-align: inherit;\"><span dir=\"auto\" style=\"vertical-align: inherit;\"><span dir=\"auto\" style=\"vertical-align: inherit;\">Suosittu parkinahkainen lapikas l\u00e4mpim\u00e4ll\u00e4 vuorella sek\u00e4 pit\u00e4v\u00e4ll\u00e4 kumipohjalla. Varressa valek\u00e4\u00e4nne. <\/span><\/span><\/span><\/span><br \/>\n<span dir=\"auto\" style=\"vertical-align: inherit;\"><span dir=\"auto\" style=\"vertical-align: inherit;\"><span dir=\"auto\" style=\"vertical-align: inherit;\"><span dir=\"auto\" style=\"vertical-align: inherit;\">Sunlight darkens natural leather.<\/span><\/span><\/span><\/span><\/p>","protected":false},"excerpt":{"rendered":"<p><span dir=\"auto\" style=\"vertical-align: inherit;\"><span dir=\"auto\" style=\"vertical-align: inherit;\"><span dir=\"auto\" style=\"vertical-align: inherit;\"><span dir=\"auto\" style=\"vertical-align: inherit;\">Lappish, natural leather<\/span><\/span><\/span><\/span><\/p>","protected":false},"featured_media":2290,"template":"","meta":{"_et_pb_use_builder":"off","_et_pb_old_content":"Suosittu parkkinahkainen lapikas l\u00e4mpim\u00e4ll\u00e4 vuorella sek\u00e4 pit\u00e4v\u00e4ll\u00e4 kumipohjalla. Varressa valek\u00e4\u00e4nne.\r\nAuringonvalo tummentaa kauniisti luonnonv\u00e4rist\u00e4 kasviparkittua parkkinahkaa.","_et_gb_content_width":""},"product_brand":[],"product_cat":[38],"product_tag":[],"class_list":{"0":"post-3457","1":"product","2":"type-product","3":"status-publish","4":"has-post-thumbnail","6":"product_cat-lapikkaat","8":"first","9":"instock","10":"taxable","11":"shipping-taxable","12":"purchasable","13":"product-type-variable"},"_links":{"self":[{"href":"https:\/\/toysankenkatehdas.fi\/en\/wp-json\/wp\/v2\/product\/3457","targetHints":{"allow":["GET"]}}],"collection":[{"href":"https:\/\/toysankenkatehdas.fi\/en\/wp-json\/wp\/v2\/product"}],"about":[{"href":"https:\/\/toysankenkatehdas.fi\/en\/wp-json\/wp\/v2\/types\/product"}],"wp:featuredmedia":[{"embeddable":true,"href":"https:\/\/toysankenkatehdas.fi\/en\/wp-json\/wp\/v2\/media\/2290"}],"wp:attachment":[{"href":"https:\/\/toysankenkatehdas.fi\/en\/wp-json\/wp\/v2\/media?parent=3457"}],"wp:term":[{"taxonomy":"product_brand","embeddable":true,"href":"https:\/\/toysankenkatehdas.fi\/en\/wp-json\/wp\/v2\/product_brand?post=3457"},{"taxonomy":"product_cat","embeddable":true,"href":"https:\/\/toysankenkatehdas.fi\/en\/wp-json\/wp\/v2\/product_cat?post=3457"},{"taxonomy":"product_tag","embeddable":true,"href":"https:\/\/toysankenkatehdas.fi\/en\/wp-json\/wp\/v2\/product_tag?post=3457"}],"curies":[{"name":"wp","href":"https:\/\/api.w.org\/{rel}","templated":true}]}}