{"id":3492,"date":"2021-10-04T14:22:35","date_gmt":"2021-10-04T14:22:35","guid":{"rendered":"https:\/\/toysankenkatehdas.fi\/?post_type=product&#038;p=3492"},"modified":"2024-12-16T05:28:27","modified_gmt":"2024-12-16T05:28:27","slug":"roikovarsilapikas-kumipohjalla","status":"publish","type":"product","link":"https:\/\/toysankenkatehdas.fi\/en\/product\/roikovarsilapikas-kumipohjalla\/","title":{"rendered":"Original leather, a rubber sole"},"content":{"rendered":"<p>Alkuper\u00e4inen parkkinahkainen lapikas pit\u00e4v\u00e4ll\u00e4 kumipohjalla. Malli ollut valmistuksessamme 1930-luvulta l\u00e4htien. Auringonvalo tummentaa kauniisti luonnonv\u00e4rist\u00e4 kasviparkittua parkkinahkaa.<\/p>","protected":false},"excerpt":{"rendered":"<p>Original leather, a rubber sole<\/p>","protected":false},"featured_media":2296,"template":"","meta":{"_et_pb_use_builder":"off","_et_pb_old_content":"Alkuper\u00e4inen parkkinahkainen lapikas pit\u00e4v\u00e4ll\u00e4 kumipohjalla. Malli ollut valmistuksessamme 1930-luvulta l\u00e4htien.\r\nAuringonvalo tummentaa kauniisti luonnonv\u00e4rist\u00e4 kasviparkittua parkkinahkaa.","_et_gb_content_width":""},"product_brand":[],"product_cat":[38],"product_tag":[],"class_list":{"0":"post-3492","1":"product","2":"type-product","3":"status-publish","4":"has-post-thumbnail","6":"product_cat-lapikkaat","8":"first","9":"instock","10":"taxable","11":"shipping-taxable","12":"purchasable","13":"product-type-variable","14":"has-default-attributes"},"_links":{"self":[{"href":"https:\/\/toysankenkatehdas.fi\/en\/wp-json\/wp\/v2\/product\/3492","targetHints":{"allow":["GET"]}}],"collection":[{"href":"https:\/\/toysankenkatehdas.fi\/en\/wp-json\/wp\/v2\/product"}],"about":[{"href":"https:\/\/toysankenkatehdas.fi\/en\/wp-json\/wp\/v2\/types\/product"}],"wp:featuredmedia":[{"embeddable":true,"href":"https:\/\/toysankenkatehdas.fi\/en\/wp-json\/wp\/v2\/media\/2296"}],"wp:attachment":[{"href":"https:\/\/toysankenkatehdas.fi\/en\/wp-json\/wp\/v2\/media?parent=3492"}],"wp:term":[{"taxonomy":"product_brand","embeddable":true,"href":"https:\/\/toysankenkatehdas.fi\/en\/wp-json\/wp\/v2\/product_brand?post=3492"},{"taxonomy":"product_cat","embeddable":true,"href":"https:\/\/toysankenkatehdas.fi\/en\/wp-json\/wp\/v2\/product_cat?post=3492"},{"taxonomy":"product_tag","embeddable":true,"href":"https:\/\/toysankenkatehdas.fi\/en\/wp-json\/wp\/v2\/product_tag?post=3492"}],"curies":[{"name":"wp","href":"https:\/\/api.w.org\/{rel}","templated":true}]}}