{"id":3558,"date":"2021-10-06T05:13:58","date_gmt":"2021-10-06T05:13:58","guid":{"rendered":"https:\/\/toysankenkatehdas.fi\/?post_type=product&#038;p=3558"},"modified":"2026-01-15T05:30:50","modified_gmt":"2026-01-15T05:30:50","slug":"paulapieksu","status":"publish","type":"product","link":"https:\/\/toysankenkatehdas.fi\/en\/product\/paulapieksu\/","title":{"rendered":"Paulapieksu"},"content":{"rendered":"<p><span dir=\"auto\" style=\"vertical-align: inherit;\"><span dir=\"auto\" style=\"vertical-align: inherit;\">Vuoreton, parkkinahkainen paulapieksu ter\u00e4v\u00e4ll\u00e4 k\u00e4rjell\u00e4. Pit\u00e4v\u00e4 kumipohja. Auringonvalo tummentaa kauniisti luonnonv\u00e4rist\u00e4 kasviparkittua parkkinahkaa. Kuvasta poiketen p\u00e4ivitetyss\u00e4 mallissa mustat nauhat sek\u00e4 nauhalenkit.<\/span><\/span><\/p>","protected":false},"excerpt":{"rendered":"<p><span dir=\"auto\" style=\"vertical-align: inherit;\"><span dir=\"auto\" style=\"vertical-align: inherit;\">Natural leather Lappish shoes<\/span><\/span><\/p>","protected":false},"featured_media":2245,"template":"","meta":{"_et_pb_use_builder":"off","_et_pb_old_content":"Vuoreton, parkkinahkainen paulapieksu ter\u00e4v\u00e4ll\u00e4 k\u00e4rjell\u00e4. Pit\u00e4v\u00e4 kumipohja.\r\nAuringonvalo tummentaa kauniisti luonnonv\u00e4rist\u00e4 kasviparkittua parkkinahkaa.","_et_gb_content_width":""},"product_brand":[],"product_cat":[38],"product_tag":[],"class_list":{"0":"post-3558","1":"product","2":"type-product","3":"status-publish","4":"has-post-thumbnail","6":"product_cat-lapikkaat","8":"first","9":"instock","10":"taxable","11":"shipping-taxable","12":"purchasable","13":"product-type-variable"},"_links":{"self":[{"href":"https:\/\/toysankenkatehdas.fi\/en\/wp-json\/wp\/v2\/product\/3558","targetHints":{"allow":["GET"]}}],"collection":[{"href":"https:\/\/toysankenkatehdas.fi\/en\/wp-json\/wp\/v2\/product"}],"about":[{"href":"https:\/\/toysankenkatehdas.fi\/en\/wp-json\/wp\/v2\/types\/product"}],"wp:featuredmedia":[{"embeddable":true,"href":"https:\/\/toysankenkatehdas.fi\/en\/wp-json\/wp\/v2\/media\/2245"}],"wp:attachment":[{"href":"https:\/\/toysankenkatehdas.fi\/en\/wp-json\/wp\/v2\/media?parent=3558"}],"wp:term":[{"taxonomy":"product_brand","embeddable":true,"href":"https:\/\/toysankenkatehdas.fi\/en\/wp-json\/wp\/v2\/product_brand?post=3558"},{"taxonomy":"product_cat","embeddable":true,"href":"https:\/\/toysankenkatehdas.fi\/en\/wp-json\/wp\/v2\/product_cat?post=3558"},{"taxonomy":"product_tag","embeddable":true,"href":"https:\/\/toysankenkatehdas.fi\/en\/wp-json\/wp\/v2\/product_tag?post=3558"}],"curies":[{"name":"wp","href":"https:\/\/api.w.org\/{rel}","templated":true}]}}