{"id":3656,"date":"2021-10-08T12:34:31","date_gmt":"2021-10-08T12:34:31","guid":{"rendered":"https:\/\/toysankenkatehdas.fi\/?post_type=product&#038;p=3656"},"modified":"2024-10-02T04:41:26","modified_gmt":"2024-10-02T04:41:26","slug":"lamminvuorinen-nahkasaapas","status":"publish","type":"product","link":"https:\/\/toysankenkatehdas.fi\/en\/product\/lamminvuorinen-nahkasaapas\/","title":{"rendered":"L\u00e4mminvuorinen nahkasaapas. TUOTE ON LOPPUNUT."},"content":{"rendered":"<p>Warm leather boots. Strong leather and a rubber sole. <strong>\u00a0 TUOTE ON LOPPUNUT.<\/strong><\/p>","protected":false},"excerpt":{"rendered":"<p>Vahvanahkainen korkeavartinen saapas. TUOTE ON LOPPUNUT.<\/p>","protected":false},"featured_media":2332,"template":"","meta":{"_et_pb_use_builder":"off","_et_pb_old_content":"L\u00e4mminvuorinen, vahvanahkainen saapas pit\u00e4v\u00e4ll\u00e4 kumipohjalla. Korkea varsi. <strong>Koot 38-47 hintaan 69,90 \u20ac<\/strong>","_et_gb_content_width":""},"product_brand":[],"product_cat":[39],"product_tag":[],"class_list":{"0":"post-3656","1":"product","2":"type-product","3":"status-publish","4":"has-post-thumbnail","6":"product_cat-saappaat","8":"first","9":"instock","10":"taxable","11":"shipping-taxable","12":"purchasable","13":"product-type-variable"},"_links":{"self":[{"href":"https:\/\/toysankenkatehdas.fi\/en\/wp-json\/wp\/v2\/product\/3656","targetHints":{"allow":["GET"]}}],"collection":[{"href":"https:\/\/toysankenkatehdas.fi\/en\/wp-json\/wp\/v2\/product"}],"about":[{"href":"https:\/\/toysankenkatehdas.fi\/en\/wp-json\/wp\/v2\/types\/product"}],"wp:featuredmedia":[{"embeddable":true,"href":"https:\/\/toysankenkatehdas.fi\/en\/wp-json\/wp\/v2\/media\/2332"}],"wp:attachment":[{"href":"https:\/\/toysankenkatehdas.fi\/en\/wp-json\/wp\/v2\/media?parent=3656"}],"wp:term":[{"taxonomy":"product_brand","embeddable":true,"href":"https:\/\/toysankenkatehdas.fi\/en\/wp-json\/wp\/v2\/product_brand?post=3656"},{"taxonomy":"product_cat","embeddable":true,"href":"https:\/\/toysankenkatehdas.fi\/en\/wp-json\/wp\/v2\/product_cat?post=3656"},{"taxonomy":"product_tag","embeddable":true,"href":"https:\/\/toysankenkatehdas.fi\/en\/wp-json\/wp\/v2\/product_tag?post=3656"}],"curies":[{"name":"wp","href":"https:\/\/api.w.org\/{rel}","templated":true}]}}