{"id":3768,"date":"2021-10-12T08:27:19","date_gmt":"2021-10-12T08:27:19","guid":{"rendered":"https:\/\/toysankenkatehdas.fi\/?post_type=product&#038;p=3768"},"modified":"2025-03-09T15:01:47","modified_gmt":"2025-03-09T15:01:47","slug":"parkkinahkainen-matalakantainen-supikas","status":"publish","type":"product","link":"https:\/\/toysankenkatehdas.fi\/en\/product\/parkkinahkainen-matalakantainen-supikas\/","title":{"rendered":"Natural leather, little lappish"},"content":{"rendered":"<p>Sunlight darkens natural leather<\/p>","protected":false},"excerpt":{"rendered":"<p>shoes for folk dance<\/p>","protected":false},"featured_media":2318,"template":"","meta":{"_et_pb_use_builder":"off","_et_pb_old_content":"Parkkinahkainen supikas kevytsolupohjalla sek\u00e4 matalammalla kannalla. Auringonvalo tummentaa kauniisti luonnonv\u00e4rist\u00e4 kasviparkittua parkkinahkaa.","_et_gb_content_width":""},"product_brand":[],"product_cat":[40],"product_tag":[],"class_list":{"0":"post-3768","1":"product","2":"type-product","3":"status-publish","4":"has-post-thumbnail","6":"product_cat-supikkaat","8":"first","9":"instock","10":"taxable","11":"shipping-taxable","12":"purchasable","13":"product-type-variable"},"_links":{"self":[{"href":"https:\/\/toysankenkatehdas.fi\/en\/wp-json\/wp\/v2\/product\/3768","targetHints":{"allow":["GET"]}}],"collection":[{"href":"https:\/\/toysankenkatehdas.fi\/en\/wp-json\/wp\/v2\/product"}],"about":[{"href":"https:\/\/toysankenkatehdas.fi\/en\/wp-json\/wp\/v2\/types\/product"}],"wp:featuredmedia":[{"embeddable":true,"href":"https:\/\/toysankenkatehdas.fi\/en\/wp-json\/wp\/v2\/media\/2318"}],"wp:attachment":[{"href":"https:\/\/toysankenkatehdas.fi\/en\/wp-json\/wp\/v2\/media?parent=3768"}],"wp:term":[{"taxonomy":"product_brand","embeddable":true,"href":"https:\/\/toysankenkatehdas.fi\/en\/wp-json\/wp\/v2\/product_brand?post=3768"},{"taxonomy":"product_cat","embeddable":true,"href":"https:\/\/toysankenkatehdas.fi\/en\/wp-json\/wp\/v2\/product_cat?post=3768"},{"taxonomy":"product_tag","embeddable":true,"href":"https:\/\/toysankenkatehdas.fi\/en\/wp-json\/wp\/v2\/product_tag?post=3768"}],"curies":[{"name":"wp","href":"https:\/\/api.w.org\/{rel}","templated":true}]}}