{"id":3781,"date":"2021-10-12T08:44:16","date_gmt":"2021-10-12T08:44:16","guid":{"rendered":"https:\/\/toysankenkatehdas.fi\/?post_type=product&#038;p=3781"},"modified":"2025-09-13T06:05:41","modified_gmt":"2025-09-13T06:05:41","slug":"parkkinahkai-nen-supikas","status":"publish","type":"product","link":"https:\/\/toysankenkatehdas.fi\/en\/product\/parkkinahkai-nen-supikas\/","title":{"rendered":"Natural leather, little lappish"},"content":{"rendered":"<p>Sunlight darkens natural leather<\/p>","protected":false},"excerpt":{"rendered":"<p>shoes for folk dance<\/p>","protected":false},"featured_media":2323,"template":"","meta":{"_et_pb_use_builder":"off","_et_pb_old_content":"Parkkinahkainen supikas kevytsolupohjalla sek\u00e4 korkeammalla kannalla. Auringonvalo tummentaa kauniisti luonnonv\u00e4rist\u00e4 kasviparkittua parkkinahkaa.","_et_gb_content_width":""},"product_brand":[],"product_cat":[40],"product_tag":[],"class_list":{"0":"post-3781","1":"product","2":"type-product","3":"status-publish","4":"has-post-thumbnail","6":"product_cat-supikkaat","8":"first","9":"instock","10":"taxable","11":"shipping-taxable","12":"purchasable","13":"product-type-variable"},"_links":{"self":[{"href":"https:\/\/toysankenkatehdas.fi\/en\/wp-json\/wp\/v2\/product\/3781","targetHints":{"allow":["GET"]}}],"collection":[{"href":"https:\/\/toysankenkatehdas.fi\/en\/wp-json\/wp\/v2\/product"}],"about":[{"href":"https:\/\/toysankenkatehdas.fi\/en\/wp-json\/wp\/v2\/types\/product"}],"wp:featuredmedia":[{"embeddable":true,"href":"https:\/\/toysankenkatehdas.fi\/en\/wp-json\/wp\/v2\/media\/2323"}],"wp:attachment":[{"href":"https:\/\/toysankenkatehdas.fi\/en\/wp-json\/wp\/v2\/media?parent=3781"}],"wp:term":[{"taxonomy":"product_brand","embeddable":true,"href":"https:\/\/toysankenkatehdas.fi\/en\/wp-json\/wp\/v2\/product_brand?post=3781"},{"taxonomy":"product_cat","embeddable":true,"href":"https:\/\/toysankenkatehdas.fi\/en\/wp-json\/wp\/v2\/product_cat?post=3781"},{"taxonomy":"product_tag","embeddable":true,"href":"https:\/\/toysankenkatehdas.fi\/en\/wp-json\/wp\/v2\/product_tag?post=3781"}],"curies":[{"name":"wp","href":"https:\/\/api.w.org\/{rel}","templated":true}]}}