{"id":4339,"date":"2021-11-02T12:34:28","date_gmt":"2021-11-02T12:34:28","guid":{"rendered":"https:\/\/toysankenkatehdas.fi\/?post_type=product&#038;p=4339"},"modified":"2026-01-12T07:38:25","modified_gmt":"2026-01-12T07:38:25","slug":"rieker-nilkkurit-5","status":"publish","type":"product","link":"https:\/\/toysankenkatehdas.fi\/en\/product\/rieker-nilkkurit-5\/","title":{"rendered":"Rieker nilkkurit 70010-00"},"content":{"rendered":"<p><span dir=\"auto\" style=\"vertical-align: inherit;\"><span dir=\"auto\" style=\"vertical-align: inherit;\"><span dir=\"auto\" style=\"vertical-align: inherit;\"><span dir=\"auto\" style=\"vertical-align: inherit;\"><span dir=\"auto\" style=\"vertical-align: inherit;\"><span dir=\"auto\" style=\"vertical-align: inherit;\">-Kevyt l\u00e4mmin vuori -L\u00e4mmin huopapohjallinen -Sivussa vetoketju -Helppohoitoinen keinonahka -Pit\u00e4v\u00e4 pohja<\/span><\/span><\/span><\/span><\/span><\/span><\/p>","protected":false},"excerpt":{"rendered":"<p><span dir=\"auto\" style=\"vertical-align: inherit;\"><span dir=\"auto\" style=\"vertical-align: inherit;\"><span dir=\"auto\" style=\"vertical-align: inherit;\"><span dir=\"auto\" style=\"vertical-align: inherit;\"><span dir=\"auto\" style=\"vertical-align: inherit;\"><span dir=\"auto\" style=\"vertical-align: inherit;\">shiny women\u00b4s shoes<\/span><\/span><\/span><\/span><\/span><\/span><\/p>","protected":false},"featured_media":4070,"template":"","meta":{"_et_pb_use_builder":"off","_et_pb_old_content":"-Kevyt l\u00e4mmin vuori -L\u00e4mmin huopapohjallinen -Sivussa vetoketju -Helppohoitoinen keinonahka -Pit\u00e4v\u00e4 pohja","_et_gb_content_width":""},"product_brand":[],"product_cat":[22],"product_tag":[],"class_list":{"0":"post-4339","1":"product","2":"type-product","3":"status-publish","4":"has-post-thumbnail","6":"product_cat-rieker","8":"first","9":"instock","10":"taxable","11":"shipping-taxable","12":"purchasable","13":"product-type-variable"},"_links":{"self":[{"href":"https:\/\/toysankenkatehdas.fi\/en\/wp-json\/wp\/v2\/product\/4339","targetHints":{"allow":["GET"]}}],"collection":[{"href":"https:\/\/toysankenkatehdas.fi\/en\/wp-json\/wp\/v2\/product"}],"about":[{"href":"https:\/\/toysankenkatehdas.fi\/en\/wp-json\/wp\/v2\/types\/product"}],"wp:featuredmedia":[{"embeddable":true,"href":"https:\/\/toysankenkatehdas.fi\/en\/wp-json\/wp\/v2\/media\/4070"}],"wp:attachment":[{"href":"https:\/\/toysankenkatehdas.fi\/en\/wp-json\/wp\/v2\/media?parent=4339"}],"wp:term":[{"taxonomy":"product_brand","embeddable":true,"href":"https:\/\/toysankenkatehdas.fi\/en\/wp-json\/wp\/v2\/product_brand?post=4339"},{"taxonomy":"product_cat","embeddable":true,"href":"https:\/\/toysankenkatehdas.fi\/en\/wp-json\/wp\/v2\/product_cat?post=4339"},{"taxonomy":"product_tag","embeddable":true,"href":"https:\/\/toysankenkatehdas.fi\/en\/wp-json\/wp\/v2\/product_tag?post=4339"}],"curies":[{"name":"wp","href":"https:\/\/api.w.org\/{rel}","templated":true}]}}