{"id":5634,"date":"2022-05-06T11:21:29","date_gmt":"2022-05-06T11:21:29","guid":{"rendered":"https:\/\/toysankenkatehdas.fi\/?post_type=product&#038;p=5634"},"modified":"2023-08-15T09:39:01","modified_gmt":"2023-08-15T09:39:01","slug":"rieker-r-evolution-sandaalit-20802-14","status":"publish","type":"product","link":"https:\/\/toysankenkatehdas.fi\/en\/product\/rieker-r-evolution-sandaalit-20802-14\/","title":{"rendered":"Rieker R-Evolution sandaalit 20802-14"},"content":{"rendered":"<p>-Pehme\u00e4t<\/p>\n<p>-Joustavat<\/p>\n<p>-S\u00e4\u00e4dett\u00e4v\u00e4t remmit<\/p>\n<p>&nbsp;<\/p>","protected":false},"excerpt":{"rendered":"<p>Miesten sandaalit<\/p>","protected":false},"featured_media":5635,"template":"","meta":{"_et_pb_use_builder":"","_et_pb_old_content":"","_et_gb_content_width":""},"product_brand":[],"product_cat":[22],"product_tag":[],"class_list":{"0":"post-5634","1":"product","2":"type-product","3":"status-publish","4":"has-post-thumbnail","6":"product_cat-rieker","8":"first","9":"instock","10":"taxable","11":"shipping-taxable","12":"purchasable","13":"product-type-variable"},"_links":{"self":[{"href":"https:\/\/toysankenkatehdas.fi\/en\/wp-json\/wp\/v2\/product\/5634","targetHints":{"allow":["GET"]}}],"collection":[{"href":"https:\/\/toysankenkatehdas.fi\/en\/wp-json\/wp\/v2\/product"}],"about":[{"href":"https:\/\/toysankenkatehdas.fi\/en\/wp-json\/wp\/v2\/types\/product"}],"wp:featuredmedia":[{"embeddable":true,"href":"https:\/\/toysankenkatehdas.fi\/en\/wp-json\/wp\/v2\/media\/5635"}],"wp:attachment":[{"href":"https:\/\/toysankenkatehdas.fi\/en\/wp-json\/wp\/v2\/media?parent=5634"}],"wp:term":[{"taxonomy":"product_brand","embeddable":true,"href":"https:\/\/toysankenkatehdas.fi\/en\/wp-json\/wp\/v2\/product_brand?post=5634"},{"taxonomy":"product_cat","embeddable":true,"href":"https:\/\/toysankenkatehdas.fi\/en\/wp-json\/wp\/v2\/product_cat?post=5634"},{"taxonomy":"product_tag","embeddable":true,"href":"https:\/\/toysankenkatehdas.fi\/en\/wp-json\/wp\/v2\/product_tag?post=5634"}],"curies":[{"name":"wp","href":"https:\/\/api.w.org\/{rel}","templated":true}]}}