{"id":6150,"date":"2022-08-17T12:09:16","date_gmt":"2022-08-17T12:09:16","guid":{"rendered":"https:\/\/toysankenkatehdas.fi\/?post_type=product&#038;p=6150"},"modified":"2024-03-20T15:04:35","modified_gmt":"2024-03-20T15:04:35","slug":"lahtiset-huopikkaat-3","status":"publish","type":"product","link":"https:\/\/toysankenkatehdas.fi\/en\/product\/lahtiset-huopikkaat-3\/","title":{"rendered":"Lahtiset huopikkaat"},"content":{"rendered":"<p>Perinteiset pitk\u00e4vartiset huopikkaat. Valmistettu Suomessa puhtaasta lampaanvillasta. Pit\u00e4v\u00e4 kumipohja.<\/p>","protected":false},"excerpt":{"rendered":"<p>Punaiset huopikkaat<\/p>","protected":false},"featured_media":6151,"template":"","meta":{"_et_pb_use_builder":"","_et_pb_old_content":"","_et_gb_content_width":""},"product_brand":[],"product_cat":[58],"product_tag":[],"class_list":{"0":"post-6150","1":"product","2":"type-product","3":"status-publish","4":"has-post-thumbnail","6":"product_cat-lahtiset","8":"first","9":"instock","10":"taxable","11":"shipping-taxable","12":"purchasable","13":"product-type-variable"},"_links":{"self":[{"href":"https:\/\/toysankenkatehdas.fi\/en\/wp-json\/wp\/v2\/product\/6150","targetHints":{"allow":["GET"]}}],"collection":[{"href":"https:\/\/toysankenkatehdas.fi\/en\/wp-json\/wp\/v2\/product"}],"about":[{"href":"https:\/\/toysankenkatehdas.fi\/en\/wp-json\/wp\/v2\/types\/product"}],"wp:featuredmedia":[{"embeddable":true,"href":"https:\/\/toysankenkatehdas.fi\/en\/wp-json\/wp\/v2\/media\/6151"}],"wp:attachment":[{"href":"https:\/\/toysankenkatehdas.fi\/en\/wp-json\/wp\/v2\/media?parent=6150"}],"wp:term":[{"taxonomy":"product_brand","embeddable":true,"href":"https:\/\/toysankenkatehdas.fi\/en\/wp-json\/wp\/v2\/product_brand?post=6150"},{"taxonomy":"product_cat","embeddable":true,"href":"https:\/\/toysankenkatehdas.fi\/en\/wp-json\/wp\/v2\/product_cat?post=6150"},{"taxonomy":"product_tag","embeddable":true,"href":"https:\/\/toysankenkatehdas.fi\/en\/wp-json\/wp\/v2\/product_tag?post=6150"}],"curies":[{"name":"wp","href":"https:\/\/api.w.org\/{rel}","templated":true}]}}