{"id":7931,"date":"2023-10-27T06:54:01","date_gmt":"2023-10-27T06:54:01","guid":{"rendered":"https:\/\/toysankenkatehdas.fi\/?post_type=product&#038;p=7931"},"modified":"2026-02-16T06:54:36","modified_gmt":"2026-02-16T06:54:36","slug":"lahtiset-huopikkaat-4","status":"publish","type":"product","link":"https:\/\/toysankenkatehdas.fi\/en\/product\/lahtiset-huopikkaat-4\/","title":{"rendered":"Lahtiset lasten huopikkaat"},"content":{"rendered":"<p>Perinteiset pitk\u00e4vartiset huopikkaat. Valmistettu Suomessa puhtaasta lampaanvillasta. Pit\u00e4v\u00e4 kumipohja.<\/p>","protected":false},"excerpt":{"rendered":"<p>Siniset lasten huopikkaat<\/p>","protected":false},"featured_media":6179,"template":"","meta":{"_et_pb_use_builder":"","_et_pb_old_content":"","_et_gb_content_width":""},"product_brand":[],"product_cat":[58],"product_tag":[],"class_list":{"0":"post-7931","1":"product","2":"type-product","3":"status-publish","4":"has-post-thumbnail","6":"product_cat-lahtiset","8":"first","9":"instock","10":"taxable","11":"shipping-taxable","12":"purchasable","13":"product-type-variable"},"_links":{"self":[{"href":"https:\/\/toysankenkatehdas.fi\/en\/wp-json\/wp\/v2\/product\/7931","targetHints":{"allow":["GET"]}}],"collection":[{"href":"https:\/\/toysankenkatehdas.fi\/en\/wp-json\/wp\/v2\/product"}],"about":[{"href":"https:\/\/toysankenkatehdas.fi\/en\/wp-json\/wp\/v2\/types\/product"}],"wp:featuredmedia":[{"embeddable":true,"href":"https:\/\/toysankenkatehdas.fi\/en\/wp-json\/wp\/v2\/media\/6179"}],"wp:attachment":[{"href":"https:\/\/toysankenkatehdas.fi\/en\/wp-json\/wp\/v2\/media?parent=7931"}],"wp:term":[{"taxonomy":"product_brand","embeddable":true,"href":"https:\/\/toysankenkatehdas.fi\/en\/wp-json\/wp\/v2\/product_brand?post=7931"},{"taxonomy":"product_cat","embeddable":true,"href":"https:\/\/toysankenkatehdas.fi\/en\/wp-json\/wp\/v2\/product_cat?post=7931"},{"taxonomy":"product_tag","embeddable":true,"href":"https:\/\/toysankenkatehdas.fi\/en\/wp-json\/wp\/v2\/product_tag?post=7931"}],"curies":[{"name":"wp","href":"https:\/\/api.w.org\/{rel}","templated":true}]}}