{"id":1095,"date":"2020-11-19T15:56:39","date_gmt":"2020-11-19T15:56:39","guid":{"rendered":"http:\/\/127.0.0.1\/wordpress\/?page_id=1095"},"modified":"2021-04-13T16:44:30","modified_gmt":"2021-04-13T16:44:30","slug":"about","status":"publish","type":"page","link":"https:\/\/toysankenkatehdas.fi\/fi\/about\/","title":{"rendered":"T\u00f6ys\u00e4n kenk\u00e4tehdas"},"content":{"rendered":"<p>[et_pb_section fb_built=&#8221;1&#8243; disabled_on=&#8221;on|off|off&#8221; _builder_version=&#8221;4.8.2&#8243; _module_preset=&#8221;default&#8221; vertical_offset_tablet=&#8221;-125px&#8221; vertical_offset_phone=&#8221;&#8221; vertical_offset_last_edited=&#8221;on|tablet&#8221; custom_margin=&#8221;||||false|false&#8221; custom_margin_tablet=&#8221;||-80px||false|false&#8221; custom_margin_phone=&#8221;&#8221; custom_margin_last_edited=&#8221;on|tablet&#8221; custom_padding=&#8221;0px|||||&#8221;][et_pb_row _builder_version=&#8221;4.8.2&#8243; _module_preset=&#8221;default&#8221; width=&#8221;100%&#8221; max_width=&#8221;100%&#8221; custom_padding=&#8221;0px||0px|||&#8221;][et_pb_column type=&#8221;4_4&#8243; _builder_version=&#8221;4.8.2&#8243; _module_preset=&#8221;default&#8221;][et_pb_image src=&#8221;https:\/\/toysankenkatehdas.fi\/wp-content\/uploads\/2020\/11\/banner1.png&#8221; title_text=&#8221;banner1&#8243; _builder_version=&#8221;4.8.2&#8243; _module_preset=&#8221;default&#8221;][\/et_pb_image][\/et_pb_column][\/et_pb_row][\/et_pb_section][et_pb_section fb_built=&#8221;1&#8243; custom_padding_last_edited=&#8221;on|tablet&#8221; _builder_version=&#8221;4.8.2&#8243; _module_preset=&#8221;default&#8221; custom_margin_tablet=&#8221;||||false|false&#8221; custom_margin_last_edited=&#8221;off|tablet&#8221; custom_padding=&#8221;29px||0px|||&#8221; custom_padding_tablet=&#8221;0px||0px||false|false&#8221; custom_padding_phone=&#8221;&#8221;][et_pb_row custom_padding_last_edited=&#8221;on|phone&#8221; _builder_version=&#8221;4.8.2&#8243; _module_preset=&#8221;default&#8221; vertical_offset_tablet=&#8221;-60px&#8221; vertical_offset_phone=&#8221;&#8221; vertical_offset_last_edited=&#8221;on|tablet&#8221; custom_margin_phone=&#8221;0px||||false|false&#8221; custom_margin_last_edited=&#8221;off|phone&#8221; custom_padding=&#8221;||||false|false&#8221; custom_padding_tablet=&#8221;&#8221; custom_padding_phone=&#8221;120px||||false|false&#8221;][et_pb_column type=&#8221;4_4&#8243; _builder_version=&#8221;4.7.3&#8243; _module_preset=&#8221;default&#8221;][et_pb_text _builder_version=&#8221;4.8.2&#8243; _module_preset=&#8221;default&#8221; header_font=&#8221;Open Sans|600|||||||&#8221; header_text_color=&#8221;#4D4D4D&#8221; header_font_size=&#8221;47px&#8221; header_line_height=&#8221;1.2em&#8221; width=&#8221;68%&#8221; module_alignment=&#8221;center&#8221; header_font_size_tablet=&#8221;30px&#8221; header_font_size_phone=&#8221;25px&#8221; header_font_size_last_edited=&#8221;on|tablet&#8221;]<\/p>\n<h1 style=\"text-align: center;\">Perinteisi\u00e4 suomalaisia jalkineita 90 vuoden ajalta<\/h1>\n<p>[\/et_pb_text][et_pb_text _builder_version=&#8221;4.8.2&#8243; _module_preset=&#8221;default&#8221; text_font=&#8221;Open Sans||||||||&#8221; text_text_color=&#8221;#4D4D4D&#8221; text_font_size=&#8221;18px&#8221; text_line_height=&#8221;1.8em&#8221; text_orientation=&#8221;center&#8221; custom_margin=&#8221;-15px||||false|false&#8221;]<\/p>\n<p style=\"text-align: center;\">Meill\u00e4p\u00e4in on aina arvostettu k\u00e4sill\u00e4 tekemisen taitoa. Laitettiin sitten hein\u00e4\u00e4 seip\u00e4ille, tehtiin pajupilli tai suunniteltiin jalkineet, tehd\u00e4\u00e4n se viimeisen p\u00e4\u00e4lle. T\u00f6ys\u00e4n kenk\u00e4tehdas on yksi viimeisist\u00e4 sinnikk\u00e4ist\u00e4 suomalaisista jalkinevalmistajista. Mutta kun viimeisen p\u00e4\u00e4lle tehd\u00e4\u00e4n, niin p\u00e4rj\u00e4t\u00e4\u00e4n.<\/p>\n<p>[\/et_pb_text][\/et_pb_column][\/et_pb_row][\/et_pb_section][et_pb_section fb_built=&#8221;1&#8243; _builder_version=&#8221;4.8.2&#8243; _module_preset=&#8221;default&#8221; custom_padding=&#8221;||0px|||&#8221;][et_pb_row column_structure=&#8221;1_2,1_2&#8243; _builder_version=&#8221;4.8.2&#8243; _module_preset=&#8221;default&#8221; max_width=&#8221;1920px&#8221; custom_padding=&#8221;||0px|||&#8221;][et_pb_column type=&#8221;1_2&#8243; _builder_version=&#8221;4.8.2&#8243; _module_preset=&#8221;default&#8221;][et_pb_image src=&#8221;https:\/\/toysankenkatehdas.fi\/wp-content\/uploads\/2021\/01\/16_Suutari_kiinnittaa_lapikkaiden_pohjia_png.png&#8221; title_text=&#8221;16_Suutari_kiinnittaa_lapikkaiden_pohjia_png&#8221; align_tablet=&#8221;center&#8221; align_phone=&#8221;&#8221; align_last_edited=&#8221;on|tablet&#8221; _builder_version=&#8221;4.8.2&#8243; _module_preset=&#8221;default&#8221; width=&#8221;110%&#8221; width_tablet=&#8221;100%&#8221; width_phone=&#8221;&#8221; width_last_edited=&#8221;on|tablet&#8221; custom_margin_tablet=&#8221;-70px||||false|false&#8221; custom_margin_phone=&#8221;&#8221; custom_margin_last_edited=&#8221;on|tablet&#8221;][\/et_pb_image][\/et_pb_column][et_pb_column type=&#8221;1_2&#8243; _builder_version=&#8221;4.8.2&#8243; _module_preset=&#8221;default&#8221;][et_pb_text _builder_version=&#8221;4.9.3&#8243; _module_preset=&#8221;default&#8221; text_font=&#8221;Open Sans|600|||||||&#8221; header_font=&#8221;Open Sans|600|||||||&#8221; header_text_color=&#8221;#4D4D4D&#8221; header_font_size=&#8221;47px&#8221; positioning=&#8221;relative&#8221; vertical_offset=&#8221;10px&#8221; horizontal_offset=&#8221;5%&#8221; horizontal_offset_tablet=&#8221;0%&#8221; horizontal_offset_phone=&#8221;&#8221; horizontal_offset_last_edited=&#8221;on|phone&#8221; max_width_tablet=&#8221;100%&#8221; max_width_phone=&#8221;&#8221; max_width_last_edited=&#8221;on|tablet&#8221; custom_margin=&#8221;|||-1px|false|false&#8221; custom_margin_tablet=&#8221;||||false|false&#8221; custom_margin_last_edited=&#8221;off|tablet&#8221; hover_enabled=&#8221;0&#8243; header_text_align_tablet=&#8221;left&#8221; header_text_align_last_edited=&#8221;off|tablet&#8221; header_font_size_tablet=&#8221;30px&#8221; header_font_size_phone=&#8221;&#8221; header_font_size_last_edited=&#8221;on|tablet&#8221; module_alignment_tablet=&#8221;left&#8221; module_alignment_phone=&#8221;&#8221; module_alignment_last_edited=&#8221;on|tablet&#8221; sticky_enabled=&#8221;0&#8243; content_last_edited=&#8221;on|desktop&#8221; content_tablet=&#8221;<\/p>\n<h1 style=%22text-align: center;%22>Kenk\u00e4tehdas<\/h1>\n<p>&#8221; content_phone=&#8221;<\/p>\n<h1 style=%22text-align: center;%22>Kenk\u00e4tehdas<\/h1>\n<p>&#8221; text_orientation_last_edited=&#8221;on|phone&#8221; text_orientation_tablet=&#8221;center&#8221; text_orientation_phone=&#8221;center&#8221;]<\/p>\n<h1 style=\"text-align: left;\">Kenk\u00e4tehdas<\/h1>\n<p>[\/et_pb_text][et_pb_text _builder_version=&#8221;4.9.3&#8243; _module_preset=&#8221;default&#8221; text_font=&#8221;Open Sans||||||||&#8221; text_text_color=&#8221;#4D4D4D&#8221; text_font_size=&#8221;18px&#8221; text_line_height=&#8221;1.8em&#8221; positioning=&#8221;relative&#8221; horizontal_offset=&#8221;5%&#8221; horizontal_offset_tablet=&#8221;5%&#8221; horizontal_offset_phone=&#8221;8%&#8221; horizontal_offset_last_edited=&#8221;on|phone&#8221; max_width=&#8221;100%&#8221; custom_margin=&#8221;||40px||false|false&#8221; custom_margin_tablet=&#8221;||50px|-30px|false|false&#8221; custom_margin_phone=&#8221;&#8221; custom_margin_last_edited=&#8221;on|tablet&#8221; hover_enabled=&#8221;0&#8243; text_orientation_tablet=&#8221;center&#8221; text_orientation_last_edited=&#8221;on|desktop&#8221; sticky_enabled=&#8221;0&#8243; content_last_edited=&#8221;on|phone&#8221; content_tablet=&#8221;<\/p>\n<p style=%22text-align: center;%22>Tehtaan perusti Arvid M\u00e4kel\u00e4 vuonna 1932. K\u00e4sity\u00f6n arvostaminen on ollut meille alusta asti kaiken a ja o. Viel\u00e4 t\u00e4n\u00e4kin p\u00e4iv\u00e4n\u00e4 ty\u00f6ntekij\u00e4mme ovat suutareita, oman alansa ammattilaisia, jotka tekev\u00e4t kunnon jalkineita. Kaltaisiamme ei ole j\u00e4ljell\u00e4 kuin muutama. Siksi meist\u00e4 tuntuu, ett\u00e4 Arctipsit hankkimalla asiakkaamme ovat mukana tuomassa er\u00e4st\u00e4 aikakautta nykyp\u00e4iv\u00e4\u00e4n. K\u00e4sity\u00f6l\u00e4isyyden ja jalkinetuotannon s\u00e4ilytt\u00e4minen vaativat hyvi\u00e4 ideoita. Haluamme omalta osaltamme n\u00e4ytt\u00e4\u00e4 mallia.<\/p>\n<p style=%22text-align: center;%22>Tehtaamme suutarit k\u00e4ytt\u00e4v\u00e4t edelleen perinteisi\u00e4 valmistusmenetelmi\u00e4 ja tekev\u00e4t laatujalkineita k\u00e4sity\u00f6n\u00e4. Tehdassalistamme l\u00f6ytyy monenmoista erikoisuutta, kuten yh\u00e4 k\u00e4yt\u00f6ss\u00e4 oleva yli satavuotias puunaulakone.<\/p>\n<p>&#8221; text_orientation_phone=&#8221;center&#8221;]<\/p>\n<p style=\"text-align: left;\">Tehtaan perusti Arvid M\u00e4kel\u00e4 vuonna 1932. K\u00e4sity\u00f6n arvostaminen on ollut meille alusta asti kaiken a ja o. Viel\u00e4 t\u00e4n\u00e4kin p\u00e4iv\u00e4n\u00e4 ty\u00f6ntekij\u00e4mme ovat suutareita, oman alansa ammattilaisia, jotka tekev\u00e4t kunnon jalkineita. Kaltaisiamme ei ole j\u00e4ljell\u00e4 kuin muutama. Siksi meist\u00e4 tuntuu, ett\u00e4 Arctipsit hankkimalla asiakkaamme ovat mukana tuomassa er\u00e4st\u00e4 aikakautta nykyp\u00e4iv\u00e4\u00e4n. K\u00e4sity\u00f6l\u00e4isyyden ja jalkinetuotannon s\u00e4ilytt\u00e4minen vaativat hyvi\u00e4 ideoita. Haluamme omalta osaltamme n\u00e4ytt\u00e4\u00e4 mallia.<\/p>\n<p style=\"text-align: left;\">Tehtaamme suutarit k\u00e4ytt\u00e4v\u00e4t edelleen perinteisi\u00e4 valmistusmenetelmi\u00e4 ja tekev\u00e4t laatujalkineita k\u00e4sity\u00f6n\u00e4. Tehdassalistamme l\u00f6ytyy monenmoista erikoisuutta, kuten yh\u00e4 k\u00e4yt\u00f6ss\u00e4 oleva yli satavuotias puunaulakone.<\/p>\n<p>[\/et_pb_text][\/et_pb_column][\/et_pb_row][\/et_pb_section][et_pb_section fb_built=&#8221;1&#8243; _builder_version=&#8221;4.8.2&#8243; _module_preset=&#8221;default&#8221; custom_padding=&#8221;0px|||||&#8221;][et_pb_row column_structure=&#8221;1_2,1_2&#8243; custom_padding_last_edited=&#8221;on|tablet&#8221; _builder_version=&#8221;4.8.2&#8243; _module_preset=&#8221;default&#8221; max_width=&#8221;1920px&#8221; custom_padding=&#8221;20px|||||&#8221; custom_padding_tablet=&#8221;0px||||false|false&#8221; custom_padding_phone=&#8221;&#8221; module_alignment_tablet=&#8221;center&#8221; module_alignment_phone=&#8221;&#8221; module_alignment_last_edited=&#8221;on|tablet&#8221;][et_pb_column type=&#8221;1_2&#8243; _builder_version=&#8221;4.8.2&#8243; _module_preset=&#8221;default&#8221;][et_pb_text _builder_version=&#8221;4.9.3&#8243; _module_preset=&#8221;default&#8221; text_font=&#8221;Open Sans|600|||||||&#8221; header_font=&#8221;Open Sans|600|||||||&#8221; header_text_color=&#8221;#4D4D4D&#8221; header_font_size=&#8221;47px&#8221; positioning=&#8221;relative&#8221; vertical_offset=&#8221;40px&#8221; horizontal_offset=&#8221;5%&#8221; horizontal_offset_tablet=&#8221;0%&#8221; horizontal_offset_phone=&#8221;&#8221; horizontal_offset_last_edited=&#8221;on|tablet&#8221; max_width_tablet=&#8221;100%&#8221; max_width_phone=&#8221;&#8221; max_width_last_edited=&#8221;on|tablet&#8221; custom_margin=&#8221;-10px||||false|false&#8221; custom_margin_tablet=&#8221;&#8221; custom_margin_phone=&#8221;&#8221; custom_margin_last_edited=&#8221;on|desktop&#8221; hover_enabled=&#8221;0&#8243; header_text_align_tablet=&#8221;center&#8221; header_text_align_phone=&#8221;&#8221; header_text_align_last_edited=&#8221;on|tablet&#8221; header_font_size_tablet=&#8221;30px&#8221; header_font_size_phone=&#8221;&#8221; header_font_size_last_edited=&#8221;on|tablet&#8221; module_alignment_tablet=&#8221;center&#8221; module_alignment_phone=&#8221;&#8221; module_alignment_last_edited=&#8221;on|tablet&#8221; text_orientation=&#8221;right&#8221; sticky_enabled=&#8221;0&#8243; content_last_edited=&#8221;on|phone&#8221; content_tablet=&#8221;<\/p>\n<h1>Kokemusta ja laatua<\/h1>\n<p>&#8221; text_orientation_last_edited=&#8221;on|desktop&#8221; text_orientation_tablet=&#8221;center&#8221;]<\/p>\n<h1 style=\"text-align: right;\">Kokemusta ja laatua<\/h1>\n<p>[\/et_pb_text][et_pb_text _builder_version=&#8221;4.9.3&#8243; _module_preset=&#8221;default&#8221; text_font=&#8221;Open Sans||||||||&#8221; text_text_color=&#8221;#4D4D4D&#8221; text_font_size=&#8221;18px&#8221; text_line_height=&#8221;1.8em&#8221; positioning=&#8221;relative&#8221; vertical_offset=&#8221;20px&#8221; horizontal_offset=&#8221;5%&#8221; horizontal_offset_tablet=&#8221;0%&#8221; horizontal_offset_phone=&#8221;&#8221; horizontal_offset_last_edited=&#8221;on|tablet&#8221; max_width=&#8221;100%&#8221; hover_enabled=&#8221;0&#8243; text_orientation_tablet=&#8221;center&#8221; text_orientation_phone=&#8221;center&#8221; text_orientation_last_edited=&#8221;on|phone&#8221; content_last_edited=&#8221;on|desktop&#8221; sticky_enabled=&#8221;0&#8243; content_phone=&#8221;<\/p>\n<p style=%22text-align: center;%22>Ajat muuttuvat, mutta luja ty\u00f6 kest\u00e4\u00e4. Kiitos, ett\u00e4 tutustuit T\u00f6ys\u00e4n kenk\u00e4tehtaaseen ja Arctips-huopalapikkaisiin. Toivottavasti pid\u00e4t jalkineista ja k\u00e4yt\u00e4t niit\u00e4 pitk\u00e4\u00e4n ja hartaasti. Ne ovat sen ansainneet.<\/p>\n<p style=%22text-align: center;%22>Tehtaan perustaja Arvid M\u00e4kel\u00e4 oli kova ty\u00f6mies, jolla pysyiv\u00e4t ty\u00f6kalut k\u00e4dess\u00e4. Perinteet velvoittavat ja lupaamme, ett\u00e4 Arctips-jalkineet valmistetaan k\u00e4sity\u00f6n\u00e4 ja kovalla ammattitaidolla. Siksi ne kest\u00e4v\u00e4t. Se oli my\u00f6s yrityksen perustajan mielest\u00e4 ensiarvoisen t\u00e4rke\u00e4\u00e4.<\/p>\n<p>&#8221; content_tablet=&#8221;<\/p>\n<p style=%22text-align: center;%22>Ajat muuttuvat, mutta luja ty\u00f6 kest\u00e4\u00e4. Kiitos, ett\u00e4 tutustuit T\u00f6ys\u00e4n kenk\u00e4tehtaaseen ja Arctips-huopalapikkaisiin. Toivottavasti pid\u00e4t jalkineista ja k\u00e4yt\u00e4t niit\u00e4 pitk\u00e4\u00e4n ja hartaasti. Ne ovat sen ansainneet.<\/p>\n<p style=%22text-align: center;%22>Tehtaan perustaja Arvid M\u00e4kel\u00e4 oli kova ty\u00f6mies, jolla pysyiv\u00e4t ty\u00f6kalut k\u00e4dess\u00e4. Perinteet velvoittavat ja lupaamme, ett\u00e4 Arctips-jalkineet valmistetaan k\u00e4sity\u00f6n\u00e4 ja kovalla ammattitaidolla. Siksi ne kest\u00e4v\u00e4t. Se oli my\u00f6s yrityksen perustajan mielest\u00e4 ensiarvoisen t\u00e4rke\u00e4\u00e4.<\/p>\n<p>&#8221; text_orientation=&#8221;right&#8221;]<\/p>\n<p style=\"text-align: right;\">Ajat muuttuvat, mutta luja ty\u00f6 kest\u00e4\u00e4. Kiitos, ett\u00e4 tutustuit T\u00f6ys\u00e4n kenk\u00e4tehtaaseen ja Arctips-huopalapikkaisiin. Toivottavasti pid\u00e4t jalkineista ja k\u00e4yt\u00e4t niit\u00e4 pitk\u00e4\u00e4n ja hartaasti. Ne ovat sen ansainneet.<\/p>\n<p style=\"text-align: right;\">Tehtaan perustaja Arvid M\u00e4kel\u00e4 oli kova ty\u00f6mies, jolla pysyiv\u00e4t ty\u00f6kalut k\u00e4dess\u00e4. Perinteet velvoittavat ja lupaamme, ett\u00e4 Arctips-jalkineet valmistetaan k\u00e4sity\u00f6n\u00e4 ja kovalla ammattitaidolla. Siksi ne kest\u00e4v\u00e4t. Se oli my\u00f6s yrityksen perustajan mielest\u00e4 ensiarvoisen t\u00e4rke\u00e4\u00e4.<\/p>\n<p>[\/et_pb_text][et_pb_button button_url=&#8221;@ET-DC@eyJkeW5hbWljIjp0cnVlLCJjb250ZW50IjoicG9zdF9saW5rX3VybF9wYWdlIiwic2V0dGluZ3MiOnsicG9zdF9pZCI6IjEwOTcifX0=@&#8221; button_text=&#8221;Tutustu valikoimaamme&#8221; button_alignment=&#8221;right&#8221; _builder_version=&#8221;4.9.3&#8243; _dynamic_attributes=&#8221;button_url&#8221; _module_preset=&#8221;default&#8221; custom_button=&#8221;on&#8221; button_text_color=&#8221;#4D4D4D&#8221; button_bg_color=&#8221;RGBA(0,0,0,0)&#8221; button_border_width=&#8221;1px&#8221; button_border_color=&#8221;#4D4D4D&#8221; button_border_radius=&#8221;0px&#8221; button_letter_spacing=&#8221;1px&#8221; button_font=&#8221;Open Sans|600||on|||||&#8221; positioning=&#8221;relative&#8221; horizontal_offset=&#8221;5%&#8221; horizontal_offset_tablet=&#8221;0%&#8221; horizontal_offset_phone=&#8221;&#8221; horizontal_offset_last_edited=&#8221;on|tablet&#8221; custom_margin_tablet=&#8221;0px||30px||false|false&#8221; custom_margin_phone=&#8221;&#8221; custom_margin_last_edited=&#8221;on|tablet&#8221; custom_padding=&#8221;12px|40px|12px|40px|false|false&#8221; hover_enabled=&#8221;0&#8243; button_alignment_last_edited=&#8221;on|desktop&#8221; button_alignment_phone=&#8221;center&#8221; sticky_enabled=&#8221;0&#8243; button_alignment_tablet=&#8221;center&#8221;][\/et_pb_button][\/et_pb_column][et_pb_column type=&#8221;1_2&#8243; _builder_version=&#8221;4.8.2&#8243; _module_preset=&#8221;default&#8221;][et_pb_image src=&#8221;https:\/\/toysankenkatehdas.fi\/wp-content\/uploads\/2021\/01\/20131122_Toysan_Kenkatehdas_viimeistely_tarrat_harjaus_leimat_kasityo_jpg.jpg-scaled.jpg&#8221; title_text=&#8221;20131122_Toysan_Kenkatehdas_viimeistely_tarrat_harjaus_leimat_kasityo_jpg.jpg&#8221; _builder_version=&#8221;4.8.2&#8243; _module_preset=&#8221;default&#8221;][\/et_pb_image][\/et_pb_column][\/et_pb_row][et_pb_row _builder_version=&#8221;4.8.2&#8243; _module_preset=&#8221;default&#8221; max_width=&#8221;100%&#8221; max_height=&#8221;900px&#8221; custom_margin=&#8221;30px|auto||auto||&#8221; custom_padding=&#8221;0px||0px|||&#8221;][et_pb_column type=&#8221;4_4&#8243; _builder_version=&#8221;4.8.2&#8243; _module_preset=&#8221;default&#8221;][et_pb_gallery gallery_ids=&#8221;2644,2645,2646,2643&#8243; fullwidth=&#8221;on&#8221; _builder_version=&#8221;4.8.2&#8243; _module_preset=&#8221;default&#8221; module_alignment=&#8221;center&#8221; max_height=&#8221;900px&#8221;][\/et_pb_gallery][\/et_pb_column][\/et_pb_row][\/et_pb_section]<\/p>\n","protected":false},"excerpt":{"rendered":"<p>Perinteisi\u00e4 suomalaisia jalkineita 90 vuoden ajaltaMeill\u00e4p\u00e4in on aina arvostettu k\u00e4sill\u00e4 tekemisen taitoa. Laitettiin sitten hein\u00e4\u00e4 seip\u00e4ille, tehtiin pajupilli tai suunniteltiin jalkineet, tehd\u00e4\u00e4n se viimeisen p\u00e4\u00e4lle. T\u00f6ys\u00e4n kenk\u00e4tehdas on yksi viimeisist\u00e4 sinnikk\u00e4ist\u00e4 suomalaisista jalkinevalmistajista. Mutta kun viimeisen p\u00e4\u00e4lle tehd\u00e4\u00e4n, niin p\u00e4rj\u00e4t\u00e4\u00e4n.Kenk\u00e4tehdasTehtaan perusti Arvid M\u00e4kel\u00e4 vuonna 1932. K\u00e4sity\u00f6n arvostaminen on ollut meille alusta asti kaiken a ja [&hellip;]<\/p>\n","protected":false},"author":1,"featured_media":0,"parent":0,"menu_order":0,"comment_status":"closed","ping_status":"closed","template":"","meta":{"_et_pb_use_builder":"on","_et_pb_old_content":"","_et_gb_content_width":"","footnotes":""},"class_list":["post-1095","page","type-page","status-publish","hentry"],"_links":{"self":[{"href":"https:\/\/toysankenkatehdas.fi\/fi\/wp-json\/wp\/v2\/pages\/1095","targetHints":{"allow":["GET"]}}],"collection":[{"href":"https:\/\/toysankenkatehdas.fi\/fi\/wp-json\/wp\/v2\/pages"}],"about":[{"href":"https:\/\/toysankenkatehdas.fi\/fi\/wp-json\/wp\/v2\/types\/page"}],"author":[{"embeddable":true,"href":"https:\/\/toysankenkatehdas.fi\/fi\/wp-json\/wp\/v2\/users\/1"}],"replies":[{"embeddable":true,"href":"https:\/\/toysankenkatehdas.fi\/fi\/wp-json\/wp\/v2\/comments?post=1095"}],"version-history":[{"count":37,"href":"https:\/\/toysankenkatehdas.fi\/fi\/wp-json\/wp\/v2\/pages\/1095\/revisions"}],"predecessor-version":[{"id":2793,"href":"https:\/\/toysankenkatehdas.fi\/fi\/wp-json\/wp\/v2\/pages\/1095\/revisions\/2793"}],"wp:attachment":[{"href":"https:\/\/toysankenkatehdas.fi\/fi\/wp-json\/wp\/v2\/media?parent=1095"}],"curies":[{"name":"wp","href":"https:\/\/api.w.org\/{rel}","templated":true}]}}