{"id":1099,"date":"2020-11-19T15:57:03","date_gmt":"2020-11-19T15:57:03","guid":{"rendered":"http:\/\/127.0.0.1\/wordpress\/?page_id=1099"},"modified":"2021-11-11T10:06:44","modified_gmt":"2021-11-11T10:06:44","slug":"contact","status":"publish","type":"page","link":"https:\/\/toysankenkatehdas.fi\/fi\/contact\/","title":{"rendered":"Ota yhteytt\u00e4"},"content":{"rendered":"<p>[et_pb_section fb_built=&#8221;1&#8243; disabled_on=&#8221;on|off|off&#8221; _builder_version=&#8221;4.8.2&#8243; _module_preset=&#8221;default&#8221; vertical_offset_tablet=&#8221;-125px&#8221; vertical_offset_phone=&#8221;&#8221; vertical_offset_last_edited=&#8221;on|tablet&#8221; custom_margin=&#8221;||||false|false&#8221; custom_margin_tablet=&#8221;||-80px||false|false&#8221; custom_margin_phone=&#8221;&#8221; custom_margin_last_edited=&#8221;on|tablet&#8221; custom_padding=&#8221;0px|||||&#8221; locked=&#8221;off&#8221;][et_pb_row _builder_version=&#8221;4.8.2&#8243; _module_preset=&#8221;default&#8221; width=&#8221;100%&#8221; max_width=&#8221;100%&#8221; custom_padding=&#8221;0px||0px|||&#8221;][et_pb_column type=&#8221;4_4&#8243; _builder_version=&#8221;4.8.2&#8243; _module_preset=&#8221;default&#8221;][et_pb_image src=&#8221;https:\/\/toysankenkatehdas.fi\/wp-content\/uploads\/2020\/11\/banner1.png&#8221; title_text=&#8221;banner1&#8243; _builder_version=&#8221;4.9.3&#8243; _module_preset=&#8221;default&#8221;][\/et_pb_image][\/et_pb_column][\/et_pb_row][\/et_pb_section][et_pb_section fb_built=&#8221;1&#8243; _builder_version=&#8221;4.9.4&#8243; _module_preset=&#8221;default&#8221; vertical_offset_tablet=&#8221;-90px&#8221; vertical_offset_phone=&#8221;&#8221; vertical_offset_last_edited=&#8221;on|phone&#8221; custom_margin=&#8221;0%|20px|0px|20px|false|false&#8221; custom_padding=&#8221;10px||0px||false|false&#8221;][et_pb_row _builder_version=&#8221;4.7.2&#8243; _module_preset=&#8221;default&#8221; min_height=&#8221;64px&#8221; height=&#8221;64px&#8221; max_height=&#8221;64px&#8221;][et_pb_column type=&#8221;4_4&#8243; _builder_version=&#8221;4.7.2&#8243; _module_preset=&#8221;default&#8221;][et_pb_text _builder_version=&#8221;4.9.4&#8243; _module_preset=&#8221;default&#8221; header_font=&#8221;Open Sans|600|||||||&#8221; header_text_align=&#8221;center&#8221; header_text_color=&#8221;#4d4d4d&#8221; header_font_size=&#8221;47px&#8221; positioning=&#8221;relative&#8221; vertical_offset=&#8221;-30px&#8221; custom_margin_tablet=&#8221;30px||||false|false&#8221; custom_margin_phone=&#8221;120px||-30px||false|false&#8221; custom_margin_last_edited=&#8221;on|tablet&#8221; custom_padding=&#8221;||10px||false|false&#8221; header_font_size_tablet=&#8221;&#8221; header_font_size_phone=&#8221;32px&#8221; header_font_size_last_edited=&#8221;on|phone&#8221;]<\/p>\n<h1>Yhteystiedot<\/h1>\n<p>[\/et_pb_text][\/et_pb_column][\/et_pb_row][et_pb_row column_structure=&#8221;1_2,1_2&#8243; _builder_version=&#8221;4.9.4&#8243; _module_preset=&#8221;default&#8221; width=&#8221;100%&#8221; max_width=&#8221;1640px&#8221; module_alignment=&#8221;center&#8221; custom_margin=&#8221;|auto|40px|auto|false|false&#8221; custom_padding=&#8221;0px||0px|||&#8221;][et_pb_column type=&#8221;1_2&#8243; _builder_version=&#8221;4.7.2&#8243; _module_preset=&#8221;default&#8221;][et_pb_image src=&#8221;https:\/\/toysankenkatehdas.fi\/wp-content\/uploads\/2020\/11\/Image-from-iOS-scaled-e1605822486887.jpg&#8221; title_text=&#8221;tehdaskuva1&#8243; disabled_on=&#8221;on|on|off&#8221; _builder_version=&#8221;4.9.4&#8243; _module_preset=&#8221;default&#8221; positioning=&#8221;relative&#8221; vertical_offset=&#8221;0px&#8221; horizontal_offset=&#8221;35px&#8221; width=&#8221;100%&#8221; max_width=&#8221;812px&#8221; module_alignment=&#8221;center&#8221; min_height=&#8221;100%&#8221; height=&#8221;997px&#8221;][\/et_pb_image][\/et_pb_column][et_pb_column type=&#8221;1_2&#8243; _builder_version=&#8221;4.7.2&#8243; _module_preset=&#8221;default&#8221;][et_pb_text content_tablet=&#8221;<\/p>\n<h1 style=%22text-align: center;%22>T\u00f6ys\u00e4n kenk\u00e4tehdas Oy<\/h1>\n<p>&#8221; content_phone=&#8221;&#8221; content_last_edited=&#8221;on|tablet&#8221; _builder_version=&#8221;4.9.4&#8243; _module_preset=&#8221;default&#8221; header_font=&#8221;Open Sans|600|||||||&#8221; header_text_align=&#8221;left&#8221; header_text_color=&#8221;#4d4d4d&#8221; header_font_size=&#8221;38px&#8221; custom_margin=&#8221;0px||||false|false&#8221; custom_margin_tablet=&#8221;&#8221; custom_margin_phone=&#8221;0px||10px||false|false&#8221; custom_margin_last_edited=&#8221;on|phone&#8221; header_font_size_tablet=&#8221;&#8221; header_font_size_phone=&#8221;24px&#8221; header_font_size_last_edited=&#8221;on|phone&#8221; text_orientation_tablet=&#8221;center&#8221; text_orientation_phone=&#8221;&#8221; text_orientation_last_edited=&#8221;on|tablet&#8221;]<\/p>\n<h1>T\u00f6ys\u00e4n kenk\u00e4tehdas Oy<\/h1>\n<p>[\/et_pb_text][et_pb_text content_tablet=&#8221;<\/p>\n<h2 style=%22text-align: center;%22>Tehdas<\/h2>\n<p style=%22text-align: center;%22>Keskustie 61, 63600 T\u00f6ys\u00e4<\/p>\n<p style=%22text-align: center;%22>+358 6 526 1421<\/p>\n<p style=%22text-align: center;%22>toysankenkatehdas@netikka.fi<\/p>\n<h1><\/h1>\n<p>&#8221; content_phone=&#8221;&#8221; content_last_edited=&#8221;on|tablet&#8221; _builder_version=&#8221;4.9.4&#8243; _module_preset=&#8221;default&#8221; text_font=&#8221;Open Sans||||||||&#8221; text_text_color=&#8221;#4d4d4d&#8221; text_line_height=&#8221;1.2em&#8221; header_font=&#8221;Open Sans|600|||||||&#8221; header_text_align=&#8221;left&#8221; header_text_color=&#8221;#4d4d4d&#8221; header_font_size=&#8221;45px&#8221; header_2_font=&#8221;Open Sans|600|||||||&#8221; header_2_text_align=&#8221;left&#8221; header_2_font_size=&#8221;18px&#8221; header_2_line_height=&#8221;2em&#8221; positioning=&#8221;relative&#8221; vertical_offset=&#8221;-50px&#8221; vertical_offset_tablet=&#8221;-40px&#8221; vertical_offset_phone=&#8221;&#8221; vertical_offset_last_edited=&#8221;on|tablet&#8221; horizontal_offset_tablet=&#8221;16%&#8221; horizontal_offset_phone=&#8221;&#8221; horizontal_offset_last_edited=&#8221;on|tablet&#8221; max_width=&#8221;30%&#8221; height=&#8221;150px&#8221; custom_margin=&#8221;0px||||false|false&#8221; custom_padding=&#8221;40px||||false|false&#8221; hover_enabled=&#8221;0&#8243; header_text_align_tablet=&#8221;center&#8221; header_text_align_phone=&#8221;&#8221; header_text_align_last_edited=&#8221;on|tablet&#8221; text_orientation_tablet=&#8221;center&#8221; text_orientation_phone=&#8221;&#8221; text_orientation_last_edited=&#8221;on|tablet&#8221; sticky_enabled=&#8221;0&#8243;]<\/p>\n<h2>Tehdas<\/h2>\n<p>Keskustie 61, 63600 T\u00f6ys\u00e4<\/p>\n<p>06-5125432<\/p>\n<p>toysankenkatehdas@netikka.fi<\/p>\n<h1><\/h1>\n<p>[\/et_pb_text][et_pb_text content_tablet=&#8221;<\/p>\n<h2 style=%22text-align: center;%22>Myym\u00e4l\u00e4<\/h2>\n<p style=%22text-align: center;%22>Avoinna MA-PE 9-15, LA 9-14<\/p>\n<p style=%22text-align: center;%22>Keskustie 61, 63600 T\u00f6ys\u00e4<\/p>\n<p style=%22text-align: center;%22>+358 6 512 543<\/p>\n<p>&#8221; content_phone=&#8221;&#8221; content_last_edited=&#8221;on|tablet&#8221; _builder_version=&#8221;4.9.4&#8243; _module_preset=&#8221;default&#8221; text_font=&#8221;Open Sans||||||||&#8221; text_text_color=&#8221;#4d4d4d&#8221; text_line_height=&#8221;1.2em&#8221; header_font=&#8221;Open Sans|600|||||||&#8221; header_text_align=&#8221;left&#8221; header_text_color=&#8221;#4d4d4d&#8221; header_font_size=&#8221;45px&#8221; header_2_font=&#8221;Open Sans|600|||||||&#8221; header_2_text_align=&#8221;left&#8221; header_2_font_size=&#8221;18px&#8221; header_2_line_height=&#8221;2em&#8221; positioning=&#8221;relative&#8221; vertical_offset=&#8221;-245px&#8221; horizontal_offset=&#8221;300px&#8221; vertical_offset_tablet=&#8221;-220px&#8221; vertical_offset_phone=&#8221;&#8221; vertical_offset_last_edited=&#8221;on|tablet&#8221; horizontal_offset_tablet=&#8221;50%&#8221; horizontal_offset_phone=&#8221;&#8221; horizontal_offset_last_edited=&#8221;on|tablet&#8221; max_width=&#8221;30%&#8221; height=&#8221;150px&#8221; custom_margin=&#8221;0px||||false|false&#8221; custom_padding=&#8221;40px||||false|false&#8221; hover_enabled=&#8221;0&#8243; header_text_align_tablet=&#8221;center&#8221; header_text_align_phone=&#8221;&#8221; header_text_align_last_edited=&#8221;on|tablet&#8221; text_orientation_tablet=&#8221;center&#8221; text_orientation_phone=&#8221;&#8221; text_orientation_last_edited=&#8221;on|tablet&#8221; sticky_enabled=&#8221;0&#8243;]<\/p>\n<h2>Myym\u00e4l\u00e4<\/h2>\n<p>Avoinna MA-PE 9-15, LA 9-14<\/p>\n<p>Keskustie 61, 63600 T\u00f6ys\u00e4<\/p>\n<p>06-5125432<\/p>\n<p>[\/et_pb_text][et_pb_text content_tablet=&#8221;<\/p>\n<h1 style=%22text-align: center;%22>Ota yhteytt\u00e4<\/h1>\n<p>&#8221; content_phone=&#8221;&#8221; content_last_edited=&#8221;on|tablet&#8221; _builder_version=&#8221;4.9.4&#8243; _module_preset=&#8221;default&#8221; header_font=&#8221;Open Sans|600|||||||&#8221; header_text_align=&#8221;left&#8221; header_text_color=&#8221;#4d4d4d&#8221; header_font_size=&#8221;38px&#8221; custom_margin=&#8221;-180px||-15px||false|false&#8221; custom_margin_tablet=&#8221;-150px||-15px||false|false&#8221; custom_margin_phone=&#8221;-120px||||false|false&#8221; custom_margin_last_edited=&#8221;on|tablet&#8221; custom_padding=&#8221;0px|||||&#8221; header_text_align_tablet=&#8221;center&#8221; header_text_align_phone=&#8221;&#8221; header_text_align_last_edited=&#8221;on|tablet&#8221; header_font_size_tablet=&#8221;&#8221; header_font_size_phone=&#8221;28px&#8221; header_font_size_last_edited=&#8221;on|phone&#8221;]<\/p>\n<h1>Ota yhteytt\u00e4<\/h1>\n<p>[\/et_pb_text][et_pb_contact_form captcha=&#8221;off&#8221; email=&#8221;toysankenkatehdas@netikka.fi&#8221; custom_message=&#8221;L\u00e4hett\u00e4j\u00e4: %%name%%||et_pb_line_break_holder||S\u00e4hk\u00f6posti: %%email%%||et_pb_line_break_holder||Puhelinnumero: %%phone%%||et_pb_line_break_holder||||et_pb_line_break_holder||Viesti:||et_pb_line_break_holder||%%message%%&#8221; success_message=&#8221;Kiitos, viestisi on l\u00e4hetetty! Vastaamme siihen mahdollisimman pian.&#8221; submit_button_text=&#8221;L\u00e4het\u00e4&#8221; _builder_version=&#8221;4.9.4&#8243; _module_preset=&#8221;default&#8221; captcha_font=&#8221;Open Sans|600||on|||||&#8221; captcha_text_color=&#8221;#4d4d4d&#8221; captcha_font_size=&#8221;20px&#8221; captcha_letter_spacing=&#8221;1px&#8221; form_field_font=&#8221;Open Sans|||on|||||&#8221; form_field_text_align=&#8221;left&#8221; custom_button=&#8221;on&#8221; button_text_size=&#8221;16px&#8221; button_text_color=&#8221;#4d4d4d&#8221; button_bg_color=&#8221;rgba(0,0,0,0)&#8221; button_border_width=&#8221;1px&#8221; button_border_color=&#8221;#707070&#8243; button_border_radius=&#8221;0px&#8221; button_letter_spacing=&#8221;1px&#8221; button_font=&#8221;Open Sans|600||on|||||&#8221; button_use_icon=&#8221;off&#8221; button_custom_margin=&#8221;10px||||false|false&#8221; button_custom_padding=&#8221;10px|50px|10px|50px|false|false&#8221; positioning=&#8221;relative&#8221; vertical_offset=&#8221;60px&#8221; custom_margin_tablet=&#8221;||70px||false|false&#8221; custom_margin_phone=&#8221;&#8221; custom_margin_last_edited=&#8221;on|tablet&#8221; button_text_color__hover_enabled=&#8221;on|hover&#8221; button_text_color__hover=&#8221;#ffffff&#8221; button_bg_color__hover_enabled=&#8221;on|hover&#8221; button_bg_color__hover=&#8221;#707070&#8243; button_bg_enable_color__hover=&#8221;on&#8221;][et_pb_contact_field field_id=&#8221;name&#8221; field_title=&#8221;Nimi*&#8221; fullwidth_field=&#8221;on&#8221; _builder_version=&#8221;4.7.3&#8243; _module_preset=&#8221;default&#8221; form_field_background_color=&#8221;rgba(0,0,0,0)&#8221; form_field_text_color=&#8221;#4d4d4d&#8221; form_field_focus_background_color=&#8221;rgba(0,0,0,0)&#8221; form_field_text_align=&#8221;left&#8221; width=&#8221;100%&#8221; max_width=&#8221;450px&#8221; border_width_all=&#8221;1px&#8221; border_color_all=&#8221;#707070&#8243;][\/et_pb_contact_field][et_pb_contact_field field_id=&#8221;email&#8221; field_title=&#8221;S\u00e4hk\u00f6posti*&#8221; fullwidth_field=&#8221;on&#8221; _builder_version=&#8221;4.7.3&#8243; _module_preset=&#8221;default&#8221; form_field_background_color=&#8221;rgba(0,0,0,0)&#8221; form_field_text_color=&#8221;#4d4d4d&#8221; form_field_focus_background_color=&#8221;rgba(0,0,0,0)&#8221; form_field_text_align=&#8221;left&#8221; text_orientation=&#8221;left&#8221; width=&#8221;100%&#8221; max_width=&#8221;450px&#8221; module_alignment=&#8221;left&#8221; border_width_all=&#8221;1px&#8221; border_color_all=&#8221;#707070&#8243;][\/et_pb_contact_field][et_pb_contact_field field_id=&#8221;phone&#8221; field_title=&#8221;Puhelin&#8221; allowed_symbols=&#8221;numbers&#8221; required_mark=&#8221;off&#8221; fullwidth_field=&#8221;on&#8221; _builder_version=&#8221;4.7.3&#8243; _module_preset=&#8221;default&#8221; form_field_background_color=&#8221;rgba(0,0,0,0)&#8221; form_field_text_color=&#8221;#4d4d4d&#8221; form_field_focus_background_color=&#8221;rgba(0,0,0,0)&#8221; form_field_text_align=&#8221;left&#8221; text_orientation=&#8221;left&#8221; width=&#8221;100%&#8221; max_width=&#8221;450px&#8221; module_alignment=&#8221;left&#8221; border_width_all=&#8221;1px&#8221; border_color_all=&#8221;#707070&#8243;][\/et_pb_contact_field][et_pb_contact_field field_id=&#8221;message&#8221; field_title=&#8221;Viesti*&#8221; field_type=&#8221;text&#8221; fullwidth_field=&#8221;on&#8221; _builder_version=&#8221;4.7.3&#8243; form_field_background_color=&#8221;rgba(0,0,0,0)&#8221; form_field_text_color=&#8221;#4d4d4d&#8221; form_field_focus_background_color=&#8221;rgba(0,0,0,0)&#8221; form_field_text_align=&#8221;left&#8221; text_orientation=&#8221;left&#8221; width=&#8221;100%&#8221; max_width=&#8221;90%&#8221; module_alignment=&#8221;left&#8221; border_width_all=&#8221;1px&#8221; border_color_all=&#8221;#707070&#8243; button_text_size__hover_enabled=&#8221;off&#8221; button_one_text_size__hover_enabled=&#8221;off&#8221; button_two_text_size__hover_enabled=&#8221;off&#8221; button_text_color__hover_enabled=&#8221;off&#8221; button_one_text_color__hover_enabled=&#8221;off&#8221; button_two_text_color__hover_enabled=&#8221;off&#8221; button_border_width__hover_enabled=&#8221;off&#8221; button_one_border_width__hover_enabled=&#8221;off&#8221; button_two_border_width__hover_enabled=&#8221;off&#8221; button_border_color__hover_enabled=&#8221;off&#8221; button_one_border_color__hover_enabled=&#8221;off&#8221; button_two_border_color__hover_enabled=&#8221;off&#8221; button_border_radius__hover_enabled=&#8221;off&#8221; button_one_border_radius__hover_enabled=&#8221;off&#8221; button_two_border_radius__hover_enabled=&#8221;off&#8221; button_letter_spacing__hover_enabled=&#8221;off&#8221; button_one_letter_spacing__hover_enabled=&#8221;off&#8221; button_two_letter_spacing__hover_enabled=&#8221;off&#8221; button_bg_color__hover_enabled=&#8221;off&#8221; button_one_bg_color__hover_enabled=&#8221;off&#8221; button_two_bg_color__hover_enabled=&#8221;off&#8221;][\/et_pb_contact_field][\/et_pb_contact_form][\/et_pb_column][\/et_pb_row][et_pb_row _builder_version=&#8221;4.9.4&#8243; _module_preset=&#8221;default&#8221; width=&#8221;100%&#8221; max_width=&#8221;1570px&#8221; module_alignment=&#8221;center&#8221; custom_margin=&#8221;||30px||false|false&#8221; custom_margin_tablet=&#8221;||0px||false|false&#8221; custom_margin_phone=&#8221;&#8221; custom_margin_last_edited=&#8221;on|tablet&#8221; custom_padding=&#8221;0px||0px|||&#8221;][et_pb_column type=&#8221;4_4&#8243; _builder_version=&#8221;4.7.3&#8243; _module_preset=&#8221;default&#8221;][et_pb_code _builder_version=&#8221;4.9.4&#8243; _module_preset=&#8221;default&#8221;]<iframe loading=\"lazy\" src=\"https:\/\/www.google.com\/maps\/embed?pb=!1m18!1m12!1m3!1d5188.247204704946!2d23.831588818317368!3d62.62896809594392!2m3!1f0!2f0!3f0!3m2!1i1024!2i768!4f13.1!3m3!1m2!1s0x4686139834517813%3A0xa9fc8e780a2c67c0!2zVMO2eXPDpG4gS2Vua8OkdGVoZGFzIE95!5e0!3m2!1sfi!2sfi!4v1606726280613!5m2!1sfi!2sfi\" width=\"100%\" height=\"450\" frameborder=\"0\" style=\"border:0;\" allowfullscreen=\"\" aria-hidden=\"false\" tabindex=\"0\"><\/iframe>[\/et_pb_code][\/et_pb_column][\/et_pb_row][\/et_pb_section]<\/p>\n","protected":false},"excerpt":{"rendered":"<p>YhteystiedotT\u00f6ys\u00e4n kenk\u00e4tehdas OyTehdas Keskustie 61, 63600 T\u00f6ys\u00e4 06-5125432 toysankenkatehdas@netikka.fi Myym\u00e4l\u00e4 Avoinna MA-PE 9-15, LA 9-14 Keskustie 61, 63600 T\u00f6ys\u00e4 06-5125432Ota yhteytt\u00e4<\/p>\n","protected":false},"author":1,"featured_media":0,"parent":0,"menu_order":0,"comment_status":"closed","ping_status":"closed","template":"","meta":{"_et_pb_use_builder":"on","_et_pb_old_content":"<!-- wp:divi\/placeholder \/-->","_et_gb_content_width":"","footnotes":""},"class_list":["post-1099","page","type-page","status-publish","hentry"],"_links":{"self":[{"href":"https:\/\/toysankenkatehdas.fi\/fi\/wp-json\/wp\/v2\/pages\/1099","targetHints":{"allow":["GET"]}}],"collection":[{"href":"https:\/\/toysankenkatehdas.fi\/fi\/wp-json\/wp\/v2\/pages"}],"about":[{"href":"https:\/\/toysankenkatehdas.fi\/fi\/wp-json\/wp\/v2\/types\/page"}],"author":[{"embeddable":true,"href":"https:\/\/toysankenkatehdas.fi\/fi\/wp-json\/wp\/v2\/users\/1"}],"replies":[{"embeddable":true,"href":"https:\/\/toysankenkatehdas.fi\/fi\/wp-json\/wp\/v2\/comments?post=1099"}],"version-history":[{"count":91,"href":"https:\/\/toysankenkatehdas.fi\/fi\/wp-json\/wp\/v2\/pages\/1099\/revisions"}],"predecessor-version":[{"id":4606,"href":"https:\/\/toysankenkatehdas.fi\/fi\/wp-json\/wp\/v2\/pages\/1099\/revisions\/4606"}],"wp:attachment":[{"href":"https:\/\/toysankenkatehdas.fi\/fi\/wp-json\/wp\/v2\/media?parent=1099"}],"curies":[{"name":"wp","href":"https:\/\/api.w.org\/{rel}","templated":true}]}}