{"id":1692,"date":"2020-11-25T17:38:32","date_gmt":"2020-11-25T17:38:32","guid":{"rendered":"http:\/\/192.168.8.104\/wordpress\/?page_id=1692"},"modified":"2021-10-15T15:11:24","modified_gmt":"2021-10-15T15:11:24","slug":"info","status":"publish","type":"page","link":"https:\/\/toysankenkatehdas.fi\/fi\/info\/","title":{"rendered":"Info"},"content":{"rendered":"<p>[et_pb_section fb_built=&#8221;1&#8243; disabled_on=&#8221;on|off|off&#8221; _builder_version=&#8221;4.8.2&#8243; _module_preset=&#8221;default&#8221; vertical_offset_tablet=&#8221;-125px&#8221; vertical_offset_phone=&#8221;0px&#8221; vertical_offset_last_edited=&#8221;on|desktop&#8221; width=&#8221;100%&#8221; module_alignment=&#8221;center&#8221; height=&#8221;763px&#8221; max_height=&#8221;763px&#8221; custom_margin_tablet=&#8221;||||false|false&#8221; custom_margin_phone=&#8221;&#8221; custom_margin_last_edited=&#8221;on|tablet&#8221; custom_padding=&#8221;0px|||||&#8221;][et_pb_row _builder_version=&#8221;4.8.2&#8243; _module_preset=&#8221;default&#8221; vertical_offset=&#8221;-108px&#8221; width=&#8221;100%&#8221; max_width=&#8221;100%&#8221; module_alignment=&#8221;center&#8221; height=&#8221;100%&#8221; max_height=&#8221;763px&#8221; custom_margin=&#8221;||||false|false&#8221; custom_padding=&#8221;0px|||||&#8221;][et_pb_column type=&#8221;4_4&#8243; _builder_version=&#8221;4.7.2&#8243; _module_preset=&#8221;default&#8221;][et_pb_image src=&#8221;http:\/\/192.168.8.104\/wordpress\/wp-content\/uploads\/2020\/11\/banner1.png&#8221; title_text=&#8221;banner1&#8243; align=&#8221;center&#8221; force_fullwidth=&#8221;on&#8221; _builder_version=&#8221;4.7.3&#8243; _module_preset=&#8221;default&#8221; module_alignment=&#8221;center&#8221; height=&#8221;100%&#8221; max_height=&#8221;763px&#8221; custom_margin=&#8221;||0px||false|false&#8221; custom_padding=&#8221;108px||0px||false|false&#8221;][\/et_pb_image][\/et_pb_column][\/et_pb_row][\/et_pb_section][et_pb_section fb_built=&#8221;1&#8243; _builder_version=&#8221;4.7.3&#8243; _module_preset=&#8221;default&#8221; custom_padding=&#8221;0px|||||&#8221;][et_pb_row _builder_version=&#8221;4.7.3&#8243; _module_preset=&#8221;default&#8221; custom_margin=&#8221;||||false|false&#8221; custom_padding=&#8221;0px|||||&#8221;][et_pb_column type=&#8221;4_4&#8243; _builder_version=&#8221;4.7.3&#8243; _module_preset=&#8221;default&#8221;][et_pb_text module_id=&#8221;faq&#8221; _builder_version=&#8221;4.7.3&#8243; _module_preset=&#8221;default&#8221; text_font=&#8221;Open Sans||||||||&#8221; text_text_color=&#8221;#4d4d4d&#8221; text_font_size=&#8221;15px&#8221; text_line_height=&#8221;2em&#8221; header_font=&#8221;Open Sans|600|||||||&#8221; header_text_color=&#8221;#4d4d4d&#8221; header_font_size=&#8221;36px&#8221; header_line_height=&#8221;1.8em&#8221; header_2_font=&#8221;Open Sans|700|||||||&#8221; header_2_text_color=&#8221;#4d4d4d&#8221; header_2_font_size=&#8221;16px&#8221;]<\/p>\n<h1 style=\"text-align: left;\">Usein kysytty\u00e4<\/h1>\n<h2>Tarvitseeko kenk\u00e4\u00e4n varata villasukkavaraa?<\/h2>\n<p>Arctipsin lesti on leve\u00e4, joten ylim\u00e4\u00e4r\u00e4ist\u00e4 villasukkavaraa ei tarvitse varata. Sit\u00e4 paitsi merinovillasta tehty huopa on niin l\u00e4mmin materiaali, ett\u00e4 Arctipseilla p\u00e4rj\u00e4\u00e4 paukkupakkasessakin ilman ylim\u00e4\u00e4r\u00e4isi\u00e4 l\u00e4mp\u00f6kerroksia. Mutta jos haluat k\u00e4ytt\u00e4\u00e4 Arctipseja villasukan kanssa (vaikkapa muotisyist\u00e4!), niin normaalikokoiseen kenk\u00e4\u00e4si j\u00e4\u00e4 luultavasti kivasti tilaa my\u00f6s villasukalle. Niiden, jotka suunnittelevat pit\u00e4v\u00e4ns\u00e4 Arctipseja pelk\u00e4n ohuen puuvillasukan kanssa, kannattaa harkita my\u00f6s normaalikokoa yht\u00e4 numeroa pienemm\u00e4n keng\u00e4n hankkimista. Ja jos menee vikaan, niin keng\u00e4t voit tietysti vaihtaa.<\/p>\n<p>&nbsp;<\/p>\n<h2>Miten kenk\u00e4\u00e4 hoidetaan?<\/h2>\n<p>Ennen k\u00e4ytt\u00f6\u00f6n ottamista voit suihkauttaa keng\u00e4t nahalle, mokalle tai tekstiilille tarkoitetulla suojasuihkeella, mutta pakollista se ei ole. K\u00e4yt\u00f6ss\u00e4 riitt\u00e4\u00e4, kun pyyhk\u00e4iset kotiin tullessa keng\u00e4lt\u00e4 loskat tai muut liat. Huopa hylkii likaa luonnostaan, ja keng\u00e4t k\u00e4sitell\u00e4\u00e4n valmistusvaiheessakin likaa hylkiviksi. Mutta maalaisj\u00e4rkikin on kovaa valuuttaa, varsinkin valkoisten kenkien kanssa.<\/p>\n<p>&nbsp;<\/p>\n<h2>Kest\u00e4\u00e4k\u00f6 kenk\u00e4 loskakelit?<\/h2>\n<p>Kyll\u00e4 kest\u00e4\u00e4, eik\u00e4 se ole pikkukosteudesta moksiskaan. Arctipseissa on tukevat kumipohjat, joten ne suojaavat my\u00f6s jalkapohjaa kosteudelta ja kylm\u00e4lt\u00e4. \u00c4l\u00e4 kuitenkaan heit\u00e4 kenk\u00e4\u00e4 pesukoneeseen, sill\u00e4 huopa saattaa kutistua kastuessaan l\u00e4pim\u00e4r\u00e4ksi.<\/p>\n<p>&nbsp;<\/p>\n<h2>Kuinka pitk\u00e4 toimitusaika kengill\u00e4 on?<\/h2>\n<p>Tilauksen ja toimituksen v\u00e4liin kannattaa varata viikko \u2013 ja jouluna kaksi, ett\u00e4 keng\u00e4t varmasti ehtiv\u00e4t pukinkonttiin. K\u00e4yt\u00e4nn\u00f6ss\u00e4 pystymme kuitenkin useimmiten toimittamaan keng\u00e4t kotipostiin kahden p\u00e4iv\u00e4n sis\u00e4ll\u00e4 tilauksesta.<\/p>\n<p>&nbsp;<\/p>\n<h2>Saako keng\u00e4n palauttaa?<\/h2>\n<p>Kyll\u00e4 saa, 14 vuorokauden sis\u00e4ll\u00e4 toimituksesta, ja ilman kuluja, kuten lakikin edellytt\u00e4\u00e4. Jos koko on v\u00e4\u00e4r\u00e4, toimitamme tilalle uuden parin, eik\u00e4 t\u00e4st\u00e4k\u00e4\u00e4n tule ostajalle mit\u00e4\u00e4n kuluja.<\/p>\n<p>&nbsp;<\/p>\n<h2>Toimitatteko keng\u00e4t kotiin asti?<\/h2>\n<p>Keng\u00e4t pit\u00e4\u00e4 hakea omasta kotipostista, kuten normaali postipakettikin.<\/p>\n<p>&nbsp;<\/p>\n<h2>Miksi kengiss\u00e4 ei k\u00e4ytet\u00e4 kotimaista lampaanvillaa?<\/h2>\n<p>Suomessa ei ole saatavilla maailman parasta villaa eli merinovillaa, ja me halusimme, ett\u00e4 n\u00e4m\u00e4 keng\u00e4t tehd\u00e4\u00e4n parhaasta mahdollisesta laadusta. Merinovilla on kevyt ja l\u00e4mmin materiaali, joka hengitt\u00e4\u00e4 erityisen hyvin.<\/p>\n<p>&nbsp;<\/p>\n<h2>Onko keng\u00e4ss\u00e4 pit\u00e4v\u00e4 pohja?<\/h2>\n<p>On. Pohja on kumia, joka pit\u00e4\u00e4 hyvin.<\/p>\n<p>[\/et_pb_text][et_pb_text module_id=&#8221;takuu&#038;palautukset&#8221; _builder_version=&#8221;4.7.3&#8243; _module_preset=&#8221;default&#8221; text_font=&#8221;Open Sans||||||||&#8221; text_text_color=&#8221;#4d4d4d&#8221; text_font_size=&#8221;15px&#8221; text_line_height=&#8221;2em&#8221; header_font=&#8221;Open Sans|600|||||||&#8221; header_text_color=&#8221;#4d4d4d&#8221; header_font_size=&#8221;36px&#8221; header_line_height=&#8221;1.8em&#8221; header_2_font=&#8221;Open Sans|700|||||||&#8221; header_2_text_color=&#8221;#4d4d4d&#8221; header_2_font_size=&#8221;16px&#8221; custom_margin=&#8221;50px||||false|false&#8221;]<\/p>\n<h1>Takuu ja palautukset<\/h1>\n<p><span style=\"text-decoration: underline;\">Tuotteilla on 14 p\u00e4iv\u00e4n vaihto- ja palautusoikeus.<\/span><\/p>\n<p>Saatuanne l\u00e4hetyksen, voitte avata pakkauksen asianmukaisesti ja tutkia tuotetta irroittamatta kenkiin kiinnitettyj\u00e4 tuotemerkkej\u00e4 ja sovittaa kenki\u00e4 jalkaan puhtaissa sis\u00e4tiloissa vastaavasti, kuten kenk\u00e4liikkeess\u00e4kin sovittaisitte kenki\u00e4 esimerkiksi oikean koon varmistamiseksi. Mik\u00e4li tuote osoittautuisi harmillisesti teille v\u00e4\u00e4r\u00e4n kokoiseksi tai mik\u00e4li olisitte tyytym\u00e4t\u00f6n tuotteeseen ja p\u00e4\u00e4dytte vaihtamaan tai palauttamaan tuotteen, huomioittehan yst\u00e4v\u00e4llisesti, ett\u00e4 vaihto- ja palautusoikeus koskee vain alkuper\u00e4ispakkauksessa olevia k\u00e4ytt\u00e4m\u00e4tt\u00f6mi\u00e4 ja myyntikelpoisia tuotteita: pakkauksen tulee olla ehj\u00e4, kenkiin kiinnitetyt tuotemerkit koskemattomat ja edelleen paikoillaan ja itse tuotteen t\u00e4ysin k\u00e4ytt\u00e4m\u00e4t\u00f6n ja uudenveroinen. Mik\u00e4li tuotetta on k\u00e4ytetty, tai se ei muuten ole myyntikunnossa, emme valitettavasti voi vaihtaa tuotetta tai hyvitt\u00e4\u00e4 tuotteen hintaa.<\/p>\n<p>[\/et_pb_text][et_pb_text module_id=&#8221;maksutavat&#8221; _builder_version=&#8221;4.7.3&#8243; _module_preset=&#8221;default&#8221; text_font=&#8221;Open Sans||||||||&#8221; text_text_color=&#8221;#4d4d4d&#8221; text_font_size=&#8221;15px&#8221; text_line_height=&#8221;2em&#8221; header_font=&#8221;Open Sans|600|||||||&#8221; header_text_color=&#8221;#4d4d4d&#8221; header_font_size=&#8221;36px&#8221; header_line_height=&#8221;1.8em&#8221; header_2_font=&#8221;Open Sans|700|||||||&#8221; header_2_text_color=&#8221;#4d4d4d&#8221; header_2_font_size=&#8221;16px&#8221; custom_margin=&#8221;50px||||false|false&#8221;]<\/p>\n<h1>Maksutavat<\/h1>\n<p><span>Suomalaiset internet-pankit, Visa, Visa Electron, Business Eurocard, Mastercard. Ostaminen on mahdollista my\u00f6s Collector Laskulla ja Osamaksulla. Kuukausier\u00e4 alk. 8 eur\/kk.<\/span><\/p>\n<p>[\/et_pb_text][et_pb_text module_id=&#8221;toimitustavat&#8221; _builder_version=&#8221;4.9.4&#8243; _module_preset=&#8221;default&#8221; text_font=&#8221;Open Sans||||||||&#8221; text_text_color=&#8221;#4d4d4d&#8221; text_font_size=&#8221;15px&#8221; text_line_height=&#8221;2em&#8221; header_font=&#8221;Open Sans|600|||||||&#8221; header_text_color=&#8221;#4d4d4d&#8221; header_font_size=&#8221;36px&#8221; header_line_height=&#8221;1.8em&#8221; header_2_font=&#8221;Open Sans|700|||||||&#8221; header_2_text_color=&#8221;#4d4d4d&#8221; header_2_font_size=&#8221;16px&#8221; custom_margin=&#8221;50px||||false|false&#8221;]<\/p>\n<h1>Toimitustavat<\/h1>\n<p>Toimitamme tuotteita kaikkialle maailmaan. Suomessa tuotteet toimitetaan tavallisena pakettina l\u00e4himp\u00e4\u00e4n postiin. Toimitusaika riippuu tilaajan maasta ja alueesta. Suomeen toimitusaika on 2-3 pv, Eurooppaan n. 1 viikko ja muualle maailmaan n. 2-4 viikkoa.<\/p>\n<p>Suomessa ja EU-maissa hintoihin sis\u00e4ltyy arvonlis\u00e4vero 24 %. EU:n ulkopuolelle hinnat ovat ilman arvonlis\u00e4veroa. Verkkokauppa tunnistaa\u00a0tilaajan alueen IP-numeron perusteella ja n\u00e4ytt\u00e4\u00e4 vastaavat hinnat. Tunnistuksessa sattuvissa h\u00e4iri\u00f6tilanteissa pid\u00e4t\u00e4mme oikeuden peri\u00e4 arvonlis\u00e4vero tilaajan alueen mukaisesti.<\/p>\n<p>EU:n ulkopuoliset tilaajat vastaavat tavaran tuonnista aiheutuvista tulleista ja veroista. N\u00e4m\u00e4 ovat maakohtaisia.<\/p>\n<p>[\/et_pb_text][et_pb_text module_id=&#8221;sopimusehdot&#8221; _builder_version=&#8221;4.9.4&#8243; _module_preset=&#8221;default&#8221; text_font=&#8221;Open Sans||||||||&#8221; text_text_color=&#8221;#4d4d4d&#8221; text_font_size=&#8221;15px&#8221; text_line_height=&#8221;2em&#8221; header_font=&#8221;Open Sans|600|||||||&#8221; header_text_color=&#8221;#4d4d4d&#8221; header_font_size=&#8221;36px&#8221; header_line_height=&#8221;1.8em&#8221; header_2_font=&#8221;Open Sans|700|||||||&#8221; header_2_text_color=&#8221;#4d4d4d&#8221; header_2_font_size=&#8221;16px&#8221; custom_margin=&#8221;50px||100px||false|false&#8221;]<\/p>\n<h1>Sopimusehdot<\/h1>\n<p>Toimitamme tuotteita kaikkialle maailmaan. Suomessa tuotteet toimitetaan tavallisena pakettina l\u00e4himp\u00e4\u00e4n postiin. Toimitusaika riippuu tilaajan maasta ja alueesta. Suomeen toimitusaika on 2-3 pv, Eurooppaan n. 1 viikko ja muualle maailmaan n. 2-4 viikkoa.<\/p>\n<p>Suomessa ja EU-maissa hintoihin sis\u00e4ltyy arvonlis\u00e4vero 24 %. EU:n ulkopuolelle hinnat ovat ilman arvonlis\u00e4veroa. Verkkokauppa tunnistaa\u00a0tilaajan alueen IP-numeron perusteella ja n\u00e4ytt\u00e4\u00e4 vastaavat hinnat. Tunnistuksessa sattuvissa h\u00e4iri\u00f6tilanteissa pid\u00e4t\u00e4mme oikeuden peri\u00e4 arvonlis\u00e4vero tilaajan alueen mukaisesti.<\/p>\n<p>EU:n ulkopuoliset tilaajat vastaavat tavaran tuonnista aiheutuvista tulleista ja veroista. N\u00e4m\u00e4 ovat maakohtaisia.<\/p>\n<p>[\/et_pb_text][\/et_pb_column][\/et_pb_row][\/et_pb_section]<\/p>\n","protected":false},"excerpt":{"rendered":"<p>Usein kysytty\u00e4 Tarvitseeko kenk\u00e4\u00e4n varata villasukkavaraa? Arctipsin lesti on leve\u00e4, joten ylim\u00e4\u00e4r\u00e4ist\u00e4 villasukkavaraa ei tarvitse varata. Sit\u00e4 paitsi merinovillasta tehty huopa on niin l\u00e4mmin materiaali, ett\u00e4 Arctipseilla p\u00e4rj\u00e4\u00e4 paukkupakkasessakin ilman ylim\u00e4\u00e4r\u00e4isi\u00e4 l\u00e4mp\u00f6kerroksia. Mutta jos haluat k\u00e4ytt\u00e4\u00e4 Arctipseja villasukan kanssa (vaikkapa muotisyist\u00e4!), niin normaalikokoiseen kenk\u00e4\u00e4si j\u00e4\u00e4 luultavasti kivasti tilaa my\u00f6s villasukalle. Niiden, jotka suunnittelevat pit\u00e4v\u00e4ns\u00e4 Arctipseja [&hellip;]<\/p>\n","protected":false},"author":1,"featured_media":0,"parent":0,"menu_order":0,"comment_status":"closed","ping_status":"closed","template":"","meta":{"_et_pb_use_builder":"on","_et_pb_old_content":"","_et_gb_content_width":"","footnotes":""},"class_list":["post-1692","page","type-page","status-publish","hentry"],"_links":{"self":[{"href":"https:\/\/toysankenkatehdas.fi\/fi\/wp-json\/wp\/v2\/pages\/1692","targetHints":{"allow":["GET"]}}],"collection":[{"href":"https:\/\/toysankenkatehdas.fi\/fi\/wp-json\/wp\/v2\/pages"}],"about":[{"href":"https:\/\/toysankenkatehdas.fi\/fi\/wp-json\/wp\/v2\/types\/page"}],"author":[{"embeddable":true,"href":"https:\/\/toysankenkatehdas.fi\/fi\/wp-json\/wp\/v2\/users\/1"}],"replies":[{"embeddable":true,"href":"https:\/\/toysankenkatehdas.fi\/fi\/wp-json\/wp\/v2\/comments?post=1692"}],"version-history":[{"count":6,"href":"https:\/\/toysankenkatehdas.fi\/fi\/wp-json\/wp\/v2\/pages\/1692\/revisions"}],"predecessor-version":[{"id":3834,"href":"https:\/\/toysankenkatehdas.fi\/fi\/wp-json\/wp\/v2\/pages\/1692\/revisions\/3834"}],"wp:attachment":[{"href":"https:\/\/toysankenkatehdas.fi\/fi\/wp-json\/wp\/v2\/media?parent=1692"}],"curies":[{"name":"wp","href":"https:\/\/api.w.org\/{rel}","templated":true}]}}