{"id":2720,"date":"2021-04-08T11:19:06","date_gmt":"2021-04-08T11:19:06","guid":{"rendered":"http:\/\/localhost\/wordpress\/?page_id=2720"},"modified":"2021-11-30T18:17:03","modified_gmt":"2021-11-30T18:17:03","slug":"arctips","status":"publish","type":"page","link":"https:\/\/toysankenkatehdas.fi\/fi\/arctips\/","title":{"rendered":"Arctips"},"content":{"rendered":"<p>[et_pb_section fb_built=&#8221;1&#8243; disabled_on=&#8221;on|off|off&#8221; _builder_version=&#8221;4.9.4&#8243; _module_preset=&#8221;default&#8221; vertical_offset_tablet=&#8221;-125px&#8221; vertical_offset_phone=&#8221;&#8221; vertical_offset_last_edited=&#8221;on|tablet&#8221; custom_margin=&#8221;||||false|false&#8221; custom_margin_tablet=&#8221;||-100px||false|false&#8221; custom_margin_phone=&#8221;&#8221; custom_margin_last_edited=&#8221;on|tablet&#8221; custom_padding=&#8221;0px|||||&#8221; locked=&#8221;off&#8221;][et_pb_row _builder_version=&#8221;4.8.2&#8243; _module_preset=&#8221;default&#8221; width=&#8221;100%&#8221; max_width=&#8221;100%&#8221; custom_padding=&#8221;0px||0px|||&#8221;][et_pb_column type=&#8221;4_4&#8243; _builder_version=&#8221;4.8.2&#8243; _module_preset=&#8221;default&#8221;][et_pb_image src=&#8221;https:\/\/toysankenkatehdas.fi\/wp-content\/uploads\/2020\/11\/banner_shop-scaled.jpg&#8221; title_text=&#8221;banner_shop&#8221; _builder_version=&#8221;4.9.3&#8243; _module_preset=&#8221;default&#8221;][\/et_pb_image][\/et_pb_column][\/et_pb_row][\/et_pb_section][et_pb_section fb_built=&#8221;1&#8243; custom_padding_last_edited=&#8221;off|tablet&#8221; _builder_version=&#8221;4.9.4&#8243; _module_preset=&#8221;default&#8221; custom_margin_tablet=&#8221;||||false|false&#8221; custom_margin_phone=&#8221;&#8221; custom_margin_last_edited=&#8221;on|tablet&#8221; custom_padding=&#8221;0px|||||&#8221; custom_padding_tablet=&#8221;0px||||false|false&#8221;][et_pb_row custom_padding_last_edited=&#8221;on|phone&#8221; _builder_version=&#8221;4.9.4&#8243; _module_preset=&#8221;default&#8221; custom_margin_tablet=&#8221;&#8221; custom_margin_phone=&#8221;&#8221; custom_margin_last_edited=&#8221;on|tablet&#8221; custom_padding=&#8221;49px||50px||false|false&#8221; custom_padding_tablet=&#8221;0px||||false|false&#8221; custom_padding_phone=&#8221;50px||||false|false&#8221;][et_pb_column type=&#8221;4_4&#8243; _builder_version=&#8221;4.9.3&#8243; _module_preset=&#8221;default&#8221;][et_pb_text _builder_version=&#8221;4.9.4&#8243; _module_preset=&#8221;default&#8221; text_font=&#8221;Open Sans||||||||&#8221; text_text_color=&#8221;#4D4D4D&#8221; text_font_size=&#8221;18px&#8221; text_line_height=&#8221;2em&#8221; header_font=&#8221;Open Sans|600|||||||&#8221; header_text_color=&#8221;#4D4D4D&#8221; header_font_size=&#8221;47px&#8221; custom_margin=&#8221;||15px||false|false&#8221; custom_margin_tablet=&#8221;-50px||15px||false|false&#8221; custom_margin_phone=&#8221;0px||||false|false&#8221; custom_margin_last_edited=&#8221;on|phone&#8221; custom_padding=&#8221;0px|||||&#8221; header_font_size_tablet=&#8221;28px&#8221; header_font_size_phone=&#8221;&#8221; header_font_size_last_edited=&#8221;on|tablet&#8221;]<\/p>\n<h1 style=\"text-align: center;\">Arctips<\/h1>\n<h1 style=\"text-align: center;\">Classic, Saga, Unna, ja Osma<\/h1>\n<p>[\/et_pb_text][et_pb_text _builder_version=&#8221;4.9.4&#8243; _module_preset=&#8221;default&#8221; text_font=&#8221;Open Sans||||||||&#8221; text_text_color=&#8221;#4D4D4D&#8221; text_font_size=&#8221;18px&#8221; text_line_height=&#8221;2em&#8221; header_font=&#8221;Open Sans|600|||||||&#8221; header_text_color=&#8221;#4D4D4D&#8221; header_font_size=&#8221;47px&#8221; header_line_height=&#8221;1.5em&#8221; custom_padding=&#8221;0px|||||&#8221; text_font_size_tablet=&#8221;16px&#8221; text_font_size_phone=&#8221;&#8221; text_font_size_last_edited=&#8221;on|tablet&#8221;]<\/p>\n<p style=\"text-align: center;\">Arctips-jalkineet valmistetaan maailman laadukkaimmasta merinovillasta, joka on erityisen l\u00e4mmin ja hyvin hengitt\u00e4v\u00e4. Paulapieksut tehd\u00e4\u00e4n alusta loppuun k\u00e4sity\u00f6n\u00e4. Kaikki Arctipsit valmistetaan k\u00e4sity\u00f6n\u00e4 Suomessa, T\u00f6ys\u00e4ss\u00e4. Arctips-valikoimasta l\u00f6ytyy nelj\u00e4 eri mallia: Classic, Saga, Unna ja Osma<\/p>\n<p>[\/et_pb_text][\/et_pb_column][\/et_pb_row][et_pb_row column_structure=&#8221;1_2,1_2&#8243; _builder_version=&#8221;4.9.3&#8243; _module_preset=&#8221;default&#8221; max_width=&#8221;1920px&#8221;][et_pb_column type=&#8221;1_2&#8243; _builder_version=&#8221;4.9.3&#8243; _module_preset=&#8221;default&#8221;][et_pb_image src=&#8221;https:\/\/toysankenkatehdas.fi\/wp-content\/uploads\/2021\/04\/Arctips_01-scaled-e1617900658655.jpg&#8221; title_text=&#8221;Arctips_01&#8243; align_tablet=&#8221;center&#8221; align_phone=&#8221;&#8221; align_last_edited=&#8221;on|tablet&#8221; disabled_on=&#8221;off|off|off&#8221; _builder_version=&#8221;4.9.4&#8243; _module_preset=&#8221;default&#8221; custom_margin=&#8221;|-4.5%|50px|4.5%|false|false&#8221; custom_margin_tablet=&#8221;|0px|50px|0px|false|false&#8221; custom_margin_phone=&#8221;&#8221; custom_margin_last_edited=&#8221;on|desktop&#8221;][\/et_pb_image][et_pb_text content_tablet=&#8221;<\/p>\n<h1 style=%22text-align: center;%22>L\u00e4mp\u00f6\u00e4 ja pitoa<\/h1>\n<h1 style=%22text-align: center;%22>ja lumella<\/h1>\n<p>&#8221; content_phone=&#8221;<\/p>\n<h1 style=%22text-align: center;%22>L\u00e4mp\u00f6\u00e4 ja pitoa<\/h1>\n<h1 style=%22text-align: center;%22>ja lumella<\/h1>\n<p>&#8221; content_last_edited=&#8221;on|phone&#8221; disabled_on=&#8221;off|off|off&#8221; _builder_version=&#8221;4.9.4&#8243; _module_preset=&#8221;default&#8221; text_font=&#8221;Open Sans||||||||&#8221; text_text_color=&#8221;#4D4D4D&#8221; text_font_size=&#8221;18px&#8221; text_line_height=&#8221;2em&#8221; header_font=&#8221;Open Sans|600|||||||&#8221; header_text_color=&#8221;#4D4D4D&#8221; header_font_size=&#8221;47px&#8221; custom_margin=&#8221;20px||15px||false|false&#8221; custom_padding=&#8221;0px|||||&#8221; header_font_size_tablet=&#8221;28px&#8221; header_font_size_phone=&#8221;&#8221; header_font_size_last_edited=&#8221;on|tablet&#8221; text_orientation_tablet=&#8221;center&#8221; text_orientation_phone=&#8221;&#8221; text_orientation_last_edited=&#8221;on|tablet&#8221;]<\/p>\n<h1 style=\"text-align: right;\">L\u00e4mp\u00f6\u00e4 ja pitoa<\/h1>\n<h1 style=\"text-align: right;\">lumella<\/h1>\n<p>[\/et_pb_text][et_pb_text content_tablet=&#8221;<\/p>\n<p style=%22text-align: center;%22>Arctipsin kumipohja on Suomessa valmistettu ja se kest\u00e4\u00e4 joustavana pakkasessakin. Pohja pit\u00e4\u00e4 niin lumella kuin j\u00e4\u00e4ll\u00e4kin.<\/p>\n<p>&#8221; content_phone=&#8221;<\/p>\n<p style=%22text-align: center;%22>Arctipsin kumipohja on Suomessa valmistettu ja se kest\u00e4\u00e4 joustavana pakkasessakin. Pohja pit\u00e4\u00e4 niin lumella kuin j\u00e4\u00e4ll\u00e4kin.<\/p>\n<p>&#8221; content_last_edited=&#8221;on|phone&#8221; _builder_version=&#8221;4.9.4&#8243; _module_preset=&#8221;default&#8221; text_font=&#8221;Open Sans||||||||&#8221; text_text_color=&#8221;#4D4D4D&#8221; text_font_size=&#8221;18px&#8221; text_line_height=&#8221;2em&#8221; header_font=&#8221;Open Sans|600|||||||&#8221; header_text_color=&#8221;#4D4D4D&#8221; header_font_size=&#8221;47px&#8221; max_width=&#8221;600px&#8221; module_alignment=&#8221;right&#8221; custom_margin=&#8221;20px||15px||false|false&#8221; custom_padding=&#8221;0px|||||&#8221; text_font_size_tablet=&#8221;16px&#8221; text_font_size_phone=&#8221;&#8221; text_font_size_last_edited=&#8221;on|tablet&#8221; module_alignment_tablet=&#8221;center&#8221; module_alignment_phone=&#8221;&#8221; module_alignment_last_edited=&#8221;on|tablet&#8221;]<\/p>\n<p style=\"text-align: right;\">Arctipsin kumipohja on Suomessa valmistettu ja se kest\u00e4\u00e4 joustavana pakkasessakin. Pohja pit\u00e4\u00e4 niin lumella kuin j\u00e4\u00e4ll\u00e4kin.<\/p>\n<p>[\/et_pb_text][\/et_pb_column][et_pb_column type=&#8221;1_2&#8243; _builder_version=&#8221;4.9.3&#8243; _module_preset=&#8221;default&#8221;][et_pb_text content_tablet=&#8221;<\/p>\n<h1 style=%22text-align: center;%22>Hengitt\u00e4v\u00e4 ja<\/h1>\n<h1 style=%22text-align: center;%22>ekologinen huopa<\/h1>\n<p>&#8221; content_phone=&#8221;<\/p>\n<h1 style=%22text-align: center;%22>Hengitt\u00e4v\u00e4 ja<\/h1>\n<h1 style=%22text-align: center;%22>ekologinen huopa<\/h1>\n<p>&#8221; content_last_edited=&#8221;on|phone&#8221; _builder_version=&#8221;4.9.4&#8243; _module_preset=&#8221;default&#8221; text_font=&#8221;Open Sans||||||||&#8221; text_text_color=&#8221;#4D4D4D&#8221; text_font_size=&#8221;18px&#8221; text_line_height=&#8221;2em&#8221; header_font=&#8221;Open Sans|600|||||||&#8221; header_text_color=&#8221;#4D4D4D&#8221; header_font_size=&#8221;47px&#8221; custom_margin=&#8221;20px||15px||false|false&#8221; custom_padding=&#8221;0px|||||&#8221; header_font_size_tablet=&#8221;28px&#8221; header_font_size_phone=&#8221;&#8221; header_font_size_last_edited=&#8221;on|tablet&#8221;]<\/p>\n<h1>Hengitt\u00e4v\u00e4 ja<\/h1>\n<h1>ekologinen huopa<\/h1>\n<p>[\/et_pb_text][et_pb_text content_tablet=&#8221;<\/p>\n<p style=%22text-align: center;%22>T\u00f6ys\u00e4n kenk\u00e4tehtaan suutarit kaavoittavat ja leikkaavat 100-prosenttisesta lampaanvillasta valmistetun huovan ja muotoilevat materiaalista Arctips-jalkineet vuosikymmenten k\u00e4sity\u00f6kokemuksella.<\/p>\n<p style=%22text-align: center;%22>Huopa on jalalle yst\u00e4v\u00e4llinen materiaali. Se mukautuu hyvin, hengitt\u00e4\u00e4 ja jalan tai sukan kosteus hoituu my\u00f6s pois p\u00e4iv\u00e4j\u00e4rjestyksest\u00e4. Huopa hylkii likaa ja on pitk\u00e4ik\u00e4inen ja siksi my\u00f6s ekologinen materiaali.<\/p>\n<p>&#8221; content_phone=&#8221;<\/p>\n<p style=%22text-align: center;%22>T\u00f6ys\u00e4n kenk\u00e4tehtaan suutarit kaavoittavat ja leikkaavat 100-prosenttisesta lampaanvillasta valmistetun huovan ja muotoilevat materiaalista Arctips-jalkineet vuosikymmenten k\u00e4sity\u00f6kokemuksella.<\/p>\n<p style=%22text-align: center;%22>Huopa on jalalle yst\u00e4v\u00e4llinen materiaali. Se mukautuu hyvin, hengitt\u00e4\u00e4 ja jalan tai sukan kosteus hoituu my\u00f6s pois p\u00e4iv\u00e4j\u00e4rjestyksest\u00e4. Huopa hylkii likaa ja on pitk\u00e4ik\u00e4inen ja siksi my\u00f6s ekologinen materiaali.<\/p>\n<p>&#8221; content_last_edited=&#8221;on|tablet&#8221; _builder_version=&#8221;4.9.4&#8243; _module_preset=&#8221;default&#8221; text_font=&#8221;Open Sans||||||||&#8221; text_text_color=&#8221;#4D4D4D&#8221; text_font_size=&#8221;18px&#8221; text_line_height=&#8221;2em&#8221; header_font=&#8221;Open Sans|600|||||||&#8221; header_text_color=&#8221;#4D4D4D&#8221; header_font_size=&#8221;47px&#8221; header_line_height=&#8221;1.5em&#8221; max_width=&#8221;644px&#8221; custom_margin=&#8221;||80px|||&#8221; custom_padding=&#8221;0px|||||&#8221; text_font_size_tablet=&#8221;16px&#8221; text_font_size_phone=&#8221;&#8221; text_font_size_last_edited=&#8221;on|tablet&#8221; module_alignment_tablet=&#8221;center&#8221; module_alignment_phone=&#8221;&#8221; module_alignment_last_edited=&#8221;on|tablet&#8221;]<\/p>\n<p>T\u00f6ys\u00e4n kenk\u00e4tehtaan suutarit kaavoittavat ja leikkaavat 100-prosenttisesta merinovillasta valmistetun huovan ja muotoilevat materiaalista Arctips-jalkineet vuosikymmenten k\u00e4sity\u00f6kokemuksella.<\/p>\n<p>Huopa on jalalle yst\u00e4v\u00e4llinen materiaali. Se mukautuu hyvin, hengitt\u00e4\u00e4 ja jalan tai sukan kosteus hoituu my\u00f6s pois p\u00e4iv\u00e4j\u00e4rjestyksest\u00e4. Huopa hylkii likaa ja on pitk\u00e4ik\u00e4inen ja siksi my\u00f6s ekologinen materiaali.<\/p>\n<p>[\/et_pb_text][et_pb_image src=&#8221;https:\/\/toysankenkatehdas.fi\/wp-content\/uploads\/2021\/04\/Arctips_04-scaled-e1617901468417.jpg&#8221; title_text=&#8221;Arctips_04&#8243; align=&#8221;right&#8221; align_tablet=&#8221;center&#8221; align_phone=&#8221;&#8221; align_last_edited=&#8221;on|tablet&#8221; disabled_on=&#8221;off|off|off&#8221; _builder_version=&#8221;4.9.4&#8243; _module_preset=&#8221;default&#8221; custom_margin=&#8221;|4.5%||-4.5%|false|false&#8221; custom_margin_tablet=&#8221;|0px||0px|false|false&#8221; custom_margin_phone=&#8221;&#8221; custom_margin_last_edited=&#8221;on|tablet&#8221;][\/et_pb_image][\/et_pb_column][\/et_pb_row][et_pb_row column_structure=&#8221;1_2,1_2&#8243; disabled_on=&#8221;on|on|off&#8221; _builder_version=&#8221;4.9.4&#8243; _module_preset=&#8221;default&#8221;][et_pb_column type=&#8221;1_2&#8243; _builder_version=&#8221;4.9.4&#8243; _module_preset=&#8221;default&#8221;][et_pb_video src=&#8221;https:\/\/toysankenkatehdas.fi\/wp-content\/uploads\/2021\/10\/241094157_378741943631339_4518144404178571521_n.mp4&#8243; _builder_version=&#8221;4.9.4&#8243; _module_preset=&#8221;default&#8221; width=&#8221;70%&#8221; module_alignment=&#8221;right&#8221;][\/et_pb_video][\/et_pb_column][et_pb_column type=&#8221;1_2&#8243; _builder_version=&#8221;4.9.4&#8243; _module_preset=&#8221;default&#8221;][et_pb_text content_tablet=&#8221;<\/p>\n<h1 style=%22text-align: center;%22>Hengitt\u00e4v\u00e4 ja<\/h1>\n<h1 style=%22text-align: center;%22>ekologinen huopa<\/h1>\n<p>&#8221; content_phone=&#8221;<\/p>\n<h1 style=%22text-align: center;%22>Hengitt\u00e4v\u00e4 ja<\/h1>\n<h1 style=%22text-align: center;%22>ekologinen huopa<\/h1>\n<p>&#8221; content_last_edited=&#8221;on|phone&#8221; _builder_version=&#8221;4.9.4&#8243; _module_preset=&#8221;default&#8221; text_font=&#8221;Open Sans||||||||&#8221; text_text_color=&#8221;#4D4D4D&#8221; text_font_size=&#8221;18px&#8221; text_line_height=&#8221;2em&#8221; header_font=&#8221;Open Sans|600|||||||&#8221; header_text_color=&#8221;#4D4D4D&#8221; header_font_size=&#8221;32px&#8221; custom_margin=&#8221;40px||-30px||false|false&#8221; custom_padding=&#8221;0px||0px|||&#8221; header_font_size_tablet=&#8221;28px&#8221; header_font_size_phone=&#8221;&#8221; header_font_size_last_edited=&#8221;on|tablet&#8221; locked=&#8221;off&#8221;]<\/p>\n<h1>Arctips Classic<\/h1>\n<p>&nbsp;<\/p>\n<p>[\/et_pb_text][et_pb_text content_tablet=&#8221;<\/p>\n<p style=%22text-align: center;%22>T\u00f6ys\u00e4n kenk\u00e4tehtaan suutarit kaavoittavat ja leikkaavat 100-prosenttisesta lampaanvillasta valmistetun huovan ja muotoilevat materiaalista Arctips-jalkineet vuosikymmenten k\u00e4sity\u00f6kokemuksella.<\/p>\n<p style=%22text-align: center;%22>Huopa on jalalle yst\u00e4v\u00e4llinen materiaali. Se mukautuu hyvin, hengitt\u00e4\u00e4 ja jalan tai sukan kosteus hoituu my\u00f6s pois p\u00e4iv\u00e4j\u00e4rjestyksest\u00e4. Huopa hylkii likaa ja on pitk\u00e4ik\u00e4inen ja siksi my\u00f6s ekologinen materiaali.<\/p>\n<p>&#8221; content_phone=&#8221;<\/p>\n<p style=%22text-align: center;%22>T\u00f6ys\u00e4n kenk\u00e4tehtaan suutarit kaavoittavat ja leikkaavat 100-prosenttisesta lampaanvillasta valmistetun huovan ja muotoilevat materiaalista Arctips-jalkineet vuosikymmenten k\u00e4sity\u00f6kokemuksella.<\/p>\n<p style=%22text-align: center;%22>Huopa on jalalle yst\u00e4v\u00e4llinen materiaali. Se mukautuu hyvin, hengitt\u00e4\u00e4 ja jalan tai sukan kosteus hoituu my\u00f6s pois p\u00e4iv\u00e4j\u00e4rjestyksest\u00e4. Huopa hylkii likaa ja on pitk\u00e4ik\u00e4inen ja siksi my\u00f6s ekologinen materiaali.<\/p>\n<p>&#8221; content_last_edited=&#8221;on|tablet&#8221; _builder_version=&#8221;4.9.4&#8243; _module_preset=&#8221;default&#8221; text_font=&#8221;Open Sans||||||||&#8221; text_text_color=&#8221;#4D4D4D&#8221; text_font_size=&#8221;18px&#8221; text_line_height=&#8221;2em&#8221; header_font=&#8221;Open Sans|600|||||||&#8221; header_text_color=&#8221;#4D4D4D&#8221; header_font_size=&#8221;47px&#8221; header_line_height=&#8221;1.5em&#8221; max_width=&#8221;644px&#8221; custom_margin=&#8221;||1px|||&#8221; custom_padding=&#8221;0px|||||&#8221; text_font_size_tablet=&#8221;16px&#8221; text_font_size_phone=&#8221;&#8221; text_font_size_last_edited=&#8221;on|tablet&#8221; module_alignment_tablet=&#8221;center&#8221; module_alignment_phone=&#8221;&#8221; module_alignment_last_edited=&#8221;on|tablet&#8221; locked=&#8221;off&#8221;]<\/p>\n<p>On my\u00f6s Jari-Matti Latvalan valinta kylm\u00e4\u00e4n kisap\u00e4iv\u00e4\u00e4n.<\/p>\n<p>[\/et_pb_text][et_pb_image src=&#8221;https:\/\/toysankenkatehdas.fi\/wp-content\/uploads\/2020\/11\/Arctips-Classic-Vaaleanharm-013_B.jpg&#8221; title_text=&#8221;Arctips-Classic-Vaaleanharm-013_B&#8221; _builder_version=&#8221;4.9.4&#8243; _module_preset=&#8221;default&#8221; width=&#8221;40%&#8221; module_alignment=&#8221;center&#8221;][\/et_pb_image][\/et_pb_column][\/et_pb_row][\/et_pb_section][et_pb_section fb_built=&#8221;1&#8243; _builder_version=&#8221;4.9.4&#8243; _module_preset=&#8221;default&#8221; custom_margin_tablet=&#8221;&#8221; custom_margin_phone=&#8221;&#8221; custom_margin_last_edited=&#8221;on|phone&#8221; custom_padding=&#8221;0px|||||&#8221; locked=&#8221;off&#8221;][et_pb_row _builder_version=&#8221;4.7.3&#8243; _module_preset=&#8221;default&#8221; width=&#8221;95%&#8221; custom_margin=&#8221;|auto||auto|false|false&#8221; custom_padding=&#8221;0px|||||&#8221;][et_pb_column type=&#8221;4_4&#8243; _builder_version=&#8221;4.7.3&#8243; _module_preset=&#8221;default&#8221;][et_pb_divider color=&#8221;#707070&#8243; _builder_version=&#8221;4.7.3&#8243; _module_preset=&#8221;default&#8221; vertical_offset=&#8221;43px&#8221; width=&#8221;45%&#8221; module_alignment=&#8221;center&#8221;][\/et_pb_divider][et_pb_divider color=&#8221;#707070&#8243; _builder_version=&#8221;4.7.3&#8243; _module_preset=&#8221;default&#8221; width=&#8221;75%&#8221; module_alignment=&#8221;center&#8221;][\/et_pb_divider][\/et_pb_column][\/et_pb_row][et_pb_row _builder_version=&#8221;4.9.4&#8243; _module_preset=&#8221;default&#8221; width=&#8221;70%&#8221; max_width=&#8221;1920px&#8221; custom_margin_tablet=&#8221;&#8221; custom_margin_phone=&#8221;&#8221; custom_margin_last_edited=&#8221;on|phone&#8221; custom_padding=&#8221;0px|||||&#8221;][et_pb_column type=&#8221;4_4&#8243; _builder_version=&#8221;4.7.3&#8243; _module_preset=&#8221;default&#8221;][et_pb_shop type=&#8221;product_category&#8221; posts_number=&#8221;15&#8243; show_pagination=&#8221;on&#8221; include_categories=&#8221;41&#8243; columns_number=&#8221;3&#8243; module_id=&#8221;shop_widget&#8221; _builder_version=&#8221;4.9.4&#8243; _module_preset=&#8221;default&#8221; title_font=&#8221;Open Sans|600|||||||&#8221; title_text_align=&#8221;center&#8221; title_text_color=&#8221;#4d4d4d&#8221; title_font_size=&#8221;47px&#8221; title_line_height=&#8221;62px&#8221; price_font=&#8221;Open Sans|600||on|||||&#8221; price_text_align=&#8221;center&#8221; price_text_color=&#8221;#4d4d4d&#8221; price_font_size=&#8221;56px&#8221; price_line_height=&#8221;70px&#8221; sale_price_font=&#8221;Open Sans|600||on|||||&#8221; sale_price_text_color=&#8221;#4d4d4d&#8221; sale_price_font_size=&#8221;56px&#8221; text_orientation=&#8221;center&#8221; width=&#8221;100%&#8221; max_width=&#8221;1920px&#8221; module_alignment=&#8221;center&#8221; custom_padding=&#8221;||||false|false&#8221; hover_enabled=&#8221;0&#8243; sticky_enabled=&#8221;0&#8243;][\/et_pb_shop][\/et_pb_column][\/et_pb_row][\/et_pb_section]<\/p>\n","protected":false},"excerpt":{"rendered":"<p>Arctips Classic, Saga, Unna, ja OsmaArctips-jalkineet valmistetaan maailman laadukkaimmasta merinovillasta, joka on erityisen l\u00e4mmin ja hyvin hengitt\u00e4v\u00e4. Paulapieksut tehd\u00e4\u00e4n alusta loppuun k\u00e4sity\u00f6n\u00e4. Kaikki Arctipsit valmistetaan k\u00e4sity\u00f6n\u00e4 Suomessa, T\u00f6ys\u00e4ss\u00e4. Arctips-valikoimasta l\u00f6ytyy nelj\u00e4 eri mallia: Classic, Saga, Unna ja OsmaL\u00e4mp\u00f6\u00e4 ja pitoa lumellaArctipsin kumipohja on Suomessa valmistettu ja se kest\u00e4\u00e4 joustavana pakkasessakin. Pohja pit\u00e4\u00e4 niin lumella kuin [&hellip;]<\/p>\n","protected":false},"author":1,"featured_media":0,"parent":0,"menu_order":0,"comment_status":"closed","ping_status":"closed","template":"","meta":{"_et_pb_use_builder":"on","_et_pb_old_content":"<!-- wp:divi\/placeholder \/-->","_et_gb_content_width":"","footnotes":""},"class_list":["post-2720","page","type-page","status-publish","hentry"],"_links":{"self":[{"href":"https:\/\/toysankenkatehdas.fi\/fi\/wp-json\/wp\/v2\/pages\/2720","targetHints":{"allow":["GET"]}}],"collection":[{"href":"https:\/\/toysankenkatehdas.fi\/fi\/wp-json\/wp\/v2\/pages"}],"about":[{"href":"https:\/\/toysankenkatehdas.fi\/fi\/wp-json\/wp\/v2\/types\/page"}],"author":[{"embeddable":true,"href":"https:\/\/toysankenkatehdas.fi\/fi\/wp-json\/wp\/v2\/users\/1"}],"replies":[{"embeddable":true,"href":"https:\/\/toysankenkatehdas.fi\/fi\/wp-json\/wp\/v2\/comments?post=2720"}],"version-history":[{"count":38,"href":"https:\/\/toysankenkatehdas.fi\/fi\/wp-json\/wp\/v2\/pages\/2720\/revisions"}],"predecessor-version":[{"id":4720,"href":"https:\/\/toysankenkatehdas.fi\/fi\/wp-json\/wp\/v2\/pages\/2720\/revisions\/4720"}],"wp:attachment":[{"href":"https:\/\/toysankenkatehdas.fi\/fi\/wp-json\/wp\/v2\/media?parent=2720"}],"curies":[{"name":"wp","href":"https:\/\/api.w.org\/{rel}","templated":true}]}}