{"id":2722,"date":"2021-04-08T11:19:33","date_gmt":"2021-04-08T11:19:33","guid":{"rendered":"http:\/\/localhost\/wordpress\/?page_id=2722"},"modified":"2024-11-06T10:42:29","modified_gmt":"2024-11-06T10:42:29","slug":"lapikkaat","status":"publish","type":"page","link":"https:\/\/toysankenkatehdas.fi\/fi\/lapikkaat\/","title":{"rendered":"Lapikkaat"},"content":{"rendered":"<p>[et_pb_section fb_built=&#8221;1&#8243; _builder_version=&#8221;4.7.3&#8243; _module_preset=&#8221;default&#8221; custom_padding=&#8221;100px|||||&#8221; locked=&#8221;off&#8221;][et_pb_row _builder_version=&#8221;4.7.3&#8243; _module_preset=&#8221;default&#8221; width=&#8221;95%&#8221; custom_margin=&#8221;|auto||auto|false|false&#8221; custom_padding=&#8221;0px|||||&#8221;][et_pb_column type=&#8221;4_4&#8243; _builder_version=&#8221;4.7.3&#8243; _module_preset=&#8221;default&#8221;][et_pb_text _builder_version=&#8221;4.9.4&#8243; _module_preset=&#8221;default&#8221; text_font=&#8221;Open Sans||||||||&#8221; text_text_color=&#8221;#4d4d4d&#8221; text_font_size=&#8221;18px&#8221; text_line_height=&#8221;33px&#8221; header_font=&#8221;Open Sans|600|||||||&#8221; header_text_align=&#8221;center&#8221; header_text_color=&#8221;#4d4d4d&#8221; header_font_size=&#8221;47px&#8221; header_line_height=&#8221;62px&#8221; text_orientation=&#8221;center&#8221; width=&#8221;68%&#8221; max_width=&#8221;1080px&#8221; module_alignment=&#8221;center&#8221; custom_margin=&#8221;0px||-30px||false|false&#8221; custom_padding=&#8221;0px||0px||false|false&#8221; header_font_size_tablet=&#8221;&#8221; header_font_size_phone=&#8221;36px&#8221; header_font_size_last_edited=&#8221;on|phone&#8221;]<\/p>\n<h1 style=\"text-align: center;\">Lapikkaat<\/h1>\n<pre id=\"tw-target-text\" class=\"tw-data-text tw-text-large tw-ta\" dir=\"ltr\" data-placeholder=\"K\u00e4\u00e4nn\u00f6s\" data-ved=\"2ahUKEwiGpZDMwceJAxUKEhAIHQUtFkMQ3ewLegQICRAU\" aria-label=\"K\u00e4\u00e4nnetty teksti: ordering only from Finland\"><span class=\"Y2IQFc\" lang=\"en\">Tilaukset vain Suomesta. Orders only from Finland.<\/span><\/pre>\n<p>[\/et_pb_text][et_pb_divider color=&#8221;#707070&#8243; _builder_version=&#8221;4.9.3&#8243; _module_preset=&#8221;default&#8221; vertical_offset=&#8221;43px&#8221; width=&#8221;45%&#8221; module_alignment=&#8221;center&#8221;][\/et_pb_divider][et_pb_divider color=&#8221;#707070&#8243; _builder_version=&#8221;4.7.3&#8243; _module_preset=&#8221;default&#8221; width=&#8221;75%&#8221; module_alignment=&#8221;center&#8221;][\/et_pb_divider][\/et_pb_column][\/et_pb_row][et_pb_row _builder_version=&#8221;4.7.3&#8243; _module_preset=&#8221;default&#8221; width=&#8221;70%&#8221; max_width=&#8221;1920px&#8221; custom_padding=&#8221;0px|||||&#8221;][et_pb_column type=&#8221;4_4&#8243; _builder_version=&#8221;4.7.3&#8243; _module_preset=&#8221;default&#8221;][et_pb_shop type=&#8221;product_category&#8221; posts_number=&#8221;15&#8243; show_pagination=&#8221;on&#8221; include_categories=&#8221;38&#8243; columns_number=&#8221;3&#8243; module_id=&#8221;shop_widget&#8221; _builder_version=&#8221;4.9.4&#8243; _module_preset=&#8221;default&#8221; title_font=&#8221;Open Sans|600|||||||&#8221; title_text_align=&#8221;center&#8221; title_text_color=&#8221;#4d4d4d&#8221; title_font_size=&#8221;47px&#8221; title_line_height=&#8221;62px&#8221; price_font=&#8221;Open Sans|600||on|||||&#8221; price_text_align=&#8221;center&#8221; price_text_color=&#8221;#4d4d4d&#8221; price_font_size=&#8221;56px&#8221; price_line_height=&#8221;70px&#8221; sale_price_font=&#8221;Open Sans|600||on|||||&#8221; sale_price_text_color=&#8221;#4d4d4d&#8221; sale_price_font_size=&#8221;56px&#8221; text_orientation=&#8221;center&#8221; width=&#8221;100%&#8221; max_width=&#8221;1920px&#8221; module_alignment=&#8221;center&#8221; custom_padding=&#8221;||||false|false&#8221; hover_enabled=&#8221;0&#8243; sticky_enabled=&#8221;0&#8243;][\/et_pb_shop][\/et_pb_column][\/et_pb_row][\/et_pb_section]<\/p>\n","protected":false},"excerpt":{"rendered":"<p>Lapikkaat Tilaukset vain Suomesta. Orders only from Finland.<\/p>\n","protected":false},"author":1,"featured_media":0,"parent":0,"menu_order":0,"comment_status":"closed","ping_status":"closed","template":"","meta":{"_et_pb_use_builder":"on","_et_pb_old_content":"<!-- wp:divi\/placeholder \/-->","_et_gb_content_width":"","footnotes":""},"class_list":["post-2722","page","type-page","status-publish","hentry"],"_links":{"self":[{"href":"https:\/\/toysankenkatehdas.fi\/fi\/wp-json\/wp\/v2\/pages\/2722","targetHints":{"allow":["GET"]}}],"collection":[{"href":"https:\/\/toysankenkatehdas.fi\/fi\/wp-json\/wp\/v2\/pages"}],"about":[{"href":"https:\/\/toysankenkatehdas.fi\/fi\/wp-json\/wp\/v2\/types\/page"}],"author":[{"embeddable":true,"href":"https:\/\/toysankenkatehdas.fi\/fi\/wp-json\/wp\/v2\/users\/1"}],"replies":[{"embeddable":true,"href":"https:\/\/toysankenkatehdas.fi\/fi\/wp-json\/wp\/v2\/comments?post=2722"}],"version-history":[{"count":10,"href":"https:\/\/toysankenkatehdas.fi\/fi\/wp-json\/wp\/v2\/pages\/2722\/revisions"}],"predecessor-version":[{"id":9289,"href":"https:\/\/toysankenkatehdas.fi\/fi\/wp-json\/wp\/v2\/pages\/2722\/revisions\/9289"}],"wp:attachment":[{"href":"https:\/\/toysankenkatehdas.fi\/fi\/wp-json\/wp\/v2\/media?parent=2722"}],"curies":[{"name":"wp","href":"https:\/\/api.w.org\/{rel}","templated":true}]}}