{"id":3054,"date":"2021-04-22T07:32:29","date_gmt":"2021-04-22T07:32:29","guid":{"rendered":"http:\/\/localhost\/wordpress\/?page_id=3054"},"modified":"2021-04-22T07:32:29","modified_gmt":"2021-04-22T07:32:29","slug":"kengan-koko","status":"publish","type":"page","link":"https:\/\/toysankenkatehdas.fi\/fi\/kengan-koko\/","title":{"rendered":"Keng\u00e4n koko?"},"content":{"rendered":"<p>[et_pb_section fb_built=&#8221;1&#8243; _builder_version=&#8221;4.9.4&#8243; _module_preset=&#8221;default&#8221;][et_pb_row _builder_version=&#8221;4.9.4&#8243; _module_preset=&#8221;default&#8221;][et_pb_column _builder_version=&#8221;4.9.4&#8243; _module_preset=&#8221;default&#8221; type=&#8221;4_4&#8243;][et_pb_text _builder_version=&#8221;4.9.4&#8243; _module_preset=&#8221;default&#8221; text_font=&#8221;Open Sans||||||||&#8221; text_text_color=&#8221;#4D4D4D&#8221; text_line_height=&#8221;1.5em&#8221; header_font=&#8221;Open Sans|600|||||||&#8221; header_text_color=&#8221;#4D4D4D&#8221; header_line_height=&#8221;1.7em&#8221; hover_enabled=&#8221;0&#8243; sticky_enabled=&#8221;0&#8243; header_2_font=&#8221;Open Sans||||||||&#8221; header_2_text_color=&#8221;#4D4D4D&#8221; header_2_line_height=&#8221;2em&#8221;]<\/p>\n<h1 style=\"text-align: center;\">Keng\u00e4n koko?<\/h1>\n<h2 style=\"text-align: center;\">Keng\u00e4n numeron mittausohjeet<\/h2>\n<p style=\"text-align: center;\">T\u00f6ys\u00e4n Kenk\u00e4tehtaalla on k\u00e4yt\u00f6ss\u00e4 vanhat suomalaiset lestit ja koot ovat reiluja verrattuna eurooppalaisiin. Voit mitata koon seuraavasti:<\/p>\n<p style=\"text-align: center;\">Tarvitset paperiarkin, kyn\u00e4n ja mitan.<\/p>\n<p style=\"text-align: center;\">\n<p style=\"text-align: center;\">1. Aseta paperiarkki lattialle ja aseta jalkasi paperiarkin p\u00e4\u00e4lle seuraavan kuvan mukaisesti. Piirr\u00e4 kyn\u00e4ll\u00e4 tarkasti jalan muoto.<\/p>\n<p>[\/et_pb_text][et_pb_image src=&#8221;https:\/\/toysankenkatehdas.fi\/wp-content\/uploads\/2021\/04\/mittaus1.jpg&#8221; _builder_version=&#8221;4.9.4&#8243; _module_preset=&#8221;default&#8221; title_text=&#8221;mittaus1&#8243; hover_enabled=&#8221;0&#8243; sticky_enabled=&#8221;0&#8243; align=&#8221;center&#8221; custom_margin=&#8221;||50px|||&#8221;][\/et_pb_image][et_pb_text _builder_version=&#8221;4.9.4&#8243; _module_preset=&#8221;default&#8221; text_font=&#8221;Open Sans||||||||&#8221; text_text_color=&#8221;#4D4D4D&#8221; text_line_height=&#8221;1.5em&#8221; header_font=&#8221;Open Sans|600|||||||&#8221; header_text_color=&#8221;#4D4D4D&#8221; header_line_height=&#8221;1.7em&#8221; hover_enabled=&#8221;0&#8243; sticky_enabled=&#8221;0&#8243; header_2_font=&#8221;Open Sans||||||||&#8221; header_2_text_color=&#8221;#4D4D4D&#8221; header_2_line_height=&#8221;2em&#8221;]<\/p>\n<p style=\"text-align: center;\"><span>2. Piirr\u00e4 merkit kantap\u00e4\u00e4n ja isovarpaan uloimpiin kohtiin ja mittaa n\u00e4iden kohtien et\u00e4isyys mitalla. Kun olet saanut mittaustuloksen senttein\u00e4, k\u00e4yt\u00e4 oheista muunninta ja muuta senttimetrit keng\u00e4n numeroksi.<\/span><\/p>\n<p>[\/et_pb_text][et_pb_image src=&#8221;https:\/\/toysankenkatehdas.fi\/wp-content\/uploads\/2021\/04\/mittaus2.jpg&#8221; _builder_version=&#8221;4.9.4&#8243; _module_preset=&#8221;default&#8221; title_text=&#8221;mittaus2&#8243; align=&#8221;center&#8221; hover_enabled=&#8221;0&#8243; sticky_enabled=&#8221;0&#8243;][\/et_pb_image][\/et_pb_column][\/et_pb_row][\/et_pb_section]<\/p>\n","protected":false},"excerpt":{"rendered":"<p>Keng\u00e4n koko? Keng\u00e4n numeron mittausohjeet T\u00f6ys\u00e4n Kenk\u00e4tehtaalla on k\u00e4yt\u00f6ss\u00e4 vanhat suomalaiset lestit ja koot ovat reiluja verrattuna eurooppalaisiin. Voit mitata koon seuraavasti: Tarvitset paperiarkin, kyn\u00e4n ja mitan. 1. Aseta paperiarkki lattialle ja aseta jalkasi paperiarkin p\u00e4\u00e4lle seuraavan kuvan mukaisesti. Piirr\u00e4 kyn\u00e4ll\u00e4 tarkasti jalan muoto.2. Piirr\u00e4 merkit kantap\u00e4\u00e4n ja isovarpaan uloimpiin kohtiin ja mittaa n\u00e4iden kohtien [&hellip;]<\/p>\n","protected":false},"author":1,"featured_media":0,"parent":0,"menu_order":0,"comment_status":"closed","ping_status":"closed","template":"","meta":{"_et_pb_use_builder":"on","_et_pb_old_content":"","_et_gb_content_width":"","footnotes":""},"class_list":["post-3054","page","type-page","status-publish","hentry"],"_links":{"self":[{"href":"https:\/\/toysankenkatehdas.fi\/fi\/wp-json\/wp\/v2\/pages\/3054","targetHints":{"allow":["GET"]}}],"collection":[{"href":"https:\/\/toysankenkatehdas.fi\/fi\/wp-json\/wp\/v2\/pages"}],"about":[{"href":"https:\/\/toysankenkatehdas.fi\/fi\/wp-json\/wp\/v2\/types\/page"}],"author":[{"embeddable":true,"href":"https:\/\/toysankenkatehdas.fi\/fi\/wp-json\/wp\/v2\/users\/1"}],"replies":[{"embeddable":true,"href":"https:\/\/toysankenkatehdas.fi\/fi\/wp-json\/wp\/v2\/comments?post=3054"}],"version-history":[{"count":2,"href":"https:\/\/toysankenkatehdas.fi\/fi\/wp-json\/wp\/v2\/pages\/3054\/revisions"}],"predecessor-version":[{"id":3059,"href":"https:\/\/toysankenkatehdas.fi\/fi\/wp-json\/wp\/v2\/pages\/3054\/revisions\/3059"}],"wp:attachment":[{"href":"https:\/\/toysankenkatehdas.fi\/fi\/wp-json\/wp\/v2\/media?parent=3054"}],"curies":[{"name":"wp","href":"https:\/\/api.w.org\/{rel}","templated":true}]}}