{"id":3063,"date":"2021-04-22T07:44:54","date_gmt":"2021-04-22T07:44:54","guid":{"rendered":"http:\/\/localhost\/wordpress\/?page_id=3063"},"modified":"2021-04-22T07:55:58","modified_gmt":"2021-04-22T07:55:58","slug":"tietosuojaseloste","status":"publish","type":"page","link":"https:\/\/toysankenkatehdas.fi\/fi\/tietosuojaseloste\/","title":{"rendered":"Tietosuojaseloste"},"content":{"rendered":"<p>[et_pb_section fb_built=&#8221;1&#8243; _builder_version=&#8221;4.9.4&#8243; _module_preset=&#8221;default&#8221;][et_pb_row _builder_version=&#8221;4.9.4&#8243; _module_preset=&#8221;default&#8221; custom_padding=&#8221;0px|||||&#8221; hover_enabled=&#8221;0&#8243; sticky_enabled=&#8221;0&#8243; max_width_last_edited=&#8221;on|phone&#8221; max_width_phone=&#8221;90%&#8221; max_width_tablet=&#8221;80%&#8221;][et_pb_column type=&#8221;4_4&#8243; _builder_version=&#8221;4.9.4&#8243; _module_preset=&#8221;default&#8221;][et_pb_text _builder_version=&#8221;4.9.4&#8243; _module_preset=&#8221;default&#8221; text_font=&#8221;Open Sans||||||||&#8221; text_text_color=&#8221;#4D4D4D&#8221; header_font=&#8221;Open Sans|600|||||||&#8221; header_text_align=&#8221;center&#8221; header_text_color=&#8221;#4D4D4D&#8221; header_line_height=&#8221;3em&#8221; hover_enabled=&#8221;0&#8243; header_font_size_last_edited=&#8221;on|phone&#8221; sticky_enabled=&#8221;0&#8243; header_font_size_phone=&#8221;20px&#8221; text_font_size_last_edited=&#8221;on|phone&#8221; text_font_size_phone=&#8221;10px&#8221;]<\/p>\n<h1>T\u00f6ys\u00e4n kenk\u00e4tehdas Oy:n verkkokaupan tietosuojaseloste<\/h1>\n<table>\n<tbody>\n<tr>\n<td>Rekisterinpit\u00e4j\u00e4<\/td>\n<td>T\u00f6ys\u00e4n Kenk\u00e4tehdas Oy,<br \/>Keskustie 61<br \/>63600 T\u00f6ys\u00e4<br \/>Y-tunnus: 0182816-8<\/td>\n<\/tr>\n<tr>\n<td>Rekisteriss\u00e4 vastaava yhteyshenkil\u00f6<\/td>\n<td>Harri M\u00e4kel\u00e4,<br \/><a href=\"mailto:toysankenkatehdas@netikka.fi\">toysankenkatehdas@netikka.fi<\/a><br \/>p. 06 526 1421<\/td>\n<\/tr>\n<tr>\n<td>\n<p>Rekisterin Nimi<\/p>\n<p>&nbsp;<\/p>\n<p>Oikeusperuste ja henkil\u00f6tietojen k\u00e4sittely tarkoitus<\/p>\n<\/td>\n<td>\n<p>T\u00f6ys\u00e4n kenk\u00e4tehtaan verkkokaupan asiakasrekisteri<\/p>\n<p>&nbsp;<\/p>\n<p>tilaussopimus<br \/>Yhteyden pito asiakkaisiin<\/p>\n<\/td>\n<\/tr>\n<tr>\n<td>Rekisterin tietosis\u00e4lt\u00f6:<\/td>\n<td>\n<p>Rekisteriin tallennettavia tietoja:<\/p>\n<p>&nbsp;<\/p>\n<p>Yhteystiedot:<br \/>henkil\u00f6n nimi<br \/>yrityksen nimi<br \/>laskutus- ja toimitusosoite (puhelinnumero, s\u00e4hk\u00f6postiosoite, postiosoite, maa)<\/p>\n<p>k\u00e4ytt\u00e4j\u00e4tunnus ja salasana<br \/>maksutapa, maksup\u00e4iv\u00e4<br \/>toimitustapa, toimitusp\u00e4iv\u00e4<br \/>Tilaustiedot:<br \/>Tuotetiedot, hinta, kappalem\u00e4\u00e4r\u00e4, tilausp\u00e4iv\u00e4<\/p>\n<\/td>\n<\/tr>\n<tr>\n<td>S\u00e4\u00e4nn\u00f6nmukaiset tietol\u00e4hteet<\/td>\n<td>Rekisteriin tallennettavat tiedot saadaan asiakkaalta<br \/>www-lomakkeilla l\u00e4hetetyist\u00e4 viestist\u00e4, s\u00e4hk\u00f6postitse, puhelimitse.<\/td>\n<\/tr>\n<tr>\n<td>Tietojen s\u00e4\u00e4nn\u00f6nmukaiset luovutukset ja tietojen siirto Eu:n tai ETA:n ulkopuolelle.<\/td>\n<td>Tietoja ei luovuteta muille tahoille.<\/td>\n<\/tr>\n<tr>\n<td>Rekisterin suojauksen periaatteet<\/td>\n<td>Huolellisuus rekisteriss\u00e4 tietoj\u00e4rjestelmien k\u00e4sittelyss\u00e4, p\u00e4\u00e4synvalvonta (k\u00e4ytt\u00e4j\u00e4tunnukset ja salasanat) ja tiedostosuojaukset.<\/td>\n<\/tr>\n<tr>\n<td>Tarkastusoikeus ja oikeus vaatia tiedon tarkastamista<\/td>\n<td>\n<p>Asiakas voi tarkastaa rekisteriss\u00e4 olevat tietonsa ja korjata itse kirjautumalla (omat tiedot).<\/p>\n<p>&nbsp;<\/p>\n<p>Pyynn\u00f6n voi l\u00e4hett\u00e4\u00e4 kirjallisesti rekisterinpit\u00e4j\u00e4lle, jos haluaa vaatia oikaisua.<\/p>\n<\/td>\n<\/tr>\n<tr>\n<td>Muut henkil\u00f6tietojen k\u00e4sittelyyn liittyv\u00e4t oikeudet<\/td>\n<td>Rekisterin poistaminen rekisterist\u00e4 (\u201dOikeus tulla unohdetuksi\u201d). Pyynt\u00f6 kirjallisesti rekisterinpit\u00e4j\u00e4lle.<\/td>\n<\/tr>\n<\/tbody>\n<\/table>\n<p>[\/et_pb_text][\/et_pb_column][\/et_pb_row][\/et_pb_section]<\/p>\n","protected":false},"excerpt":{"rendered":"<p>T\u00f6ys\u00e4n kenk\u00e4tehdas Oy:n verkkokaupan tietosuojaseloste Rekisterinpit\u00e4j\u00e4 T\u00f6ys\u00e4n Kenk\u00e4tehdas Oy,Keskustie 6163600 T\u00f6ys\u00e4Y-tunnus: 0182816-8 Rekisteriss\u00e4 vastaava yhteyshenkil\u00f6 Harri M\u00e4kel\u00e4,toysankenkatehdas@netikka.fip. 06 526 1421 Rekisterin Nimi &nbsp; Oikeusperuste ja henkil\u00f6tietojen k\u00e4sittely tarkoitus T\u00f6ys\u00e4n kenk\u00e4tehtaan verkkokaupan asiakasrekisteri &nbsp; tilaussopimusYhteyden pito asiakkaisiin Rekisterin tietosis\u00e4lt\u00f6: Rekisteriin tallennettavia tietoja: &nbsp; Yhteystiedot:henkil\u00f6n nimiyrityksen nimilaskutus- ja toimitusosoite (puhelinnumero, s\u00e4hk\u00f6postiosoite, postiosoite, maa) k\u00e4ytt\u00e4j\u00e4tunnus ja salasanamaksutapa, maksup\u00e4iv\u00e4toimitustapa, [&hellip;]<\/p>\n","protected":false},"author":1,"featured_media":0,"parent":0,"menu_order":0,"comment_status":"closed","ping_status":"closed","template":"","meta":{"_et_pb_use_builder":"on","_et_pb_old_content":"","_et_gb_content_width":"","footnotes":""},"class_list":["post-3063","page","type-page","status-publish","hentry"],"_links":{"self":[{"href":"https:\/\/toysankenkatehdas.fi\/fi\/wp-json\/wp\/v2\/pages\/3063","targetHints":{"allow":["GET"]}}],"collection":[{"href":"https:\/\/toysankenkatehdas.fi\/fi\/wp-json\/wp\/v2\/pages"}],"about":[{"href":"https:\/\/toysankenkatehdas.fi\/fi\/wp-json\/wp\/v2\/types\/page"}],"author":[{"embeddable":true,"href":"https:\/\/toysankenkatehdas.fi\/fi\/wp-json\/wp\/v2\/users\/1"}],"replies":[{"embeddable":true,"href":"https:\/\/toysankenkatehdas.fi\/fi\/wp-json\/wp\/v2\/comments?post=3063"}],"version-history":[{"count":3,"href":"https:\/\/toysankenkatehdas.fi\/fi\/wp-json\/wp\/v2\/pages\/3063\/revisions"}],"predecessor-version":[{"id":3070,"href":"https:\/\/toysankenkatehdas.fi\/fi\/wp-json\/wp\/v2\/pages\/3063\/revisions\/3070"}],"wp:attachment":[{"href":"https:\/\/toysankenkatehdas.fi\/fi\/wp-json\/wp\/v2\/media?parent=3063"}],"curies":[{"name":"wp","href":"https:\/\/api.w.org\/{rel}","templated":true}]}}