{"id":3538,"date":"2021-10-06T04:40:49","date_gmt":"2021-10-06T04:40:49","guid":{"rendered":"https:\/\/toysankenkatehdas.fi\/?post_type=product&#038;p=3538"},"modified":"2025-08-23T10:52:32","modified_gmt":"2025-08-23T10:52:32","slug":"polvivarsi-lapikas-nahkapohjalla","status":"publish","type":"product","link":"https:\/\/toysankenkatehdas.fi\/fi\/product\/polvivarsi-lapikas-nahkapohjalla\/","title":{"rendered":"Polvivarsilapikas nahkapohjalla"},"content":{"rendered":"<p>Alkuper\u00e4inen puunauloilla valmistettu parkkinahkainen lapikas nahkapohjalla, joka on puolipohjattu liukkautta vastaan. Ollut valmistuksessamme 1930-luvulta l\u00e4htien. Auringonvalo tummentaa kauniisti luonnonv\u00e4rist\u00e4 kasviparkittua parkkinahkaa.<\/p>\n","protected":false},"excerpt":{"rendered":"<p>Alkuper\u00e4inen lapikas<\/p>\n","protected":false},"featured_media":2273,"template":"","meta":{"_et_pb_use_builder":"off","_et_pb_old_content":"Alkuper\u00e4inen puunauloilla valmistettu parkkinahkainen lapikas nahkapohjalla, joka on puolipohjattu liukkautta vastaan.\r\nOllut valmistuksessamme 1930-luvulta l\u00e4htien.\r\nAuringonvalo tummentaa kauniisti luonnonv\u00e4rist\u00e4 kasviparkittua parkkinahkaa.","_et_gb_content_width":""},"product_brand":[],"product_cat":[38],"product_tag":[],"class_list":{"0":"post-3538","1":"product","2":"type-product","3":"status-publish","4":"has-post-thumbnail","6":"product_cat-lapikkaat","8":"first","9":"instock","10":"taxable","11":"shipping-taxable","12":"purchasable","13":"product-type-variable"},"_links":{"self":[{"href":"https:\/\/toysankenkatehdas.fi\/fi\/wp-json\/wp\/v2\/product\/3538","targetHints":{"allow":["GET"]}}],"collection":[{"href":"https:\/\/toysankenkatehdas.fi\/fi\/wp-json\/wp\/v2\/product"}],"about":[{"href":"https:\/\/toysankenkatehdas.fi\/fi\/wp-json\/wp\/v2\/types\/product"}],"wp:featuredmedia":[{"embeddable":true,"href":"https:\/\/toysankenkatehdas.fi\/fi\/wp-json\/wp\/v2\/media\/2273"}],"wp:attachment":[{"href":"https:\/\/toysankenkatehdas.fi\/fi\/wp-json\/wp\/v2\/media?parent=3538"}],"wp:term":[{"taxonomy":"product_brand","embeddable":true,"href":"https:\/\/toysankenkatehdas.fi\/fi\/wp-json\/wp\/v2\/product_brand?post=3538"},{"taxonomy":"product_cat","embeddable":true,"href":"https:\/\/toysankenkatehdas.fi\/fi\/wp-json\/wp\/v2\/product_cat?post=3538"},{"taxonomy":"product_tag","embeddable":true,"href":"https:\/\/toysankenkatehdas.fi\/fi\/wp-json\/wp\/v2\/product_tag?post=3538"}],"curies":[{"name":"wp","href":"https:\/\/api.w.org\/{rel}","templated":true}]}}