{"id":3589,"date":"2021-10-06T06:12:44","date_gmt":"2021-10-06T06:12:44","guid":{"rendered":"https:\/\/toysankenkatehdas.fi\/?post_type=product&#038;p=3589"},"modified":"2025-03-06T04:59:04","modified_gmt":"2025-03-06T04:59:04","slug":"poimuvarsijatsari-kumipohjalla","status":"publish","type":"product","link":"https:\/\/toysankenkatehdas.fi\/fi\/product\/poimuvarsijatsari-kumipohjalla\/","title":{"rendered":"Poimuvarsijatsarit kumipohjalla TUOTE ON LOPPUNUT"},"content":{"rendered":"<p>Perinteiset nahkaiset jatsarit pit\u00e4v\u00e4ll\u00e4 kumipohjalla. Nahkavuori pes\u00e4osassa.<\/p>\n","protected":false},"excerpt":{"rendered":"<p>Perinteiset poimuvarsijatsarit<\/p>\n","protected":false},"featured_media":2257,"template":"","meta":{"_et_pb_use_builder":"off","_et_pb_old_content":"Perinteiset nahkaiset jatsarit pit\u00e4v\u00e4ll\u00e4 kumipohjalla. Nahkavuori pes\u00e4osassa.","_et_gb_content_width":""},"product_brand":[],"product_cat":[39],"product_tag":[],"class_list":{"0":"post-3589","1":"product","2":"type-product","3":"status-publish","4":"has-post-thumbnail","6":"product_cat-saappaat","8":"first","9":"instock","10":"taxable","11":"shipping-taxable","12":"purchasable","13":"product-type-variable"},"_links":{"self":[{"href":"https:\/\/toysankenkatehdas.fi\/fi\/wp-json\/wp\/v2\/product\/3589","targetHints":{"allow":["GET"]}}],"collection":[{"href":"https:\/\/toysankenkatehdas.fi\/fi\/wp-json\/wp\/v2\/product"}],"about":[{"href":"https:\/\/toysankenkatehdas.fi\/fi\/wp-json\/wp\/v2\/types\/product"}],"wp:featuredmedia":[{"embeddable":true,"href":"https:\/\/toysankenkatehdas.fi\/fi\/wp-json\/wp\/v2\/media\/2257"}],"wp:attachment":[{"href":"https:\/\/toysankenkatehdas.fi\/fi\/wp-json\/wp\/v2\/media?parent=3589"}],"wp:term":[{"taxonomy":"product_brand","embeddable":true,"href":"https:\/\/toysankenkatehdas.fi\/fi\/wp-json\/wp\/v2\/product_brand?post=3589"},{"taxonomy":"product_cat","embeddable":true,"href":"https:\/\/toysankenkatehdas.fi\/fi\/wp-json\/wp\/v2\/product_cat?post=3589"},{"taxonomy":"product_tag","embeddable":true,"href":"https:\/\/toysankenkatehdas.fi\/fi\/wp-json\/wp\/v2\/product_tag?post=3589"}],"curies":[{"name":"wp","href":"https:\/\/api.w.org\/{rel}","templated":true}]}}