{"id":3672,"date":"2021-10-12T06:23:02","date_gmt":"2021-10-12T06:23:02","guid":{"rendered":"https:\/\/toysankenkatehdas.fi\/?post_type=product&#038;p=3672"},"modified":"2025-03-06T05:00:20","modified_gmt":"2025-03-06T05:00:20","slug":"lamminvuorinen-nahkasaapas-2","status":"publish","type":"product","link":"https:\/\/toysankenkatehdas.fi\/fi\/product\/lamminvuorinen-nahkasaapas-2\/","title":{"rendered":"L\u00e4mminvuorinen nahkasaapas TUOTE ON LOPPUNUT"},"content":{"rendered":"<p>L\u00e4mminvuorinen, vahvanahkainen saapas pit\u00e4v\u00e4ll\u00e4 kumipohjalla. Matala varsi. <strong>Koot 38-47 hintaan 79,90 \u20ac<\/strong><\/p>\n","protected":false},"excerpt":{"rendered":"<p>Vahvanahkainen matalavartinen saapas<\/p>\n","protected":false},"featured_media":2337,"template":"","meta":{"_et_pb_use_builder":"off","_et_pb_old_content":"L\u00e4mminvuorinen, vahvanahkainen saapas pit\u00e4v\u00e4ll\u00e4 kumipohjalla. Matala varsi. <strong>Koot 38-47 hintaan 66,90 \u20ac<\/strong>","_et_gb_content_width":""},"product_brand":[],"product_cat":[39],"product_tag":[],"class_list":{"0":"post-3672","1":"product","2":"type-product","3":"status-publish","4":"has-post-thumbnail","6":"product_cat-saappaat","8":"first","9":"instock","10":"taxable","11":"shipping-taxable","12":"purchasable","13":"product-type-variable"},"_links":{"self":[{"href":"https:\/\/toysankenkatehdas.fi\/fi\/wp-json\/wp\/v2\/product\/3672","targetHints":{"allow":["GET"]}}],"collection":[{"href":"https:\/\/toysankenkatehdas.fi\/fi\/wp-json\/wp\/v2\/product"}],"about":[{"href":"https:\/\/toysankenkatehdas.fi\/fi\/wp-json\/wp\/v2\/types\/product"}],"wp:featuredmedia":[{"embeddable":true,"href":"https:\/\/toysankenkatehdas.fi\/fi\/wp-json\/wp\/v2\/media\/2337"}],"wp:attachment":[{"href":"https:\/\/toysankenkatehdas.fi\/fi\/wp-json\/wp\/v2\/media?parent=3672"}],"wp:term":[{"taxonomy":"product_brand","embeddable":true,"href":"https:\/\/toysankenkatehdas.fi\/fi\/wp-json\/wp\/v2\/product_brand?post=3672"},{"taxonomy":"product_cat","embeddable":true,"href":"https:\/\/toysankenkatehdas.fi\/fi\/wp-json\/wp\/v2\/product_cat?post=3672"},{"taxonomy":"product_tag","embeddable":true,"href":"https:\/\/toysankenkatehdas.fi\/fi\/wp-json\/wp\/v2\/product_tag?post=3672"}],"curies":[{"name":"wp","href":"https:\/\/api.w.org\/{rel}","templated":true}]}}