{"id":3685,"date":"2021-10-12T06:32:29","date_gmt":"2021-10-12T06:32:29","guid":{"rendered":"https:\/\/toysankenkatehdas.fi\/?post_type=product&#038;p=3685"},"modified":"2025-03-01T07:42:21","modified_gmt":"2025-03-01T07:42:21","slug":"kumiterasaapas","status":"publish","type":"product","link":"https:\/\/toysankenkatehdas.fi\/fi\/product\/kumiterasaapas\/","title":{"rendered":"Kumiter\u00e4saapas TUOTE ON LOPPUNUT"},"content":{"rendered":"<p>Vuoreton kumiter\u00e4saapas vahvanahkaisella varrella. Pes\u00e4 kumia.<\/p>\n","protected":false},"excerpt":{"rendered":"<p>Vahvanahkainen varsi ja kuminen pes\u00e4<\/p>\n","protected":false},"featured_media":2233,"template":"","meta":{"_et_pb_use_builder":"off","_et_pb_old_content":"Vuoreton kumiter\u00e4saapas vahvanahkaisella varrella. Pes\u00e4 kumia.","_et_gb_content_width":""},"product_brand":[],"product_cat":[39],"product_tag":[],"class_list":{"0":"post-3685","1":"product","2":"type-product","3":"status-publish","4":"has-post-thumbnail","6":"product_cat-saappaat","8":"first","9":"instock","10":"taxable","11":"shipping-taxable","12":"purchasable","13":"product-type-variable"},"_links":{"self":[{"href":"https:\/\/toysankenkatehdas.fi\/fi\/wp-json\/wp\/v2\/product\/3685","targetHints":{"allow":["GET"]}}],"collection":[{"href":"https:\/\/toysankenkatehdas.fi\/fi\/wp-json\/wp\/v2\/product"}],"about":[{"href":"https:\/\/toysankenkatehdas.fi\/fi\/wp-json\/wp\/v2\/types\/product"}],"wp:featuredmedia":[{"embeddable":true,"href":"https:\/\/toysankenkatehdas.fi\/fi\/wp-json\/wp\/v2\/media\/2233"}],"wp:attachment":[{"href":"https:\/\/toysankenkatehdas.fi\/fi\/wp-json\/wp\/v2\/media?parent=3685"}],"wp:term":[{"taxonomy":"product_brand","embeddable":true,"href":"https:\/\/toysankenkatehdas.fi\/fi\/wp-json\/wp\/v2\/product_brand?post=3685"},{"taxonomy":"product_cat","embeddable":true,"href":"https:\/\/toysankenkatehdas.fi\/fi\/wp-json\/wp\/v2\/product_cat?post=3685"},{"taxonomy":"product_tag","embeddable":true,"href":"https:\/\/toysankenkatehdas.fi\/fi\/wp-json\/wp\/v2\/product_tag?post=3685"}],"curies":[{"name":"wp","href":"https:\/\/api.w.org\/{rel}","templated":true}]}}