{"id":3699,"date":"2021-10-12T06:54:37","date_gmt":"2021-10-12T06:54:37","guid":{"rendered":"https:\/\/toysankenkatehdas.fi\/?post_type=product&#038;p=3699"},"modified":"2024-10-13T05:21:58","modified_gmt":"2024-10-13T05:21:58","slug":"armeija-mallin-nahkasaapas","status":"publish","type":"product","link":"https:\/\/toysankenkatehdas.fi\/fi\/product\/armeija-mallin-nahkasaapas\/","title":{"rendered":"Armeija-mallin nahkasaapas. TUOTE ON LOPPUNUT."},"content":{"rendered":"<p>Perinteinen armeija-mallin nahkasaapas vuosien takaa. Vuori sek\u00e4 sis\u00e4pohja nahkaa. Huomioitava, ett\u00e4 ei sovellu suksisiteeseen.<\/p>\n","protected":false},"excerpt":{"rendered":"<p>Perinteinen armeija-mallin saapas<\/p>\n","protected":false},"featured_media":2204,"template":"","meta":{"_et_pb_use_builder":"off","_et_pb_old_content":"Perinteinen armeija-mallin nahkasaapas vuosien takaa. Vuori sek\u00e4 sis\u00e4pohja nahkaa.\r\nHuomioitava, ett\u00e4 ei sovellu suksisiteeseen.","_et_gb_content_width":""},"product_brand":[],"product_cat":[39],"product_tag":[],"class_list":{"0":"post-3699","1":"product","2":"type-product","3":"status-publish","4":"has-post-thumbnail","6":"product_cat-saappaat","8":"first","9":"instock","10":"taxable","11":"shipping-taxable","12":"purchasable","13":"product-type-variable"},"_links":{"self":[{"href":"https:\/\/toysankenkatehdas.fi\/fi\/wp-json\/wp\/v2\/product\/3699","targetHints":{"allow":["GET"]}}],"collection":[{"href":"https:\/\/toysankenkatehdas.fi\/fi\/wp-json\/wp\/v2\/product"}],"about":[{"href":"https:\/\/toysankenkatehdas.fi\/fi\/wp-json\/wp\/v2\/types\/product"}],"wp:featuredmedia":[{"embeddable":true,"href":"https:\/\/toysankenkatehdas.fi\/fi\/wp-json\/wp\/v2\/media\/2204"}],"wp:attachment":[{"href":"https:\/\/toysankenkatehdas.fi\/fi\/wp-json\/wp\/v2\/media?parent=3699"}],"wp:term":[{"taxonomy":"product_brand","embeddable":true,"href":"https:\/\/toysankenkatehdas.fi\/fi\/wp-json\/wp\/v2\/product_brand?post=3699"},{"taxonomy":"product_cat","embeddable":true,"href":"https:\/\/toysankenkatehdas.fi\/fi\/wp-json\/wp\/v2\/product_cat?post=3699"},{"taxonomy":"product_tag","embeddable":true,"href":"https:\/\/toysankenkatehdas.fi\/fi\/wp-json\/wp\/v2\/product_tag?post=3699"}],"curies":[{"name":"wp","href":"https:\/\/api.w.org\/{rel}","templated":true}]}}