{"id":3709,"date":"2021-10-12T07:24:09","date_gmt":"2021-10-12T07:24:09","guid":{"rendered":"https:\/\/toysankenkatehdas.fi\/?post_type=product&#038;p=3709"},"modified":"2025-03-06T05:00:56","modified_gmt":"2025-03-06T05:00:56","slug":"box-saapas-kumipohjalla","status":"publish","type":"product","link":"https:\/\/toysankenkatehdas.fi\/fi\/product\/box-saapas-kumipohjalla\/","title":{"rendered":"Box-saapas kumipohjalla TUOTE ON LOPPUNUT"},"content":{"rendered":"<p>Hienompi nahkasaapas pit\u00e4v\u00e4ll\u00e4 kumipohjalla. Korkea varsi.<\/p>\n","protected":false},"excerpt":{"rendered":"<p>Hienompi nahkasaapas<\/p>\n","protected":false},"featured_media":2210,"template":"","meta":{"_et_pb_use_builder":"off","_et_pb_old_content":"Hienompi nahkasaapas pit\u00e4v\u00e4ll\u00e4 kumipohjalla. Korkea varsi.","_et_gb_content_width":""},"product_brand":[],"product_cat":[39],"product_tag":[],"class_list":{"0":"post-3709","1":"product","2":"type-product","3":"status-publish","4":"has-post-thumbnail","6":"product_cat-saappaat","8":"first","9":"instock","10":"taxable","11":"shipping-taxable","12":"purchasable","13":"product-type-variable"},"_links":{"self":[{"href":"https:\/\/toysankenkatehdas.fi\/fi\/wp-json\/wp\/v2\/product\/3709","targetHints":{"allow":["GET"]}}],"collection":[{"href":"https:\/\/toysankenkatehdas.fi\/fi\/wp-json\/wp\/v2\/product"}],"about":[{"href":"https:\/\/toysankenkatehdas.fi\/fi\/wp-json\/wp\/v2\/types\/product"}],"wp:featuredmedia":[{"embeddable":true,"href":"https:\/\/toysankenkatehdas.fi\/fi\/wp-json\/wp\/v2\/media\/2210"}],"wp:attachment":[{"href":"https:\/\/toysankenkatehdas.fi\/fi\/wp-json\/wp\/v2\/media?parent=3709"}],"wp:term":[{"taxonomy":"product_brand","embeddable":true,"href":"https:\/\/toysankenkatehdas.fi\/fi\/wp-json\/wp\/v2\/product_brand?post=3709"},{"taxonomy":"product_cat","embeddable":true,"href":"https:\/\/toysankenkatehdas.fi\/fi\/wp-json\/wp\/v2\/product_cat?post=3709"},{"taxonomy":"product_tag","embeddable":true,"href":"https:\/\/toysankenkatehdas.fi\/fi\/wp-json\/wp\/v2\/product_tag?post=3709"}],"curies":[{"name":"wp","href":"https:\/\/api.w.org\/{rel}","templated":true}]}}