{"id":3806,"date":"2021-10-12T11:28:44","date_gmt":"2021-10-12T11:28:44","guid":{"rendered":"https:\/\/toysankenkatehdas.fi\/?post_type=product&#038;p=3806"},"modified":"2026-03-16T06:57:22","modified_gmt":"2026-03-16T06:57:22","slug":"tanhukenka","status":"publish","type":"product","link":"https:\/\/toysankenkatehdas.fi\/fi\/product\/tanhukenka\/","title":{"rendered":"Tanhukenk\u00e4"},"content":{"rendered":"<p><span dir=\"auto\" style=\"vertical-align: inherit;\"><span dir=\"auto\" style=\"vertical-align: inherit;\">Musta py\u00f6re\u00e4k\u00e4rkinen tanhukenk\u00e4 kevytsolupohjalla. Korkeampi kanta.<\/span><\/span><\/p>\n","protected":false},"excerpt":{"rendered":"<p><span dir=\"auto\" style=\"vertical-align: inherit;\"><span dir=\"auto\" style=\"vertical-align: inherit;\">Py\u00f6re\u00e4k\u00e4rkinen tanhukenk\u00e4<\/span><\/span><\/p>\n","protected":false},"featured_media":2279,"template":"","meta":{"_et_pb_use_builder":"","_et_pb_old_content":"","_et_gb_content_width":""},"product_brand":[],"product_cat":[40],"product_tag":[],"class_list":{"0":"post-3806","1":"product","2":"type-product","3":"status-publish","4":"has-post-thumbnail","6":"product_cat-supikkaat","8":"first","9":"instock","10":"taxable","11":"shipping-taxable","12":"purchasable","13":"product-type-variable"},"_links":{"self":[{"href":"https:\/\/toysankenkatehdas.fi\/fi\/wp-json\/wp\/v2\/product\/3806","targetHints":{"allow":["GET"]}}],"collection":[{"href":"https:\/\/toysankenkatehdas.fi\/fi\/wp-json\/wp\/v2\/product"}],"about":[{"href":"https:\/\/toysankenkatehdas.fi\/fi\/wp-json\/wp\/v2\/types\/product"}],"wp:featuredmedia":[{"embeddable":true,"href":"https:\/\/toysankenkatehdas.fi\/fi\/wp-json\/wp\/v2\/media\/2279"}],"wp:attachment":[{"href":"https:\/\/toysankenkatehdas.fi\/fi\/wp-json\/wp\/v2\/media?parent=3806"}],"wp:term":[{"taxonomy":"product_brand","embeddable":true,"href":"https:\/\/toysankenkatehdas.fi\/fi\/wp-json\/wp\/v2\/product_brand?post=3806"},{"taxonomy":"product_cat","embeddable":true,"href":"https:\/\/toysankenkatehdas.fi\/fi\/wp-json\/wp\/v2\/product_cat?post=3806"},{"taxonomy":"product_tag","embeddable":true,"href":"https:\/\/toysankenkatehdas.fi\/fi\/wp-json\/wp\/v2\/product_tag?post=3806"}],"curies":[{"name":"wp","href":"https:\/\/api.w.org\/{rel}","templated":true}]}}