{"id":4436,"date":"2021-11-02T12:34:56","date_gmt":"2021-11-02T12:34:56","guid":{"rendered":"https:\/\/toysankenkatehdas.fi\/?post_type=product&#038;p=4436"},"modified":"2024-02-16T07:15:44","modified_gmt":"2024-02-16T07:15:44","slug":"rieker-nilkkurit-26","status":"publish","type":"product","link":"https:\/\/toysankenkatehdas.fi\/fi\/product\/rieker-nilkkurit-26\/","title":{"rendered":"Rieker nilkkurit Z5500-00"},"content":{"rendered":"<p>-L\u00e4mmin teddyvuori<\/p>\n<p>-RiekerTex- kalvo<\/p>\n<p>-Sivussa vetoketju<\/p>\n<p>-Helppohoitoinen keinonahka<\/p>\n<p>-Pit\u00e4v\u00e4 pohja<\/p>\n<p>-Kullan v\u00e4riset nauhalenkit<\/p>\n","protected":false},"excerpt":{"rendered":"<p>RiekerTex-kalvolliset naisten nilkkurit<\/p>\n","protected":false},"featured_media":4202,"template":"","meta":{"_et_pb_use_builder":"off","_et_pb_old_content":"-L\u00e4mmin teddyvuori -RiekerTex-kalvo -Sivussa vetoketju -Helppohoitoinen keinonahka -Pit\u00e4v\u00e4 pohja","_et_gb_content_width":""},"product_brand":[],"product_cat":[22],"product_tag":[],"class_list":{"0":"post-4436","1":"product","2":"type-product","3":"status-publish","4":"has-post-thumbnail","6":"product_cat-rieker","8":"first","9":"instock","10":"taxable","11":"shipping-taxable","12":"purchasable","13":"product-type-variable"},"_links":{"self":[{"href":"https:\/\/toysankenkatehdas.fi\/fi\/wp-json\/wp\/v2\/product\/4436","targetHints":{"allow":["GET"]}}],"collection":[{"href":"https:\/\/toysankenkatehdas.fi\/fi\/wp-json\/wp\/v2\/product"}],"about":[{"href":"https:\/\/toysankenkatehdas.fi\/fi\/wp-json\/wp\/v2\/types\/product"}],"wp:featuredmedia":[{"embeddable":true,"href":"https:\/\/toysankenkatehdas.fi\/fi\/wp-json\/wp\/v2\/media\/4202"}],"wp:attachment":[{"href":"https:\/\/toysankenkatehdas.fi\/fi\/wp-json\/wp\/v2\/media?parent=4436"}],"wp:term":[{"taxonomy":"product_brand","embeddable":true,"href":"https:\/\/toysankenkatehdas.fi\/fi\/wp-json\/wp\/v2\/product_brand?post=4436"},{"taxonomy":"product_cat","embeddable":true,"href":"https:\/\/toysankenkatehdas.fi\/fi\/wp-json\/wp\/v2\/product_cat?post=4436"},{"taxonomy":"product_tag","embeddable":true,"href":"https:\/\/toysankenkatehdas.fi\/fi\/wp-json\/wp\/v2\/product_tag?post=4436"}],"curies":[{"name":"wp","href":"https:\/\/api.w.org\/{rel}","templated":true}]}}