{"id":4492,"date":"2021-11-02T12:35:14","date_gmt":"2021-11-02T12:35:14","guid":{"rendered":"https:\/\/toysankenkatehdas.fi\/?post_type=product&#038;p=4492"},"modified":"2026-01-12T07:37:41","modified_gmt":"2026-01-12T07:37:41","slug":"rieker-chelsea-nilkkurit-4","status":"publish","type":"product","link":"https:\/\/toysankenkatehdas.fi\/fi\/product\/rieker-chelsea-nilkkurit-4\/","title":{"rendered":"Rieker chelsea-nilkkurit 34653-22"},"content":{"rendered":"<p>-Aito nahka<\/p>\n<p>-Kevyt l\u00e4mmin vuori<\/p>\n<p>-Varressa joustoresorit<\/p>\n<p>-Pit\u00e4v\u00e4 pohja<\/p>\n","protected":false},"excerpt":{"rendered":"<p>Nahkaiset miesten chelsea-nilkkurit<\/p>\n","protected":false},"featured_media":4262,"template":"","meta":{"_et_pb_use_builder":"off","_et_pb_old_content":"-Aito nahka -Kevyt l\u00e4mmin vuori -Varressa joustoresorit -Pit\u00e4v\u00e4 pohja","_et_gb_content_width":""},"product_brand":[],"product_cat":[22],"product_tag":[],"class_list":{"0":"post-4492","1":"product","2":"type-product","3":"status-publish","4":"has-post-thumbnail","6":"product_cat-rieker","8":"first","9":"instock","10":"taxable","11":"shipping-taxable","12":"purchasable","13":"product-type-variable"},"_links":{"self":[{"href":"https:\/\/toysankenkatehdas.fi\/fi\/wp-json\/wp\/v2\/product\/4492","targetHints":{"allow":["GET"]}}],"collection":[{"href":"https:\/\/toysankenkatehdas.fi\/fi\/wp-json\/wp\/v2\/product"}],"about":[{"href":"https:\/\/toysankenkatehdas.fi\/fi\/wp-json\/wp\/v2\/types\/product"}],"wp:featuredmedia":[{"embeddable":true,"href":"https:\/\/toysankenkatehdas.fi\/fi\/wp-json\/wp\/v2\/media\/4262"}],"wp:attachment":[{"href":"https:\/\/toysankenkatehdas.fi\/fi\/wp-json\/wp\/v2\/media?parent=4492"}],"wp:term":[{"taxonomy":"product_brand","embeddable":true,"href":"https:\/\/toysankenkatehdas.fi\/fi\/wp-json\/wp\/v2\/product_brand?post=4492"},{"taxonomy":"product_cat","embeddable":true,"href":"https:\/\/toysankenkatehdas.fi\/fi\/wp-json\/wp\/v2\/product_cat?post=4492"},{"taxonomy":"product_tag","embeddable":true,"href":"https:\/\/toysankenkatehdas.fi\/fi\/wp-json\/wp\/v2\/product_tag?post=4492"}],"curies":[{"name":"wp","href":"https:\/\/api.w.org\/{rel}","templated":true}]}}