{"id":4500,"date":"2021-11-02T12:35:15","date_gmt":"2021-11-02T12:35:15","guid":{"rendered":"https:\/\/toysankenkatehdas.fi\/?post_type=product&#038;p=4500"},"modified":"2024-12-13T07:11:35","modified_gmt":"2024-12-13T07:11:35","slug":"rieker-nilkkurit-30","status":"publish","type":"product","link":"https:\/\/toysankenkatehdas.fi\/fi\/product\/rieker-nilkkurit-30\/","title":{"rendered":"Rieker nilkkurit 37021-24"},"content":{"rendered":"<p>-Aito nahka<\/p>\n<p>-Aito pehme\u00e4 villavuori<\/p>\n<p>-RiekerTex- kalvo<\/p>\n<p>-Kaksi vetoketjua<\/p>\n<p>-Pit\u00e4v\u00e4 pohja<\/p>\n<p>-Tilava lesti<\/p>\n","protected":false},"excerpt":{"rendered":"<p>Nahkaiset miesten nilkkurit villavuorella<\/p>\n","protected":false},"featured_media":4263,"template":"","meta":{"_et_pb_use_builder":"off","_et_pb_old_content":"'-Aito nahka -Aito pehme\u00e4 villavuori -RiekerTex-kalvo -Kaksi vetoketjua -Pit\u00e4v\u00e4 pohja","_et_gb_content_width":""},"product_brand":[],"product_cat":[22],"product_tag":[],"class_list":{"0":"post-4500","1":"product","2":"type-product","3":"status-publish","4":"has-post-thumbnail","6":"product_cat-rieker","8":"first","9":"instock","10":"taxable","11":"shipping-taxable","12":"purchasable","13":"product-type-variable"},"_links":{"self":[{"href":"https:\/\/toysankenkatehdas.fi\/fi\/wp-json\/wp\/v2\/product\/4500","targetHints":{"allow":["GET"]}}],"collection":[{"href":"https:\/\/toysankenkatehdas.fi\/fi\/wp-json\/wp\/v2\/product"}],"about":[{"href":"https:\/\/toysankenkatehdas.fi\/fi\/wp-json\/wp\/v2\/types\/product"}],"wp:featuredmedia":[{"embeddable":true,"href":"https:\/\/toysankenkatehdas.fi\/fi\/wp-json\/wp\/v2\/media\/4263"}],"wp:attachment":[{"href":"https:\/\/toysankenkatehdas.fi\/fi\/wp-json\/wp\/v2\/media?parent=4500"}],"wp:term":[{"taxonomy":"product_brand","embeddable":true,"href":"https:\/\/toysankenkatehdas.fi\/fi\/wp-json\/wp\/v2\/product_brand?post=4500"},{"taxonomy":"product_cat","embeddable":true,"href":"https:\/\/toysankenkatehdas.fi\/fi\/wp-json\/wp\/v2\/product_cat?post=4500"},{"taxonomy":"product_tag","embeddable":true,"href":"https:\/\/toysankenkatehdas.fi\/fi\/wp-json\/wp\/v2\/product_tag?post=4500"}],"curies":[{"name":"wp","href":"https:\/\/api.w.org\/{rel}","templated":true}]}}