{"id":5708,"date":"2022-05-06T12:57:23","date_gmt":"2022-05-06T12:57:23","guid":{"rendered":"https:\/\/toysankenkatehdas.fi\/?post_type=product&#038;p=5708"},"modified":"2022-05-06T12:57:23","modified_gmt":"2022-05-06T12:57:23","slug":"rieker-r-evolution-kesakengat-42102-40","status":"publish","type":"product","link":"https:\/\/toysankenkatehdas.fi\/fi\/product\/rieker-r-evolution-kesakengat-42102-40\/","title":{"rendered":"Rieker R-Evolution kes\u00e4keng\u00e4t 42102-40"},"content":{"rendered":"<p>-Leve\u00e4 joustonauha<\/p>\n<p>-Pehme\u00e4<\/p>\n<p>-Soft-pohja<\/p>\n","protected":false},"excerpt":{"rendered":"<p>Naisten kes\u00e4keng\u00e4t<\/p>\n","protected":false},"featured_media":5709,"template":"","meta":{"_et_pb_use_builder":"","_et_pb_old_content":"","_et_gb_content_width":""},"product_brand":[],"product_cat":[22],"product_tag":[],"class_list":{"0":"post-5708","1":"product","2":"type-product","3":"status-publish","4":"has-post-thumbnail","6":"product_cat-rieker","8":"first","9":"instock","10":"taxable","11":"shipping-taxable","12":"purchasable","13":"product-type-variable"},"_links":{"self":[{"href":"https:\/\/toysankenkatehdas.fi\/fi\/wp-json\/wp\/v2\/product\/5708","targetHints":{"allow":["GET"]}}],"collection":[{"href":"https:\/\/toysankenkatehdas.fi\/fi\/wp-json\/wp\/v2\/product"}],"about":[{"href":"https:\/\/toysankenkatehdas.fi\/fi\/wp-json\/wp\/v2\/types\/product"}],"wp:featuredmedia":[{"embeddable":true,"href":"https:\/\/toysankenkatehdas.fi\/fi\/wp-json\/wp\/v2\/media\/5709"}],"wp:attachment":[{"href":"https:\/\/toysankenkatehdas.fi\/fi\/wp-json\/wp\/v2\/media?parent=5708"}],"wp:term":[{"taxonomy":"product_brand","embeddable":true,"href":"https:\/\/toysankenkatehdas.fi\/fi\/wp-json\/wp\/v2\/product_brand?post=5708"},{"taxonomy":"product_cat","embeddable":true,"href":"https:\/\/toysankenkatehdas.fi\/fi\/wp-json\/wp\/v2\/product_cat?post=5708"},{"taxonomy":"product_tag","embeddable":true,"href":"https:\/\/toysankenkatehdas.fi\/fi\/wp-json\/wp\/v2\/product_tag?post=5708"}],"curies":[{"name":"wp","href":"https:\/\/api.w.org\/{rel}","templated":true}]}}