{"id":6135,"date":"2022-08-17T11:53:59","date_gmt":"2022-08-17T11:53:59","guid":{"rendered":"https:\/\/toysankenkatehdas.fi\/?post_type=product&#038;p=6135"},"modified":"2024-01-19T14:00:39","modified_gmt":"2024-01-19T14:00:39","slug":"lahtiset-huopikkaat-2","status":"publish","type":"product","link":"https:\/\/toysankenkatehdas.fi\/fi\/product\/lahtiset-huopikkaat-2\/","title":{"rendered":"Lahtiset huopikkaat"},"content":{"rendered":"<p>Perinteiset pitk\u00e4vartiset huopikkaat. Valmistettu Suomessa puhtaasta lampaanvillasta. Pit\u00e4v\u00e4 kumipohja.<\/p>\n","protected":false},"excerpt":{"rendered":"<p>Mustat huopikkaat<\/p>\n","protected":false},"featured_media":6087,"template":"","meta":{"_et_pb_use_builder":"","_et_pb_old_content":"","_et_gb_content_width":""},"product_brand":[],"product_cat":[58],"product_tag":[],"class_list":{"0":"post-6135","1":"product","2":"type-product","3":"status-publish","4":"has-post-thumbnail","6":"product_cat-lahtiset","8":"first","9":"instock","10":"taxable","11":"shipping-taxable","12":"purchasable","13":"product-type-variable"},"_links":{"self":[{"href":"https:\/\/toysankenkatehdas.fi\/fi\/wp-json\/wp\/v2\/product\/6135","targetHints":{"allow":["GET"]}}],"collection":[{"href":"https:\/\/toysankenkatehdas.fi\/fi\/wp-json\/wp\/v2\/product"}],"about":[{"href":"https:\/\/toysankenkatehdas.fi\/fi\/wp-json\/wp\/v2\/types\/product"}],"wp:featuredmedia":[{"embeddable":true,"href":"https:\/\/toysankenkatehdas.fi\/fi\/wp-json\/wp\/v2\/media\/6087"}],"wp:attachment":[{"href":"https:\/\/toysankenkatehdas.fi\/fi\/wp-json\/wp\/v2\/media?parent=6135"}],"wp:term":[{"taxonomy":"product_brand","embeddable":true,"href":"https:\/\/toysankenkatehdas.fi\/fi\/wp-json\/wp\/v2\/product_brand?post=6135"},{"taxonomy":"product_cat","embeddable":true,"href":"https:\/\/toysankenkatehdas.fi\/fi\/wp-json\/wp\/v2\/product_cat?post=6135"},{"taxonomy":"product_tag","embeddable":true,"href":"https:\/\/toysankenkatehdas.fi\/fi\/wp-json\/wp\/v2\/product_tag?post=6135"}],"curies":[{"name":"wp","href":"https:\/\/api.w.org\/{rel}","templated":true}]}}